{"id":27080,"date":"2024-09-04T13:49:05","date_gmt":"2024-09-04T13:49:05","guid":{"rendered":"https:\/\/frattinyachting.it\/ueber-uns\/"},"modified":"2024-12-13T15:31:56","modified_gmt":"2024-12-13T15:31:56","slug":"ueber-uns","status":"publish","type":"page","link":"https:\/\/frattinyachting.it\/de\/ueber-uns\/","title":{"rendered":"\u00dcber uns"},"content":{"rendered":"\t\t<div data-elementor-type=\"wp-page\" data-elementor-id=\"27080\" class=\"elementor elementor-27080 elementor-23577\" data-elementor-post-type=\"page\">\n\t\t\t\t<div class=\"elementor-element elementor-element-bf48ea2 e-con-full elementor-hidden-mobile e-flex e-con e-parent\" data-id=\"bf48ea2\" data-element_type=\"container\" data-e-type=\"container\" data-settings=\"{&quot;jet_parallax_layout_list&quot;:[],&quot;background_background&quot;:&quot;classic&quot;,&quot;motion_fx_motion_fx_scrolling&quot;:&quot;yes&quot;,&quot;animation&quot;:&quot;none&quot;,&quot;motion_fx_devices&quot;:[&quot;desktop&quot;,&quot;laptop&quot;,&quot;tablet&quot;,&quot;mobile&quot;]}\">\n\t\t\t\t<div class=\"elementor-element elementor-element-23bcb71 elementor-widget elementor-widget-heading\" data-id=\"23bcb71\" data-element_type=\"widget\" data-e-type=\"widget\" data-widget_type=\"heading.default\">\n\t\t\t\t<div class=\"elementor-widget-container\">\n\t\t\t\t\t<h2 class=\"elementor-heading-title elementor-size-default\">wer wir sind<\/h2>\t\t\t\t<\/div>\n\t\t\t\t<\/div>\n\t\t\t\t<\/div>\n\t\t<div class=\"elementor-element elementor-element-0c63a3b e-con-full elementor-hidden-desktop elementor-hidden-laptop elementor-hidden-tablet e-flex e-con e-parent\" data-id=\"0c63a3b\" data-element_type=\"container\" data-e-type=\"container\" data-settings=\"{&quot;jet_parallax_layout_list&quot;:[],&quot;background_background&quot;:&quot;classic&quot;,&quot;motion_fx_motion_fx_scrolling&quot;:&quot;yes&quot;,&quot;animation&quot;:&quot;none&quot;,&quot;motion_fx_devices&quot;:[&quot;desktop&quot;,&quot;laptop&quot;,&quot;tablet&quot;,&quot;mobile&quot;]}\">\n\t\t\t\t<div class=\"elementor-element elementor-element-133aab0 elementor-widget elementor-widget-heading\" data-id=\"133aab0\" data-element_type=\"widget\" data-e-type=\"widget\" data-widget_type=\"heading.default\">\n\t\t\t\t<div class=\"elementor-widget-container\">\n\t\t\t\t\t<h2 class=\"elementor-heading-title elementor-size-default\">wer wir sind<\/h2>\t\t\t\t<\/div>\n\t\t\t\t<\/div>\n\t\t\t\t<\/div>\n\t\t<div class=\"elementor-element elementor-element-bdef041 animated-slow e-flex e-con-boxed elementor-invisible e-con e-parent\" data-id=\"bdef041\" data-element_type=\"container\" data-e-type=\"container\" data-settings=\"{&quot;jet_parallax_layout_list&quot;:[],&quot;animation&quot;:&quot;fadeInUp&quot;,&quot;animation_delay&quot;:500}\">\n\t\t\t\t\t<div class=\"e-con-inner\">\n\t\t<div class=\"elementor-element elementor-element-1e8cd9c e-con-full e-flex e-con e-child\" data-id=\"1e8cd9c\" data-element_type=\"container\" data-e-type=\"container\" data-settings=\"{&quot;jet_parallax_layout_list&quot;:[]}\">\n\t\t\t\t<div class=\"elementor-element elementor-element-e616009 elementor-widget elementor-widget-heading\" data-id=\"e616009\" data-element_type=\"widget\" data-e-type=\"widget\" data-widget_type=\"heading.default\">\n\t\t\t\t<div class=\"elementor-widget-container\">\n\t\t\t\t\t<h2 class=\"elementor-heading-title elementor-size-default\">Unsere Philosophie<\/h2>\t\t\t\t<\/div>\n\t\t\t\t<\/div>\n\t\t\t\t<div class=\"elementor-element elementor-element-e61791e elementor-widget elementor-widget-text-editor\" data-id=\"e61791e\" data-element_type=\"widget\" data-e-type=\"widget\" data-widget_type=\"text-editor.default\">\n\t\t\t\t<div class=\"elementor-widget-container\">\n\t\t\t\t\t\t\t\t\t<p>Seit unseren Anf\u00e4ngen haben wir immer daran geglaubt, dass das Geheimnis des Erfolgs in der Leidenschaft und dem Enthusiasmus liegt, die wir in alles stecken, was wir tun. Was uns im Automobilsektor geleitet hat, leitet uns jetzt in der Welt der Boote.<\/p>\n\t\t\t\t\t\t\t\t<\/div>\n\t\t\t\t<\/div>\n\t\t\t\t<\/div>\n\t\t<div class=\"elementor-element elementor-element-43d95dc e-con-full e-flex e-con e-child\" data-id=\"43d95dc\" data-element_type=\"container\" data-e-type=\"container\" data-settings=\"{&quot;jet_parallax_layout_list&quot;:[]}\">\n\t\t\t\t<div class=\"elementor-element elementor-element-fcdf86f elementor-widget elementor-widget-image\" data-id=\"fcdf86f\" data-element_type=\"widget\" data-e-type=\"widget\" data-widget_type=\"image.default\">\n\t\t\t\t<div class=\"elementor-widget-container\">\n\t\t\t\t\t\t\t\t\t\t\t\t\t\t\t<img fetchpriority=\"high\" decoding=\"async\" width=\"800\" height=\"534\" src=\"https:\/\/frattinyachting.it\/wp-content\/uploads\/2024\/05\/evo-r6-esterni-12-1024x683.png\" class=\"attachment-large size-large wp-image-20350\" alt=\"evo-r6-esterni-12\" srcset=\"https:\/\/frattinyachting.it\/wp-content\/uploads\/2024\/05\/evo-r6-esterni-12-1024x683.png 1024w, https:\/\/frattinyachting.it\/wp-content\/uploads\/2024\/05\/evo-r6-esterni-12-300x200.png 300w, https:\/\/frattinyachting.it\/wp-content\/uploads\/2024\/05\/evo-r6-esterni-12-768x512.png 768w, https:\/\/frattinyachting.it\/wp-content\/uploads\/2024\/05\/evo-r6-esterni-12-1536x1024.png 1536w, https:\/\/frattinyachting.it\/wp-content\/uploads\/2024\/05\/evo-r6-esterni-12.png 1920w\" sizes=\"(max-width: 800px) 100vw, 800px\" \/>\t\t\t\t\t\t\t\t\t\t\t\t\t\t\t<\/div>\n\t\t\t\t<\/div>\n\t\t\t\t<\/div>\n\t\t\t\t\t<\/div>\n\t\t\t\t<\/div>\n\t\t<div class=\"elementor-element elementor-element-ccd4f7a e-con-full e-flex elementor-invisible e-con e-parent\" data-id=\"ccd4f7a\" data-element_type=\"container\" data-e-type=\"container\" data-settings=\"{&quot;background_background&quot;:&quot;video&quot;,&quot;jet_parallax_layout_list&quot;:[],&quot;animation&quot;:&quot;fadeIn&quot;,&quot;background_video_link&quot;:&quot;https:\\\/\\\/youtu.be\\\/SrHQKcbrJkI&quot;,&quot;background_video_start&quot;:17,&quot;background_video_end&quot;:58,&quot;background_play_on_mobile&quot;:&quot;yes&quot;}\">\n\t\t<div class=\"elementor-background-video-container\">\n\t\t\t\t\t\t\t<div class=\"elementor-background-video-embed\" role=\"presentation\"><\/div>\n\t\t\t\t\t\t<\/div><div class=\"elementor-element elementor-element-a091dc5 e-con-full e-flex e-con e-child\" data-id=\"a091dc5\" data-element_type=\"container\" data-e-type=\"container\" data-settings=\"{&quot;jet_parallax_layout_list&quot;:[]}\">\n\t\t\t\t<div class=\"elementor-element elementor-element-22c7089 elementor-widget elementor-widget-spacer\" data-id=\"22c7089\" data-element_type=\"widget\" data-e-type=\"widget\" data-widget_type=\"spacer.default\">\n\t\t\t\t<div class=\"elementor-widget-container\">\n\t\t\t\t\t\t\t<div class=\"elementor-spacer\">\n\t\t\t<div class=\"elementor-spacer-inner\"><\/div>\n\t\t<\/div>\n\t\t\t\t\t\t<\/div>\n\t\t\t\t<\/div>\n\t\t\t\t<div class=\"elementor-element elementor-element-5a2c309 elementor-widget__width-initial animated-slow elementor-invisible elementor-widget elementor-widget-text-editor\" data-id=\"5a2c309\" data-element_type=\"widget\" data-e-type=\"widget\" data-settings=\"{&quot;_animation&quot;:&quot;fadeIn&quot;,&quot;_animation_delay&quot;:1000}\" data-widget_type=\"text-editor.default\">\n\t\t\t\t<div class=\"elementor-widget-container\">\n\t\t\t\t\t\t\t\t\t<p style=\"text-align: center;\">\u201eWir haben im Laufe der Jahre Herausforderungen gemeistert, Innovationen angenommen und starke Beziehungen aufgebaut, und jetzt ist es an der Zeit, all das in die Schifffahrtsindustrie zu bringen.\u201c<\/p>\n\t\t\t\t\t\t\t\t<\/div>\n\t\t\t\t<\/div>\n\t\t\t\t<div class=\"elementor-element elementor-element-624ee17 elementor-widget elementor-widget-spacer\" data-id=\"624ee17\" data-element_type=\"widget\" data-e-type=\"widget\" data-widget_type=\"spacer.default\">\n\t\t\t\t<div class=\"elementor-widget-container\">\n\t\t\t\t\t\t\t<div class=\"elementor-spacer\">\n\t\t\t<div class=\"elementor-spacer-inner\"><\/div>\n\t\t<\/div>\n\t\t\t\t\t\t<\/div>\n\t\t\t\t<\/div>\n\t\t\t\t<\/div>\n\t\t\t\t<\/div>\n\t\t<div class=\"elementor-element elementor-element-e4dfc5b animated-slow e-flex e-con-boxed elementor-invisible e-con e-parent\" data-id=\"e4dfc5b\" data-element_type=\"container\" data-e-type=\"container\" data-settings=\"{&quot;jet_parallax_layout_list&quot;:[],&quot;animation&quot;:&quot;fadeIn&quot;,&quot;animation_delay&quot;:500}\">\n\t\t\t\t\t<div class=\"e-con-inner\">\n\t\t<div class=\"elementor-element elementor-element-8c6e163 e-con-full e-flex e-con e-child\" data-id=\"8c6e163\" data-element_type=\"container\" data-e-type=\"container\" data-settings=\"{&quot;jet_parallax_layout_list&quot;:[]}\">\n\t\t\t\t<div class=\"elementor-element elementor-element-6770d8e elementor-widget elementor-widget-image\" data-id=\"6770d8e\" data-element_type=\"widget\" data-e-type=\"widget\" data-widget_type=\"image.default\">\n\t\t\t\t<div class=\"elementor-widget-container\">\n\t\t\t\t\t\t\t\t\t\t\t\t\t\t\t<img decoding=\"async\" width=\"800\" height=\"533\" src=\"https:\/\/frattinyachting.it\/wp-content\/uploads\/2024\/02\/GL-48-Coupe-10-1024x682.webp\" class=\"attachment-large size-large wp-image-14341\" alt=\"GL-48-Coupe - 10\" srcset=\"https:\/\/frattinyachting.it\/wp-content\/uploads\/2024\/02\/GL-48-Coupe-10-1024x682.webp 1024w, https:\/\/frattinyachting.it\/wp-content\/uploads\/2024\/02\/GL-48-Coupe-10-300x200.webp 300w, https:\/\/frattinyachting.it\/wp-content\/uploads\/2024\/02\/GL-48-Coupe-10-768x511.webp 768w, https:\/\/frattinyachting.it\/wp-content\/uploads\/2024\/02\/GL-48-Coupe-10-1536x1022.webp 1536w, https:\/\/frattinyachting.it\/wp-content\/uploads\/2024\/02\/GL-48-Coupe-10-2048x1363.webp 2048w\" sizes=\"(max-width: 800px) 100vw, 800px\" \/>\t\t\t\t\t\t\t\t\t\t\t\t\t\t\t<\/div>\n\t\t\t\t<\/div>\n\t\t\t\t<\/div>\n\t\t<div class=\"elementor-element elementor-element-bab7fce e-con-full e-flex e-con e-child\" data-id=\"bab7fce\" data-element_type=\"container\" data-e-type=\"container\" data-settings=\"{&quot;jet_parallax_layout_list&quot;:[]}\">\n\t\t\t\t<div class=\"elementor-element elementor-element-9f4c8a5 elementor-widget elementor-widget-text-editor\" data-id=\"9f4c8a5\" data-element_type=\"widget\" data-e-type=\"widget\" data-widget_type=\"text-editor.default\">\n\t\t\t\t<div class=\"elementor-widget-container\">\n\t\t\t\t\t\t\t\t\t<p>Da wir wissen, dass Ihre Zufriedenheit unsere gr\u00f6\u00dfte Belohnung ist, sind wir entschlossen, Ihnen unsere volle Unterst\u00fctzung f\u00fcr ein unvergessliches Surferlebnis zu bieten.<\/p>\n<p>Unser Expertenteam unterst\u00fctzt Sie bei der Auswahl unseres breiten Leistungsspektrums, das Verkauf, Charter, Kundendienst und Yachtmanagement umfasst, und sorgt so daf\u00fcr, dass Sie bei Ihrem Erlebnis auf See voll und ganz zufrieden sind<\/p>\n\t\t\t\t\t\t\t\t<\/div>\n\t\t\t\t<\/div>\n\t\t\t\t<\/div>\n\t\t\t\t\t<\/div>\n\t\t\t\t<\/div>\n\t\t<div class=\"elementor-element elementor-element-ad051e8 e-flex e-con-boxed e-con e-parent\" data-id=\"ad051e8\" data-element_type=\"container\" data-e-type=\"container\" data-settings=\"{&quot;background_background&quot;:&quot;classic&quot;,&quot;jet_parallax_layout_list&quot;:[]}\">\n\t\t\t\t\t<div class=\"e-con-inner\">\n\t\t<div class=\"elementor-element elementor-element-18c0911 e-con-full animated-slow e-flex elementor-invisible e-con e-child\" data-id=\"18c0911\" data-element_type=\"container\" data-e-type=\"container\" data-settings=\"{&quot;jet_parallax_layout_list&quot;:[],&quot;animation&quot;:&quot;fadeIn&quot;,&quot;animation_delay&quot;:500}\">\n\t\t\t\t<div class=\"elementor-element elementor-element-2162ba2 elementor-widget elementor-widget-heading\" data-id=\"2162ba2\" data-element_type=\"widget\" data-e-type=\"widget\" data-widget_type=\"heading.default\">\n\t\t\t\t<div class=\"elementor-widget-container\">\n\t\t\t\t\t<h2 class=\"elementor-heading-title elementor-size-default\">UNSERE Baustellen<\/h2>\t\t\t\t<\/div>\n\t\t\t\t<\/div>\n\t\t\t\t<div class=\"elementor-element elementor-element-d6db010 elementor-widget elementor-widget-text-editor\" data-id=\"d6db010\" data-element_type=\"widget\" data-e-type=\"widget\" data-widget_type=\"text-editor.default\">\n\t\t\t\t<div class=\"elementor-widget-container\">\n\t\t\t\t\t\t\t\t\t<p>Seit 2023 ist Frattin Yachting ein Bezugspunkt f\u00fcr Liebhaber des Meeres und des Segelns.<\/p><p>Unsere Geschichte beginnt mit der offiziellen und exklusiven Partnerschaft der Werften Astondoa, Ranieri International und dem Charterservice f\u00fcr die Werft Dufour Catamarans.<\/p><p>Wir sind stolz darauf, eine breite Palette prestigetr\u00e4chtiger Boote anbieten zu k\u00f6nnen, die von einfach zu handhabenden Modellen bis hin zu gro\u00dfen Yachten reicht.<\/p>\t\t\t\t\t\t\t\t<\/div>\n\t\t\t\t<\/div>\n\t\t<div class=\"elementor-element elementor-element-ca33212 e-grid e-con-full e-con e-child\" data-id=\"ca33212\" data-element_type=\"container\" data-e-type=\"container\" data-settings=\"{&quot;jet_parallax_layout_list&quot;:[]}\">\n\t\t<div class=\"elementor-element elementor-element-e953bd8 e-con-full e-flex e-con e-child\" data-id=\"e953bd8\" data-element_type=\"container\" data-e-type=\"container\" data-settings=\"{&quot;jet_parallax_layout_list&quot;:[]}\">\n\t\t\t\t<div class=\"elementor-element elementor-element-4a95491 elementor-widget elementor-widget-image\" data-id=\"4a95491\" data-element_type=\"widget\" data-e-type=\"widget\" data-widget_type=\"image.default\">\n\t\t\t\t<div class=\"elementor-widget-container\">\n\t\t\t\t\t\t\t\t\t\t\t\t\t\t\t<img decoding=\"async\" width=\"800\" height=\"298\" src=\"https:\/\/frattinyachting.it\/wp-content\/uploads\/2023\/04\/Astondoa.png\" class=\"attachment-large size-large wp-image-9578\" alt=\"Astondoa\" srcset=\"https:\/\/frattinyachting.it\/wp-content\/uploads\/2023\/04\/Astondoa.png 1024w, https:\/\/frattinyachting.it\/wp-content\/uploads\/2023\/04\/Astondoa-300x112.png 300w, https:\/\/frattinyachting.it\/wp-content\/uploads\/2023\/04\/Astondoa-768x287.png 768w\" sizes=\"(max-width: 800px) 100vw, 800px\" \/>\t\t\t\t\t\t\t\t\t\t\t\t\t\t\t<\/div>\n\t\t\t\t<\/div>\n\t\t\t\t<\/div>\n\t\t<div class=\"elementor-element elementor-element-0fe2661 e-con-full e-flex e-con e-child\" data-id=\"0fe2661\" data-element_type=\"container\" data-e-type=\"container\" data-settings=\"{&quot;jet_parallax_layout_list&quot;:[]}\">\n\t\t\t\t<div class=\"elementor-element elementor-element-e31c745 elementor-widget elementor-widget-image\" data-id=\"e31c745\" data-element_type=\"widget\" data-e-type=\"widget\" data-widget_type=\"image.default\">\n\t\t\t\t<div class=\"elementor-widget-container\">\n\t\t\t\t\t\t\t\t\t\t\t\t\t\t\t<img loading=\"lazy\" decoding=\"async\" width=\"3165\" height=\"1579\" src=\"https:\/\/frattinyachting.it\/wp-content\/uploads\/2023\/11\/Logo-Ranieri-2019-WHT-BoatsInflatableBoats.png\" class=\"attachment-full size-full wp-image-22920\" alt=\"Logo Ranieri 2019 - WHT - Boats&amp;InflatableBoats\" srcset=\"https:\/\/frattinyachting.it\/wp-content\/uploads\/2023\/11\/Logo-Ranieri-2019-WHT-BoatsInflatableBoats.png 3165w, https:\/\/frattinyachting.it\/wp-content\/uploads\/2023\/11\/Logo-Ranieri-2019-WHT-BoatsInflatableBoats-300x150.png 300w, https:\/\/frattinyachting.it\/wp-content\/uploads\/2023\/11\/Logo-Ranieri-2019-WHT-BoatsInflatableBoats-1024x511.png 1024w, https:\/\/frattinyachting.it\/wp-content\/uploads\/2023\/11\/Logo-Ranieri-2019-WHT-BoatsInflatableBoats-768x383.png 768w, https:\/\/frattinyachting.it\/wp-content\/uploads\/2023\/11\/Logo-Ranieri-2019-WHT-BoatsInflatableBoats-1536x766.png 1536w, https:\/\/frattinyachting.it\/wp-content\/uploads\/2023\/11\/Logo-Ranieri-2019-WHT-BoatsInflatableBoats-2048x1022.png 2048w\" sizes=\"(max-width: 3165px) 100vw, 3165px\" \/>\t\t\t\t\t\t\t\t\t\t\t\t\t\t\t<\/div>\n\t\t\t\t<\/div>\n\t\t\t\t<\/div>\n\t\t<div class=\"elementor-element elementor-element-4002e7b e-con-full e-flex e-con e-child\" data-id=\"4002e7b\" data-element_type=\"container\" data-e-type=\"container\" data-settings=\"{&quot;jet_parallax_layout_list&quot;:[]}\">\n\t\t\t\t<div class=\"elementor-element elementor-element-a278aa9 elementor-widget elementor-widget-image\" data-id=\"a278aa9\" data-element_type=\"widget\" data-e-type=\"widget\" data-widget_type=\"image.default\">\n\t\t\t\t<div class=\"elementor-widget-container\">\n\t\t\t\t\t\t\t\t\t\t\t\t\t\t\t<img loading=\"lazy\" decoding=\"async\" width=\"800\" height=\"407\" src=\"https:\/\/frattinyachting.it\/wp-content\/uploads\/2023\/05\/cropped-LOGO-DUFOUR-CATAMARANS-WHITE-1024x521.png\" class=\"attachment-large size-large wp-image-1265\" alt=\"\" srcset=\"https:\/\/frattinyachting.it\/wp-content\/uploads\/2023\/05\/cropped-LOGO-DUFOUR-CATAMARANS-WHITE-1024x521.png 1024w, https:\/\/frattinyachting.it\/wp-content\/uploads\/2023\/05\/cropped-LOGO-DUFOUR-CATAMARANS-WHITE-300x153.png 300w, https:\/\/frattinyachting.it\/wp-content\/uploads\/2023\/05\/cropped-LOGO-DUFOUR-CATAMARANS-WHITE-768x391.png 768w, https:\/\/frattinyachting.it\/wp-content\/uploads\/2023\/05\/cropped-LOGO-DUFOUR-CATAMARANS-WHITE-1536x782.png 1536w, https:\/\/frattinyachting.it\/wp-content\/uploads\/2023\/05\/cropped-LOGO-DUFOUR-CATAMARANS-WHITE-2048x1042.png 2048w\" sizes=\"(max-width: 800px) 100vw, 800px\" \/>\t\t\t\t\t\t\t\t\t\t\t\t\t\t\t<\/div>\n\t\t\t\t<\/div>\n\t\t\t\t<\/div>\n\t\t\t\t<\/div>\n\t\t\t\t<\/div>\n\t\t\t\t\t<\/div>\n\t\t\t\t<\/div>\n\t\t\t\t<\/div>\n\t\t","protected":false},"excerpt":{"rendered":"<p>wer wir sind wer wir sind Unsere Philosophie Seit unseren Anf\u00e4ngen haben wir immer daran geglaubt, dass das Geheimnis des Erfolgs in der Leidenschaft und dem Enthusiasmus liegt, die wir in alles stecken, was wir tun. Was uns im Automobilsektor geleitet hat, leitet uns jetzt in der Welt der Boote. \u201eWir haben im Laufe der [&hellip;]<\/p>\n","protected":false},"author":1,"featured_media":0,"parent":0,"menu_order":0,"comment_status":"closed","ping_status":"closed","template":"","meta":{"footnotes":""},"class_list":["post-27080","page","type-page","status-publish","hentry"],"yoast_head":"<!-- This site is optimized with the Yoast SEO plugin v27.3 - https:\/\/yoast.com\/product\/yoast-seo-wordpress\/ -->\n<title>\u00dcber uns - Frattin Yachting<\/title>\n<meta name=\"robots\" content=\"index, follow, max-snippet:-1, max-image-preview:large, max-video-preview:-1\" \/>\n<link rel=\"canonical\" href=\"https:\/\/frattinyachting.it\/de\/ueber-uns\/\" \/>\n<meta property=\"og:locale\" content=\"de_DE\" \/>\n<meta property=\"og:type\" content=\"article\" \/>\n<meta property=\"og:title\" content=\"\u00dcber uns - Frattin Yachting\" \/>\n<meta property=\"og:description\" content=\"wer wir sind wer wir sind Unsere Philosophie Seit unseren Anf\u00e4ngen haben wir immer daran geglaubt, dass das Geheimnis des Erfolgs in der Leidenschaft und dem Enthusiasmus liegt, die wir in alles stecken, was wir tun. Was uns im Automobilsektor geleitet hat, leitet uns jetzt in der Welt der Boote. \u201eWir haben im Laufe der [&hellip;]\" \/>\n<meta property=\"og:url\" content=\"https:\/\/frattinyachting.it\/de\/ueber-uns\/\" \/>\n<meta property=\"og:site_name\" content=\"Frattin Yachting\" \/>\n<meta property=\"article:publisher\" content=\"https:\/\/www.facebook.com\/frattin.yachting\" \/>\n<meta property=\"article:modified_time\" content=\"2024-12-13T15:31:56+00:00\" \/>\n<meta property=\"og:image\" content=\"https:\/\/frattinyachting.it\/wp-content\/uploads\/2024\/05\/evo-r6-esterni-12-1024x683.png\" \/>\n\t<meta property=\"og:image:width\" content=\"1024\" \/>\n\t<meta property=\"og:image:height\" content=\"683\" \/>\n\t<meta property=\"og:image:type\" content=\"image\/png\" \/>\n<meta name=\"twitter:card\" content=\"summary_large_image\" \/>\n<meta name=\"twitter:label1\" content=\"Gesch\u00e4tzte Lesezeit\" \/>\n\t<meta name=\"twitter:data1\" content=\"3\u00a0Minuten\" \/>\n<script type=\"application\/ld+json\" class=\"yoast-schema-graph\">{\"@context\":\"https:\\\/\\\/schema.org\",\"@graph\":[{\"@type\":\"WebPage\",\"@id\":\"https:\\\/\\\/frattinyachting.it\\\/de\\\/ueber-uns\\\/\",\"url\":\"https:\\\/\\\/frattinyachting.it\\\/de\\\/ueber-uns\\\/\",\"name\":\"\u00dcber uns - Frattin Yachting\",\"isPartOf\":{\"@id\":\"https:\\\/\\\/frattinyachting.it\\\/de\\\/#website\"},\"primaryImageOfPage\":{\"@id\":\"https:\\\/\\\/frattinyachting.it\\\/de\\\/ueber-uns\\\/#primaryimage\"},\"image\":{\"@id\":\"https:\\\/\\\/frattinyachting.it\\\/de\\\/ueber-uns\\\/#primaryimage\"},\"thumbnailUrl\":\"https:\\\/\\\/frattinyachting.it\\\/wp-content\\\/uploads\\\/2024\\\/05\\\/evo-r6-esterni-12-1024x683.png\",\"datePublished\":\"2024-09-04T13:49:05+00:00\",\"dateModified\":\"2024-12-13T15:31:56+00:00\",\"breadcrumb\":{\"@id\":\"https:\\\/\\\/frattinyachting.it\\\/de\\\/ueber-uns\\\/#breadcrumb\"},\"inLanguage\":\"de\",\"potentialAction\":[{\"@type\":\"ReadAction\",\"target\":[\"https:\\\/\\\/frattinyachting.it\\\/de\\\/ueber-uns\\\/\"]}]},{\"@type\":\"ImageObject\",\"inLanguage\":\"de\",\"@id\":\"https:\\\/\\\/frattinyachting.it\\\/de\\\/ueber-uns\\\/#primaryimage\",\"url\":\"https:\\\/\\\/frattinyachting.it\\\/wp-content\\\/uploads\\\/2024\\\/05\\\/evo-r6-esterni-12-1024x683.png\",\"contentUrl\":\"https:\\\/\\\/frattinyachting.it\\\/wp-content\\\/uploads\\\/2024\\\/05\\\/evo-r6-esterni-12-1024x683.png\"},{\"@type\":\"BreadcrumbList\",\"@id\":\"https:\\\/\\\/frattinyachting.it\\\/de\\\/ueber-uns\\\/#breadcrumb\",\"itemListElement\":[{\"@type\":\"ListItem\",\"position\":1,\"name\":\"Home\",\"item\":\"https:\\\/\\\/frattinyachting.it\\\/de\\\/\"},{\"@type\":\"ListItem\",\"position\":2,\"name\":\"\u00dcber uns\"}]},{\"@type\":\"WebSite\",\"@id\":\"https:\\\/\\\/frattinyachting.it\\\/de\\\/#website\",\"url\":\"https:\\\/\\\/frattinyachting.it\\\/de\\\/\",\"name\":\"Frattin Yachting\",\"description\":\"Dove i sogni prendono il largo\",\"potentialAction\":[{\"@type\":\"SearchAction\",\"target\":{\"@type\":\"EntryPoint\",\"urlTemplate\":\"https:\\\/\\\/frattinyachting.it\\\/de\\\/?s={search_term_string}\"},\"query-input\":{\"@type\":\"PropertyValueSpecification\",\"valueRequired\":true,\"valueName\":\"search_term_string\"}}],\"inLanguage\":\"de\"}]}<\/script>\n<!-- \/ Yoast SEO plugin. -->","yoast_head_json":{"title":"\u00dcber uns - Frattin Yachting","robots":{"index":"index","follow":"follow","max-snippet":"max-snippet:-1","max-image-preview":"max-image-preview:large","max-video-preview":"max-video-preview:-1"},"canonical":"https:\/\/frattinyachting.it\/de\/ueber-uns\/","og_locale":"de_DE","og_type":"article","og_title":"\u00dcber uns - Frattin Yachting","og_description":"wer wir sind wer wir sind Unsere Philosophie Seit unseren Anf\u00e4ngen haben wir immer daran geglaubt, dass das Geheimnis des Erfolgs in der Leidenschaft und dem Enthusiasmus liegt, die wir in alles stecken, was wir tun. Was uns im Automobilsektor geleitet hat, leitet uns jetzt in der Welt der Boote. \u201eWir haben im Laufe der [&hellip;]","og_url":"https:\/\/frattinyachting.it\/de\/ueber-uns\/","og_site_name":"Frattin Yachting","article_publisher":"https:\/\/www.facebook.com\/frattin.yachting","article_modified_time":"2024-12-13T15:31:56+00:00","og_image":[{"width":1024,"height":683,"url":"https:\/\/frattinyachting.it\/wp-content\/uploads\/2024\/05\/evo-r6-esterni-12-1024x683.png","type":"image\/png"}],"twitter_card":"summary_large_image","twitter_misc":{"Gesch\u00e4tzte Lesezeit":"3\u00a0Minuten"},"schema":{"@context":"https:\/\/schema.org","@graph":[{"@type":"WebPage","@id":"https:\/\/frattinyachting.it\/de\/ueber-uns\/","url":"https:\/\/frattinyachting.it\/de\/ueber-uns\/","name":"\u00dcber uns - Frattin Yachting","isPartOf":{"@id":"https:\/\/frattinyachting.it\/de\/#website"},"primaryImageOfPage":{"@id":"https:\/\/frattinyachting.it\/de\/ueber-uns\/#primaryimage"},"image":{"@id":"https:\/\/frattinyachting.it\/de\/ueber-uns\/#primaryimage"},"thumbnailUrl":"https:\/\/frattinyachting.it\/wp-content\/uploads\/2024\/05\/evo-r6-esterni-12-1024x683.png","datePublished":"2024-09-04T13:49:05+00:00","dateModified":"2024-12-13T15:31:56+00:00","breadcrumb":{"@id":"https:\/\/frattinyachting.it\/de\/ueber-uns\/#breadcrumb"},"inLanguage":"de","potentialAction":[{"@type":"ReadAction","target":["https:\/\/frattinyachting.it\/de\/ueber-uns\/"]}]},{"@type":"ImageObject","inLanguage":"de","@id":"https:\/\/frattinyachting.it\/de\/ueber-uns\/#primaryimage","url":"https:\/\/frattinyachting.it\/wp-content\/uploads\/2024\/05\/evo-r6-esterni-12-1024x683.png","contentUrl":"https:\/\/frattinyachting.it\/wp-content\/uploads\/2024\/05\/evo-r6-esterni-12-1024x683.png"},{"@type":"BreadcrumbList","@id":"https:\/\/frattinyachting.it\/de\/ueber-uns\/#breadcrumb","itemListElement":[{"@type":"ListItem","position":1,"name":"Home","item":"https:\/\/frattinyachting.it\/de\/"},{"@type":"ListItem","position":2,"name":"\u00dcber uns"}]},{"@type":"WebSite","@id":"https:\/\/frattinyachting.it\/de\/#website","url":"https:\/\/frattinyachting.it\/de\/","name":"Frattin Yachting","description":"Dove i sogni prendono il largo","potentialAction":[{"@type":"SearchAction","target":{"@type":"EntryPoint","urlTemplate":"https:\/\/frattinyachting.it\/de\/?s={search_term_string}"},"query-input":{"@type":"PropertyValueSpecification","valueRequired":true,"valueName":"search_term_string"}}],"inLanguage":"de"}]}},"_links":{"self":[{"href":"https:\/\/frattinyachting.it\/de\/wp-json\/wp\/v2\/pages\/27080","targetHints":{"allow":["GET"]}}],"collection":[{"href":"https:\/\/frattinyachting.it\/de\/wp-json\/wp\/v2\/pages"}],"about":[{"href":"https:\/\/frattinyachting.it\/de\/wp-json\/wp\/v2\/types\/page"}],"author":[{"embeddable":true,"href":"https:\/\/frattinyachting.it\/de\/wp-json\/wp\/v2\/users\/1"}],"replies":[{"embeddable":true,"href":"https:\/\/frattinyachting.it\/de\/wp-json\/wp\/v2\/comments?post=27080"}],"version-history":[{"count":4,"href":"https:\/\/frattinyachting.it\/de\/wp-json\/wp\/v2\/pages\/27080\/revisions"}],"predecessor-version":[{"id":27609,"href":"https:\/\/frattinyachting.it\/de\/wp-json\/wp\/v2\/pages\/27080\/revisions\/27609"}],"wp:attachment":[{"href":"https:\/\/frattinyachting.it\/de\/wp-json\/wp\/v2\/media?parent=27080"}],"curies":[{"name":"wp","href":"https:\/\/api.w.org\/{rel}","templated":true}]}}