{"id":27225,"date":"2024-10-01T10:19:04","date_gmt":"2024-10-01T10:19:04","guid":{"rendered":"https:\/\/frattinyachting.it\/cookies-policy\/"},"modified":"2024-11-07T13:14:33","modified_gmt":"2024-11-07T13:14:33","slug":"cookies-policy","status":"publish","type":"page","link":"https:\/\/frattinyachting.it\/de\/cookies-policy\/","title":{"rendered":"Cookies Policy"},"content":{"rendered":"\t\t<div data-elementor-type=\"wp-page\" data-elementor-id=\"27225\" class=\"elementor elementor-27225 elementor-26023\" data-elementor-post-type=\"page\">\n\t\t\t\t\t\t<section class=\"elementor-section elementor-top-section elementor-element elementor-element-6eef871 elementor-section-height-min-height elementor-section-boxed elementor-section-height-default elementor-section-items-middle\" data-id=\"6eef871\" data-element_type=\"section\" data-e-type=\"section\" data-settings=\"{&quot;background_background&quot;:&quot;classic&quot;,&quot;jet_parallax_layout_list&quot;:[]}\">\n\t\t\t\t\t\t\t<div class=\"elementor-background-overlay\"><\/div>\n\t\t\t\t\t\t\t<div class=\"elementor-container elementor-column-gap-default\">\n\t\t\t\t\t<div class=\"elementor-column elementor-col-100 elementor-top-column elementor-element elementor-element-8f9f62c\" data-id=\"8f9f62c\" data-element_type=\"column\" data-e-type=\"column\">\n\t\t\t<div class=\"elementor-widget-wrap elementor-element-populated\">\n\t\t\t\t\t\t<div class=\"elementor-element elementor-element-311655a elementor-widget elementor-widget-heading\" data-id=\"311655a\" data-element_type=\"widget\" data-e-type=\"widget\" data-widget_type=\"heading.default\">\n\t\t\t\t<div class=\"elementor-widget-container\">\n\t\t\t\t\t<h2 class=\"elementor-heading-title elementor-size-default\">Cookies Policy<\/h2>\t\t\t\t<\/div>\n\t\t\t\t<\/div>\n\t\t\t\t\t<\/div>\n\t\t<\/div>\n\t\t\t\t\t<\/div>\n\t\t<\/section>\n\t\t<div class=\"elementor-element elementor-element-b0dcc0c e-flex e-con-boxed e-con e-parent\" data-id=\"b0dcc0c\" data-element_type=\"container\" data-e-type=\"container\" data-settings=\"{&quot;jet_parallax_layout_list&quot;:[]}\">\n\t\t\t\t\t<div class=\"e-con-inner\">\n\t\t\t\t<div class=\"elementor-element elementor-element-7c35a29 elementor-widget elementor-widget-text-editor\" data-id=\"7c35a29\" data-element_type=\"widget\" data-e-type=\"widget\" data-widget_type=\"text-editor.default\">\n\t\t\t\t<div class=\"elementor-widget-container\">\n\t\t\t\t\t\t\t\t\t<div id=\"content\" class=\"site-content\">\n<div class=\"ast-container\">\n<div id=\"primary\" class=\"content-area primary\"><main id=\"main\" class=\"site-main\"><\/p>\n<article id=\"post-1649\" class=\"post-1649 page type-page status-publish ast-article-single\">\n<div class=\"entry-content clear\">\n<h2 class=\"wp-block-heading\">Rechtliche Informationen<\/h2>\n<p>Die auf dieser Website ver\u00f6ffentlichten Texte, Informationen und sonstigen Daten sowie die Links zu anderen Seiten im Internet dienen ausschlie\u00dflich Informationszwecken und haben keinen offiziellen Charakter. Sie \u00fcbernimmt keine Verantwortung f\u00fcr Fehler oder Auslassungen jeglicher Art und f\u00fcr direkte, indirekte oder zuf\u00e4llige Sch\u00e4den jeglicher Art, die sich aus dem Lesen oder der Nutzung der ver\u00f6ffentlichten Informationen oder jeglicher Form von Inhalten auf der Website oder aus dem Zugriff oder der Nutzung dieser ergeben auf anderen Websites enthaltenes Material. <\/p>\n<\/div>\n<\/article>\n<p><\/main><\/div>\n<\/div>\n<\/div>\n<footer id=\"colophon\" class=\"site-footer\">\n<div class=\"site-below-footer-wrap ast-builder-grid-row-container site-footer-focus-item ast-builder-grid-row-2-lheavy ast-builder-grid-row-tablet-2-equal ast-builder-grid-row-mobile-full ast-footer-row-stack ast-footer-row-tablet-stack ast-footer-row-mobile-stack\" data-section=\"section-below-footer-builder\">\n<div class=\"ast-builder-grid-row-container-inner\">\n<div class=\"ast-builder-footer-grid-columns site-below-footer-inner-wrap ast-builder-grid-row\">\n<div class=\"site-footer-below-section-1 site-footer-section site-footer-section-1\">\n<div class=\"ast-builder-layout-element ast-flex site-footer-focus-item ast-footer-copyright\" data-section=\"section-footer-builder\">\n<div class=\"ast-footer-copyright\"> <\/div>\n<\/div>\n<\/div>\n<\/div>\n<\/div>\n<\/div>\n<\/footer>\n\t\t\t\t\t\t\t\t<\/div>\n\t\t\t\t<\/div>\n\t\t\t\t\t<\/div>\n\t\t\t\t<\/div>\n\t\t\t\t<\/div>\n\t\t","protected":false},"excerpt":{"rendered":"<p>Cookies Policy Rechtliche Informationen Die auf dieser Website ver\u00f6ffentlichten Texte, Informationen und sonstigen Daten sowie die Links zu anderen Seiten im Internet dienen ausschlie\u00dflich Informationszwecken und haben keinen offiziellen Charakter. Sie \u00fcbernimmt keine Verantwortung f\u00fcr Fehler oder Auslassungen jeglicher Art und f\u00fcr direkte, indirekte oder zuf\u00e4llige Sch\u00e4den jeglicher Art, die sich aus dem Lesen oder [&hellip;]<\/p>\n","protected":false},"author":1,"featured_media":0,"parent":0,"menu_order":0,"comment_status":"closed","ping_status":"closed","template":"","meta":{"footnotes":""},"class_list":["post-27225","page","type-page","status-publish","hentry"],"yoast_head":"<!-- This site is optimized with the Yoast SEO plugin v27.3 - https:\/\/yoast.com\/product\/yoast-seo-wordpress\/ -->\n<title>Cookies Policy - Frattin Yachting<\/title>\n<meta name=\"robots\" content=\"index, follow, max-snippet:-1, max-image-preview:large, max-video-preview:-1\" \/>\n<link rel=\"canonical\" href=\"https:\/\/frattinyachting.it\/de\/cookies-policy\/\" \/>\n<meta property=\"og:locale\" content=\"de_DE\" \/>\n<meta property=\"og:type\" content=\"article\" \/>\n<meta property=\"og:title\" content=\"Cookies Policy - Frattin Yachting\" \/>\n<meta property=\"og:description\" content=\"Cookies Policy Rechtliche Informationen Die auf dieser Website ver\u00f6ffentlichten Texte, Informationen und sonstigen Daten sowie die Links zu anderen Seiten im Internet dienen ausschlie\u00dflich Informationszwecken und haben keinen offiziellen Charakter. Sie \u00fcbernimmt keine Verantwortung f\u00fcr Fehler oder Auslassungen jeglicher Art und f\u00fcr direkte, indirekte oder zuf\u00e4llige Sch\u00e4den jeglicher Art, die sich aus dem Lesen oder [&hellip;]\" \/>\n<meta property=\"og:url\" content=\"https:\/\/frattinyachting.it\/de\/cookies-policy\/\" \/>\n<meta property=\"og:site_name\" content=\"Frattin Yachting\" \/>\n<meta property=\"article:publisher\" content=\"https:\/\/www.facebook.com\/frattin.yachting\" \/>\n<meta property=\"article:modified_time\" content=\"2024-11-07T13:14:33+00:00\" \/>\n<meta name=\"twitter:card\" content=\"summary_large_image\" \/>\n<script type=\"application\/ld+json\" class=\"yoast-schema-graph\">{\"@context\":\"https:\\\/\\\/schema.org\",\"@graph\":[{\"@type\":\"WebPage\",\"@id\":\"https:\\\/\\\/frattinyachting.it\\\/de\\\/cookies-policy\\\/\",\"url\":\"https:\\\/\\\/frattinyachting.it\\\/de\\\/cookies-policy\\\/\",\"name\":\"Cookies Policy - Frattin Yachting\",\"isPartOf\":{\"@id\":\"https:\\\/\\\/frattinyachting.it\\\/de\\\/#website\"},\"datePublished\":\"2024-10-01T10:19:04+00:00\",\"dateModified\":\"2024-11-07T13:14:33+00:00\",\"breadcrumb\":{\"@id\":\"https:\\\/\\\/frattinyachting.it\\\/de\\\/cookies-policy\\\/#breadcrumb\"},\"inLanguage\":\"de\",\"potentialAction\":[{\"@type\":\"ReadAction\",\"target\":[\"https:\\\/\\\/frattinyachting.it\\\/de\\\/cookies-policy\\\/\"]}]},{\"@type\":\"BreadcrumbList\",\"@id\":\"https:\\\/\\\/frattinyachting.it\\\/de\\\/cookies-policy\\\/#breadcrumb\",\"itemListElement\":[{\"@type\":\"ListItem\",\"position\":1,\"name\":\"Home\",\"item\":\"https:\\\/\\\/frattinyachting.it\\\/de\\\/\"},{\"@type\":\"ListItem\",\"position\":2,\"name\":\"Cookies Policy\"}]},{\"@type\":\"WebSite\",\"@id\":\"https:\\\/\\\/frattinyachting.it\\\/de\\\/#website\",\"url\":\"https:\\\/\\\/frattinyachting.it\\\/de\\\/\",\"name\":\"Frattin Yachting\",\"description\":\"Dove i sogni prendono il largo\",\"potentialAction\":[{\"@type\":\"SearchAction\",\"target\":{\"@type\":\"EntryPoint\",\"urlTemplate\":\"https:\\\/\\\/frattinyachting.it\\\/de\\\/?s={search_term_string}\"},\"query-input\":{\"@type\":\"PropertyValueSpecification\",\"valueRequired\":true,\"valueName\":\"search_term_string\"}}],\"inLanguage\":\"de\"}]}<\/script>\n<!-- \/ Yoast SEO plugin. -->","yoast_head_json":{"title":"Cookies Policy - Frattin Yachting","robots":{"index":"index","follow":"follow","max-snippet":"max-snippet:-1","max-image-preview":"max-image-preview:large","max-video-preview":"max-video-preview:-1"},"canonical":"https:\/\/frattinyachting.it\/de\/cookies-policy\/","og_locale":"de_DE","og_type":"article","og_title":"Cookies Policy - Frattin Yachting","og_description":"Cookies Policy Rechtliche Informationen Die auf dieser Website ver\u00f6ffentlichten Texte, Informationen und sonstigen Daten sowie die Links zu anderen Seiten im Internet dienen ausschlie\u00dflich Informationszwecken und haben keinen offiziellen Charakter. Sie \u00fcbernimmt keine Verantwortung f\u00fcr Fehler oder Auslassungen jeglicher Art und f\u00fcr direkte, indirekte oder zuf\u00e4llige Sch\u00e4den jeglicher Art, die sich aus dem Lesen oder [&hellip;]","og_url":"https:\/\/frattinyachting.it\/de\/cookies-policy\/","og_site_name":"Frattin Yachting","article_publisher":"https:\/\/www.facebook.com\/frattin.yachting","article_modified_time":"2024-11-07T13:14:33+00:00","twitter_card":"summary_large_image","schema":{"@context":"https:\/\/schema.org","@graph":[{"@type":"WebPage","@id":"https:\/\/frattinyachting.it\/de\/cookies-policy\/","url":"https:\/\/frattinyachting.it\/de\/cookies-policy\/","name":"Cookies Policy - Frattin Yachting","isPartOf":{"@id":"https:\/\/frattinyachting.it\/de\/#website"},"datePublished":"2024-10-01T10:19:04+00:00","dateModified":"2024-11-07T13:14:33+00:00","breadcrumb":{"@id":"https:\/\/frattinyachting.it\/de\/cookies-policy\/#breadcrumb"},"inLanguage":"de","potentialAction":[{"@type":"ReadAction","target":["https:\/\/frattinyachting.it\/de\/cookies-policy\/"]}]},{"@type":"BreadcrumbList","@id":"https:\/\/frattinyachting.it\/de\/cookies-policy\/#breadcrumb","itemListElement":[{"@type":"ListItem","position":1,"name":"Home","item":"https:\/\/frattinyachting.it\/de\/"},{"@type":"ListItem","position":2,"name":"Cookies Policy"}]},{"@type":"WebSite","@id":"https:\/\/frattinyachting.it\/de\/#website","url":"https:\/\/frattinyachting.it\/de\/","name":"Frattin Yachting","description":"Dove i sogni prendono il largo","potentialAction":[{"@type":"SearchAction","target":{"@type":"EntryPoint","urlTemplate":"https:\/\/frattinyachting.it\/de\/?s={search_term_string}"},"query-input":{"@type":"PropertyValueSpecification","valueRequired":true,"valueName":"search_term_string"}}],"inLanguage":"de"}]}},"_links":{"self":[{"href":"https:\/\/frattinyachting.it\/de\/wp-json\/wp\/v2\/pages\/27225","targetHints":{"allow":["GET"]}}],"collection":[{"href":"https:\/\/frattinyachting.it\/de\/wp-json\/wp\/v2\/pages"}],"about":[{"href":"https:\/\/frattinyachting.it\/de\/wp-json\/wp\/v2\/types\/page"}],"author":[{"embeddable":true,"href":"https:\/\/frattinyachting.it\/de\/wp-json\/wp\/v2\/users\/1"}],"replies":[{"embeddable":true,"href":"https:\/\/frattinyachting.it\/de\/wp-json\/wp\/v2\/comments?post=27225"}],"version-history":[{"count":1,"href":"https:\/\/frattinyachting.it\/de\/wp-json\/wp\/v2\/pages\/27225\/revisions"}],"predecessor-version":[{"id":27226,"href":"https:\/\/frattinyachting.it\/de\/wp-json\/wp\/v2\/pages\/27225\/revisions\/27226"}],"wp:attachment":[{"href":"https:\/\/frattinyachting.it\/de\/wp-json\/wp\/v2\/media?parent=27225"}],"curies":[{"name":"wp","href":"https:\/\/api.w.org\/{rel}","templated":true}]}}