{"id":27449,"date":"2023-04-04T07:11:48","date_gmt":"2023-04-04T07:11:48","guid":{"rendered":"https:\/\/frattinyachting.it\/privacy-policy\/"},"modified":"2024-11-07T16:06:18","modified_gmt":"2024-11-07T16:06:18","slug":"privacy-policy","status":"publish","type":"page","link":"https:\/\/frattinyachting.it\/de\/privacy-policy\/","title":{"rendered":"Privacy Policy"},"content":{"rendered":"\t\t<div data-elementor-type=\"wp-page\" data-elementor-id=\"27449\" class=\"elementor elementor-27449 elementor-3\" data-elementor-post-type=\"page\">\n\t\t\t\t\t\t<section class=\"elementor-section elementor-top-section elementor-element elementor-element-37f0989 elementor-section-height-min-height elementor-section-boxed elementor-section-height-default elementor-section-items-middle\" data-id=\"37f0989\" data-element_type=\"section\" data-e-type=\"section\" data-settings=\"{&quot;background_background&quot;:&quot;classic&quot;,&quot;jet_parallax_layout_list&quot;:[]}\">\n\t\t\t\t\t\t\t<div class=\"elementor-background-overlay\"><\/div>\n\t\t\t\t\t\t\t<div class=\"elementor-container elementor-column-gap-default\">\n\t\t\t\t\t<div class=\"elementor-column elementor-col-100 elementor-top-column elementor-element elementor-element-4cddcbd\" data-id=\"4cddcbd\" data-element_type=\"column\" data-e-type=\"column\">\n\t\t\t<div class=\"elementor-widget-wrap elementor-element-populated\">\n\t\t\t\t\t\t<div class=\"elementor-element elementor-element-42e4710 elementor-widget elementor-widget-heading\" data-id=\"42e4710\" data-element_type=\"widget\" data-e-type=\"widget\" data-widget_type=\"heading.default\">\n\t\t\t\t<div class=\"elementor-widget-container\">\n\t\t\t\t\t<h2 class=\"elementor-heading-title elementor-size-default\">Privacy Policy<\/h2>\t\t\t\t<\/div>\n\t\t\t\t<\/div>\n\t\t\t\t\t<\/div>\n\t\t<\/div>\n\t\t\t\t\t<\/div>\n\t\t<\/section>\n\t\t\t\t<section class=\"elementor-section elementor-top-section elementor-element elementor-element-3a6208e elementor-section-boxed elementor-section-height-default elementor-section-height-default\" data-id=\"3a6208e\" data-element_type=\"section\" data-e-type=\"section\" data-settings=\"{&quot;background_background&quot;:&quot;classic&quot;,&quot;jet_parallax_layout_list&quot;:[]}\">\n\t\t\t\t\t\t<div class=\"elementor-container elementor-column-gap-default\">\n\t\t\t\t\t<div class=\"elementor-column elementor-col-100 elementor-top-column elementor-element elementor-element-96437cc\" data-id=\"96437cc\" data-element_type=\"column\" data-e-type=\"column\">\n\t\t\t<div class=\"elementor-widget-wrap elementor-element-populated\">\n\t\t\t\t\t\t<div class=\"elementor-element elementor-element-fba8122 elementor-widget elementor-widget-spacer\" data-id=\"fba8122\" data-element_type=\"widget\" data-e-type=\"widget\" data-widget_type=\"spacer.default\">\n\t\t\t\t<div class=\"elementor-widget-container\">\n\t\t\t\t\t\t\t<div class=\"elementor-spacer\">\n\t\t\t<div class=\"elementor-spacer-inner\"><\/div>\n\t\t<\/div>\n\t\t\t\t\t\t<\/div>\n\t\t\t\t<\/div>\n\t\t\t\t<div class=\"elementor-element elementor-element-c2bf990 elementor-widget elementor-widget-text-editor\" data-id=\"c2bf990\" data-element_type=\"widget\" data-e-type=\"widget\" data-widget_type=\"text-editor.default\">\n\t\t\t\t<div class=\"elementor-widget-container\">\n\t\t\t\t\t\t\t\t\t<h2 style=\"text-align: left;\">Datenschutzinformationen gem\u00e4\u00df Art. 13 EU-Verordnung vom 27. April 2016 n.   679<\/h2>\n<p style=\"text-align: left;\">Mit diesem Dokument m\u00f6chte <strong>Frattin Auto S.R.L<\/strong> (im Folgenden das Unternehmen), Eigent\u00fcmer der Website <strong>https:\/\/<\/strong><b>frattinyachting.it&nbsp;<\/b>im Folgenden auch \u201eWebsite\u201c genannt, Informationen \u00fcber die Verwaltungsmethoden der Website selbst in Bezug auf die Verarbeitung bereitstellen und zum Schutz der personenbezogenen Daten der Personen (Benutzer), die sie durchsuchen.<\/p>\n<p style=\"text-align: left;\">Dieses Dokument stellt Informationen gem\u00e4\u00df den Bestimmungen der Kunst dar. 13 DSGVO 2016\/679 (Europ\u00e4ische Verordnung Nr. 679 vom 27. April 2016). Dies gilt nur und ausschlie\u00dflich f\u00fcr die Website, deren Eigent\u00fcmer das Unternehmen ist, und nicht f\u00fcr andere Websites, die vom Benutzer \u00fcber Links aufgerufen werden k\u00f6nnen, die \u00fcber die Website aktiviert werden k\u00f6nnen.  <\/p>\n<h2 style=\"text-align: left;\">DATENCONTROLLER<\/h2>\n<p style=\"text-align: left;\">Der Datenverantwortliche ist <strong>Frattin Auto S.R.L.<\/strong> befindet sich in der <strong>Via dell&#8217;Industria, 1, 36022 Cassola (VI)<\/strong> C.F. und Umsatzsteuer-Identifikationsnummer <strong>02881940247<\/strong>. <\/p>\n<h2 style=\"text-align: left;\">ZWECK UND RECHTSGRUNDLAGE DER VERARBEITUNG<\/h2>\n<p style=\"text-align: left;\">Die von Ihnen angegebenen Daten werden \u00fcber die Website f\u00fcr folgende Zwecke erfasst:<\/p>\n<ul style=\"text-align: left;\">\n<li>Bereitstellung von Informationen und Hilfe f\u00fcr den Benutzer<\/li>\n<li>f\u00fcr interne statistische Zwecke des unterzeichnenden Unternehmens<\/li>\n<li>um ein besseres Surferlebnis auf der Website zu gew\u00e4hrleisten<\/li>\n<li>f\u00fcr Marketingaktivit\u00e4ten des Unternehmens (Versand von Werbematerial, Durchf\u00fchrung von Marktforschungen und kommerzielle Kommunikation \u00fcber Newsletter)<\/li>\n<\/ul>\n<p style=\"text-align: left;\">\n<\/p><h2 style=\"text-align: left;\">VOM BENUTZER MITGETEILTE DATEN<\/h2>\n<p style=\"text-align: left;\">Das optionale, ausdr\u00fcckliche und freiwillige Versenden von Nachrichten an die Kontaktadressen des Unternehmens sowie die Zusammenstellung und Weiterleitung der Formulare auf der Website erfordern die Erfassung der f\u00fcr die Beantwortung erforderlichen Kontaktdaten des Absenders sowie aller darin enthaltenen personenbezogenen Daten Kommunikation. Auf den Seiten der Website, die f\u00fcr die Bereitstellung bestimmter Dienste bestimmt sind, werden spezifische Informationen ver\u00f6ffentlicht. <\/p>\n<h2 style=\"text-align: left;\">Einzelheiten zur Verarbeitung personenbezogener Daten<\/h2>\n<p style=\"text-align: left;\">Personenbezogene Daten werden f\u00fcr die oben genannten Zwecke erhoben und verarbeitet, um die folgenden Dienste bereitzustellen: Kontakt Der Benutzer stimmt durch das Ausf\u00fcllen des Kontaktformulars der Verarbeitung seiner personenbezogenen Daten durch die Website zu, um eine Kontaktanfrage an die Agentur zu senden. Erfasste personenbezogene Daten: Name, Nachname, Telefonnummer, E-Mail. Anforderung von Informationen zu Produkten und Dienstleistungen Der Benutzer stimmt durch Ausf\u00fcllen des entsprechenden auf der Website verf\u00fcgbaren Formulars der Verarbeitung seiner personenbezogenen Daten zum Zweck der Anforderung von Informationen in Bezug auf Folgendes zu:  <\/p>\n<ul style=\"text-align: left;\">\n<li>Verf\u00fcgbarkeit eines Bootes<\/li>\n<li>Eigenschaften des Schiffes<\/li>\n<li>Methode zur Finanzierung eines Schiffes<\/li>\n<li>Zitate<\/li>\n<li>Neuigkeiten und Veranstaltungen<\/li>\n<li>Werbeaktionen, die innerhalb der Landungen beworben werden<\/li>\n<li>Hilfebuchung<\/li>\n<\/ul>\n<p style=\"text-align: left;\">Erfasste personenbezogene Daten: Name, Nachname, Telefonnummer, E-Mail.<\/p>\n<h5 style=\"text-align: left;\">Newsletter-Abonnement<\/h5>\n<p style=\"text-align: left;\">Durch das Ausf\u00fcllen des entsprechenden auf der Website verf\u00fcgbaren Formulars stimmt der Benutzer der Verarbeitung seiner pers\u00f6nlichen Daten zu, um sich in die Newsletter-Liste einzutragen und automatische Updates zum ausgew\u00e4hlten Thema zu erhalten. <\/p>\n<p>Erfasste personenbezogene Daten: Name, Nachname, E-Mail <\/p>\n<p style=\"text-align: left;\">\n<\/p><h2 style=\"text-align: left;\">PERSONENBEZOGENE DATEN VERARBEITET<\/h2>\n<p style=\"text-align: left;\">Im Rahmen der im vorherigen Absatz genannten Verarbeitungszwecke wird Folgendes verarbeitet:<\/p>\n<ul style=\"text-align: left;\">\n<li>Identifikationsdaten (Name, Nachname)<\/li>\n<li>Kontaktdaten (E-Mail-Adresse, Telefonnummer)<\/li>\n<\/ul>\n<p style=\"text-align: left;\">\n<\/p><p style=\"text-align: left;\">Beim Surfen auf der Website erfassen wir automatisch personenbezogene Daten.<\/p>\n<p style=\"text-align: left;\">Gespeichert werden der Name Ihres Internet Service Providers, die Website, von der aus Sie uns besuchen, die Seiten unserer Website, die Sie besuchen, das Datum und die Dauer des Besuchs. Die f\u00fcr den Betrieb der Websites verwendeten Computersysteme und Softwareverfahren erfassen w\u00e4hrend ihres normalen Betriebs einige Daten, deren \u00dcbertragung bei der Verwendung von Internet-Kommunikationsprotokollen implizit ist. Hierbei handelt es sich um Informationen, die nicht erfasst werden, um sie identifizierten Personen zuzuordnen. Diese Daten werden ausschlie\u00dflich dazu verwendet, anonyme statistische Informationen \u00fcber die Nutzung der Website zu erhalten und deren ordnungsgem\u00e4\u00dfe Funktion zu \u00fcberpr\u00fcfen. Die Daten k\u00f6nnten nur auf Anfrage der zust\u00e4ndigen Aufsichtsbeh\u00f6rden zur Feststellung der Verantwortlichkeit im Falle hypothetischer Computerkriminalit\u00e4t gegen die Website oder andere Benutzer verwendet werden.    <\/p>\n<h2 style=\"text-align: left;\">VERARBEITUNGSMETHODEN<\/h2>\n<p style=\"text-align: left;\">Die von Ihnen bereitgestellten personenbezogenen Daten werden mit Hilfe von Papier-, IT- oder Telematikmitteln verarbeitet, die geeignet sind, die Sicherheit und Vertraulichkeit der jeweiligen Verarbeitung zu gew\u00e4hrleisten.<\/p>\n<h2 style=\"text-align: left;\">EMPF\u00c4NGER ODER KATEGORIEN VON EMPF\u00c4NGERN PERSONENBEZOGENER DATEN<\/h2>\n<p style=\"text-align: left;\">Die personenbezogenen Daten, \u00fcber die die unterzeichnende Struktur verf\u00fcgt, unterliegen keiner Offenlegung. Dies kann innerhalb des Unternehmens selbst mitgeteilt werden und den vom Unternehmen benannten autorisierten Personen und Datenverantwortlichen bekannt werden. <\/p>\n<h2 style=\"text-align: left;\">\u00dcbermittlung personenbezogener Daten an Drittl\u00e4nder<\/h2>\n<p style=\"text-align: left;\">Das Unternehmen beabsichtigt derzeit nicht, Ihre personenbezogenen Daten in L\u00e4nder au\u00dferhalb der Europ\u00e4ischen Union zu \u00fcbermitteln. In diesem Fall garantiert das Unternehmen in jedem Fall, dass die \u00dcbermittlung erfolgt: &#8211; in Nicht-EU-L\u00e4nder, in denen die Europ\u00e4ische Kommission festgestellt hat, dass sie ein angemessenes Schutzniveau gew\u00e4hrleisten (Art. 45 DSGVO) oder die den Standardvertragsbestimmungen entsprechen Von der Europ\u00e4ischen Kommission genehmigte Klauseln. Ausnahmen hiervon sind nur in \u00dcbereinstimmung mit der Kunst m\u00f6glich. 49 DSGVO.   <\/p>\n<h2 style=\"text-align: left;\">ZEITRAUM DER AUFBEWAHRUNG PERSONENBEZOGENER DATEN<\/h2>\n<p style=\"text-align: left;\">Die erhobenen Daten werden f\u00fcr einen vom konkreten Zweck abh\u00e4ngigen Nutzungszeitraum gespeichert.<\/p>\n<ul style=\"text-align: left;\">\n<li>Personenbezogene Daten im Zusammenhang mit Informationsanfragen nicht registrierter Benutzer werden so lange aufbewahrt, wie es f\u00fcr die Beantwortung des Interessenten erforderlich ist, auf jeden Fall jedoch nicht l\u00e4nger als 3 Monate.<\/li>\n<li>Die personenbezogenen Daten der Nutzer, die sich auf der Website f\u00fcr die Nutzung des Dienstes registriert haben, werden so lange aufbewahrt, wie es f\u00fcr die Beantwortung des Interessenten erforderlich ist, auf jeden Fall jedoch nicht l\u00e4nger als 24 Monate.<\/li>\n<li>Die erhobenen personenbezogenen Daten werden f\u00fcr einen Zeitraum von 24 Monaten zu statistischen Zwecken genutzt<\/li>\n<li>Die erhobenen personenbezogenen Daten werden 24 Monate lang f\u00fcr Marketingzwecke genutzt<\/li>\n<\/ul>\n<p style=\"text-align: left;\">Eine l\u00e4ngere Aufbewahrungsdauer personenbezogener Daten kann m\u00f6glicherweise durch Antr\u00e4ge der \u00f6ffentlichen Verwaltung oder einer anderen Justiz-, Regierungs- oder Regulierungsbeh\u00f6rde oder durch die Beteiligung des unterzeichnenden Unternehmens an Gerichtsverfahren, die die Verarbeitung der von Ihnen bereitgestellten personenbezogenen Daten beinhalten, festgelegt werden.<\/p>\n<p style=\"text-align: left;\">\n<\/p><h2 style=\"text-align: left;\">Obligatorischer oder optionaler Charakter der Datenbereitstellung<\/h2>\n<p style=\"text-align: left;\">Die Bereitstellung der Daten ist optional. Jede Weigerung, uns Ihre personenbezogenen Daten ganz oder teilweise zur Verf\u00fcgung zu stellen, f\u00fchrt dazu, dass die Agentur dem Interessenten die gew\u00fcnschten Dienstleistungen nicht erbringen kann. <\/p>\n<h2 style=\"text-align: left;\">RECHTE, DIE DEM BETEILIGTEN ANERKANNT WERDEN<\/h2>\n<p style=\"text-align: left;\">Der Interessent hat das Recht, vom Verantwortlichen Zugang zu seinen personenbezogenen Daten zu erhalten. Der Interessent hat insbesondere das Recht auf Auskunft \u00fcber: a) die Herkunft der personenbezogenen Daten; b) die Zwecke und Methoden der Verarbeitung; c) der angewandten Logik im Falle einer Verarbeitung mit Hilfe elektronischer Instrumente; d) Aktualisierung oder Berichtigung; e) die L\u00f6schung oder Einschr\u00e4nkung der Verarbeitung der ihn betreffenden Daten (Umwandlung in anonymisierte Form, Sperrung rechtswidrig verarbeiteter Daten, einschlie\u00dflich solcher, deren Aufbewahrung im Hinblick auf die Zwecke, f\u00fcr die die Daten erhoben oder sp\u00e4ter verarbeitet wurden, nicht erforderlich ist). ). Der Interessent hat das Recht, seine Einwilligung zur Verarbeitung personenbezogener Daten zu widerrufen, sofern er diese erteilt hat. In jedem Fall ber\u00fchrt der Widerruf der Einwilligung zur Verarbeitung nicht die Rechtm\u00e4\u00dfigkeit der Verarbeitung, die auf der vor dem Widerruf erteilten Einwilligung beruht. Der Interessent hat au\u00dferdem das Recht auf Daten\u00fcbertragbarkeit. Sie k\u00f6nnen Ihre Rechte jederzeit aus\u00fcben, indem Sie Folgendes senden:          <\/p>\n<ul style=\"text-align: left;\">\n<li>ein eingeschriebener Brief mit R\u00fcckschein in der <strong>Via dell&#8217;Industria, 1, 36022 Cassola (VI)<\/strong><\/li>\n<li>eine E-Mail an die Adresse: <a href=\"mailto:info@frattin-auto.it\">info@frattin-auto.it<\/a><\/li>\n<\/ul>\n<p style=\"text-align: left;\">\n<\/p><h2 style=\"text-align: left;\">RECHT, EINE BESCHWERDE EINZULEGEN<\/h2>\n<p style=\"text-align: left;\">Der Interessent hat das Recht, eine Beschwerde bei der Aufsichtsbeh\u00f6rde einzureichen, die in Italien durch den Garanten f\u00fcr den Schutz personenbezogener Daten mit Sitz in Rom, Piazza Monte Citorio, 121, vertreten wird.<\/p>\n<h2 style=\"text-align: left;\">BESTEHEN EINES AUTOMATISIERTEN ENTSCHEIDUNGSPROZESSES<\/h2>\n<p style=\"text-align: left;\">Bei dieser Verarbeitung handelt es sich nicht um automatisierte Entscheidungsprozesse.<\/p>\t\t\t\t\t\t\t\t<\/div>\n\t\t\t\t<\/div>\n\t\t\t\t<div class=\"elementor-element elementor-element-b355aef elementor-widget elementor-widget-spacer\" data-id=\"b355aef\" data-element_type=\"widget\" data-e-type=\"widget\" data-widget_type=\"spacer.default\">\n\t\t\t\t<div class=\"elementor-widget-container\">\n\t\t\t\t\t\t\t<div class=\"elementor-spacer\">\n\t\t\t<div class=\"elementor-spacer-inner\"><\/div>\n\t\t<\/div>\n\t\t\t\t\t\t<\/div>\n\t\t\t\t<\/div>\n\t\t\t\t\t<\/div>\n\t\t<\/div>\n\t\t\t\t\t<\/div>\n\t\t<\/section>\n\t\t\t\t<\/div>\n\t\t","protected":false},"excerpt":{"rendered":"<p>Privacy Policy Datenschutzinformationen gem\u00e4\u00df Art. 13 EU-Verordnung vom 27. April 2016 n. 679 Mit diesem Dokument m\u00f6chte Frattin Auto S.R.L (im Folgenden das Unternehmen), Eigent\u00fcmer der Website https:\/\/frattinyachting.it&nbsp;im Folgenden auch \u201eWebsite\u201c genannt, Informationen \u00fcber die Verwaltungsmethoden der Website selbst in Bezug auf die Verarbeitung bereitstellen und zum Schutz der personenbezogenen Daten der Personen (Benutzer), die [&hellip;]<\/p>\n","protected":false},"author":1,"featured_media":0,"parent":0,"menu_order":0,"comment_status":"closed","ping_status":"open","template":"","meta":{"footnotes":""},"class_list":["post-27449","page","type-page","status-publish","hentry"],"yoast_head":"<!-- This site is optimized with the Yoast SEO plugin v27.3 - https:\/\/yoast.com\/product\/yoast-seo-wordpress\/ -->\n<title>Privacy Policy - Frattin Yachting<\/title>\n<meta name=\"robots\" content=\"index, follow, max-snippet:-1, max-image-preview:large, max-video-preview:-1\" \/>\n<link rel=\"canonical\" href=\"https:\/\/frattinyachting.it\/de\/privacy-policy\/\" \/>\n<meta property=\"og:locale\" content=\"de_DE\" \/>\n<meta property=\"og:type\" content=\"article\" \/>\n<meta property=\"og:title\" content=\"Privacy Policy - Frattin Yachting\" \/>\n<meta property=\"og:description\" content=\"Privacy Policy Datenschutzinformationen gem\u00e4\u00df Art. 13 EU-Verordnung vom 27. April 2016 n. 679 Mit diesem Dokument m\u00f6chte Frattin Auto S.R.L (im Folgenden das Unternehmen), Eigent\u00fcmer der Website https:\/\/frattinyachting.it&nbsp;im Folgenden auch \u201eWebsite\u201c genannt, Informationen \u00fcber die Verwaltungsmethoden der Website selbst in Bezug auf die Verarbeitung bereitstellen und zum Schutz der personenbezogenen Daten der Personen (Benutzer), die [&hellip;]\" \/>\n<meta property=\"og:url\" content=\"https:\/\/frattinyachting.it\/de\/privacy-policy\/\" \/>\n<meta property=\"og:site_name\" content=\"Frattin Yachting\" \/>\n<meta property=\"article:publisher\" content=\"https:\/\/www.facebook.com\/frattin.yachting\" \/>\n<meta property=\"article:modified_time\" content=\"2024-11-07T16:06:18+00:00\" \/>\n<meta name=\"twitter:card\" content=\"summary_large_image\" \/>\n<meta name=\"twitter:label1\" content=\"Gesch\u00e4tzte Lesezeit\" \/>\n\t<meta name=\"twitter:data1\" content=\"7\u00a0Minuten\" \/>\n<script type=\"application\/ld+json\" class=\"yoast-schema-graph\">{\"@context\":\"https:\\\/\\\/schema.org\",\"@graph\":[{\"@type\":\"WebPage\",\"@id\":\"https:\\\/\\\/frattinyachting.it\\\/de\\\/privacy-policy\\\/\",\"url\":\"https:\\\/\\\/frattinyachting.it\\\/de\\\/privacy-policy\\\/\",\"name\":\"Privacy Policy - Frattin Yachting\",\"isPartOf\":{\"@id\":\"https:\\\/\\\/frattinyachting.it\\\/de\\\/#website\"},\"datePublished\":\"2023-04-04T07:11:48+00:00\",\"dateModified\":\"2024-11-07T16:06:18+00:00\",\"breadcrumb\":{\"@id\":\"https:\\\/\\\/frattinyachting.it\\\/de\\\/privacy-policy\\\/#breadcrumb\"},\"inLanguage\":\"de\",\"potentialAction\":[{\"@type\":\"ReadAction\",\"target\":[\"https:\\\/\\\/frattinyachting.it\\\/de\\\/privacy-policy\\\/\"]}]},{\"@type\":\"BreadcrumbList\",\"@id\":\"https:\\\/\\\/frattinyachting.it\\\/de\\\/privacy-policy\\\/#breadcrumb\",\"itemListElement\":[{\"@type\":\"ListItem\",\"position\":1,\"name\":\"Home\",\"item\":\"https:\\\/\\\/frattinyachting.it\\\/de\\\/\"},{\"@type\":\"ListItem\",\"position\":2,\"name\":\"Privacy Policy\"}]},{\"@type\":\"WebSite\",\"@id\":\"https:\\\/\\\/frattinyachting.it\\\/de\\\/#website\",\"url\":\"https:\\\/\\\/frattinyachting.it\\\/de\\\/\",\"name\":\"Frattin Yachting\",\"description\":\"Dove i sogni prendono il largo\",\"potentialAction\":[{\"@type\":\"SearchAction\",\"target\":{\"@type\":\"EntryPoint\",\"urlTemplate\":\"https:\\\/\\\/frattinyachting.it\\\/de\\\/?s={search_term_string}\"},\"query-input\":{\"@type\":\"PropertyValueSpecification\",\"valueRequired\":true,\"valueName\":\"search_term_string\"}}],\"inLanguage\":\"de\"}]}<\/script>\n<!-- \/ Yoast SEO plugin. -->","yoast_head_json":{"title":"Privacy Policy - Frattin Yachting","robots":{"index":"index","follow":"follow","max-snippet":"max-snippet:-1","max-image-preview":"max-image-preview:large","max-video-preview":"max-video-preview:-1"},"canonical":"https:\/\/frattinyachting.it\/de\/privacy-policy\/","og_locale":"de_DE","og_type":"article","og_title":"Privacy Policy - Frattin Yachting","og_description":"Privacy Policy Datenschutzinformationen gem\u00e4\u00df Art. 13 EU-Verordnung vom 27. April 2016 n. 679 Mit diesem Dokument m\u00f6chte Frattin Auto S.R.L (im Folgenden das Unternehmen), Eigent\u00fcmer der Website https:\/\/frattinyachting.it&nbsp;im Folgenden auch \u201eWebsite\u201c genannt, Informationen \u00fcber die Verwaltungsmethoden der Website selbst in Bezug auf die Verarbeitung bereitstellen und zum Schutz der personenbezogenen Daten der Personen (Benutzer), die [&hellip;]","og_url":"https:\/\/frattinyachting.it\/de\/privacy-policy\/","og_site_name":"Frattin Yachting","article_publisher":"https:\/\/www.facebook.com\/frattin.yachting","article_modified_time":"2024-11-07T16:06:18+00:00","twitter_card":"summary_large_image","twitter_misc":{"Gesch\u00e4tzte Lesezeit":"7\u00a0Minuten"},"schema":{"@context":"https:\/\/schema.org","@graph":[{"@type":"WebPage","@id":"https:\/\/frattinyachting.it\/de\/privacy-policy\/","url":"https:\/\/frattinyachting.it\/de\/privacy-policy\/","name":"Privacy Policy - Frattin Yachting","isPartOf":{"@id":"https:\/\/frattinyachting.it\/de\/#website"},"datePublished":"2023-04-04T07:11:48+00:00","dateModified":"2024-11-07T16:06:18+00:00","breadcrumb":{"@id":"https:\/\/frattinyachting.it\/de\/privacy-policy\/#breadcrumb"},"inLanguage":"de","potentialAction":[{"@type":"ReadAction","target":["https:\/\/frattinyachting.it\/de\/privacy-policy\/"]}]},{"@type":"BreadcrumbList","@id":"https:\/\/frattinyachting.it\/de\/privacy-policy\/#breadcrumb","itemListElement":[{"@type":"ListItem","position":1,"name":"Home","item":"https:\/\/frattinyachting.it\/de\/"},{"@type":"ListItem","position":2,"name":"Privacy Policy"}]},{"@type":"WebSite","@id":"https:\/\/frattinyachting.it\/de\/#website","url":"https:\/\/frattinyachting.it\/de\/","name":"Frattin Yachting","description":"Dove i sogni prendono il largo","potentialAction":[{"@type":"SearchAction","target":{"@type":"EntryPoint","urlTemplate":"https:\/\/frattinyachting.it\/de\/?s={search_term_string}"},"query-input":{"@type":"PropertyValueSpecification","valueRequired":true,"valueName":"search_term_string"}}],"inLanguage":"de"}]}},"_links":{"self":[{"href":"https:\/\/frattinyachting.it\/de\/wp-json\/wp\/v2\/pages\/27449","targetHints":{"allow":["GET"]}}],"collection":[{"href":"https:\/\/frattinyachting.it\/de\/wp-json\/wp\/v2\/pages"}],"about":[{"href":"https:\/\/frattinyachting.it\/de\/wp-json\/wp\/v2\/types\/page"}],"author":[{"embeddable":true,"href":"https:\/\/frattinyachting.it\/de\/wp-json\/wp\/v2\/users\/1"}],"replies":[{"embeddable":true,"href":"https:\/\/frattinyachting.it\/de\/wp-json\/wp\/v2\/comments?post=27449"}],"version-history":[{"count":2,"href":"https:\/\/frattinyachting.it\/de\/wp-json\/wp\/v2\/pages\/27449\/revisions"}],"predecessor-version":[{"id":27451,"href":"https:\/\/frattinyachting.it\/de\/wp-json\/wp\/v2\/pages\/27449\/revisions\/27451"}],"wp:attachment":[{"href":"https:\/\/frattinyachting.it\/de\/wp-json\/wp\/v2\/media?parent=27449"}],"curies":[{"name":"wp","href":"https:\/\/api.w.org\/{rel}","templated":true}]}}