{"id":28190,"date":"2025-06-17T08:41:23","date_gmt":"2025-06-17T08:41:23","guid":{"rendered":"https:\/\/frattinyachting.it\/cranchi-m44\/"},"modified":"2025-06-17T08:49:40","modified_gmt":"2025-06-17T08:49:40","slug":"cranchi-m44","status":"publish","type":"page","link":"https:\/\/frattinyachting.it\/de\/cranchi-m44\/","title":{"rendered":"Cranchi M44"},"content":{"rendered":"\t\t<div data-elementor-type=\"wp-page\" data-elementor-id=\"28190\" class=\"elementor elementor-28190 elementor-28152\" data-elementor-post-type=\"page\">\n\t\t\t\t<div class=\"elementor-element elementor-element-a0a9020 e-con-full e-flex e-con e-parent\" data-id=\"a0a9020\" data-element_type=\"container\" data-e-type=\"container\" data-settings=\"{&quot;jet_parallax_layout_list&quot;:[],&quot;background_background&quot;:&quot;classic&quot;}\">\n\t\t\t\t<div class=\"elementor-element elementor-element-e7e2794 elementor-invisible elementor-widget elementor-widget-heading\" data-id=\"e7e2794\" data-element_type=\"widget\" data-e-type=\"widget\" data-settings=\"{&quot;_animation&quot;:&quot;fadeInUp&quot;}\" data-widget_type=\"heading.default\">\n\t\t\t\t<div class=\"elementor-widget-container\">\n\t\t\t\t\t<h1 class=\"elementor-heading-title elementor-size-default\">CRANCHI M44<\/h1>\t\t\t\t<\/div>\n\t\t\t\t<\/div>\n\t\t\t\t<div class=\"elementor-element elementor-element-1c01d59 animated-slow elementor-invisible elementor-widget elementor-widget-button\" data-id=\"1c01d59\" data-element_type=\"widget\" data-e-type=\"widget\" data-settings=\"{&quot;_animation&quot;:&quot;fadeInUp&quot;,&quot;_animation_delay&quot;:100}\" data-widget_type=\"button.default\">\n\t\t\t\t<div class=\"elementor-widget-container\">\n\t\t\t\t\t\t\t\t\t<div class=\"elementor-button-wrapper\">\n\t\t\t\t\t<a class=\"elementor-button elementor-button-link elementor-size-sm\" href=\"#form-contatto\">\n\t\t\t\t\t\t<span class=\"elementor-button-content-wrapper\">\n\t\t\t\t\t\t\t\t\t<span class=\"elementor-button-text\">Preis auf Anfrage<\/span>\n\t\t\t\t\t<\/span>\n\t\t\t\t\t<\/a>\n\t\t\t\t<\/div>\n\t\t\t\t\t\t\t\t<\/div>\n\t\t\t\t<\/div>\n\t\t\t\t<div class=\"elementor-element elementor-element-8f0aa0e elementor-widget__width-initial elementor-invisible elementor-widget elementor-widget-text-editor\" data-id=\"8f0aa0e\" data-element_type=\"widget\" data-e-type=\"widget\" data-settings=\"{&quot;_animation&quot;:&quot;fadeInUp&quot;,&quot;_animation_delay&quot;:200}\" data-widget_type=\"text-editor.default\">\n\t\t\t\t<div class=\"elementor-widget-container\">\n\t\t\t\t\t\t\t\t\t<p>Die Cranchi M44 HT ist der Inbegriff von intelligentem Design und bietet die perfekte Balance zwischen einem stilvollen Day Cruiser und einer komfortablen Familienyacht. Sie ist ein Meisterwerk der Funktionalit\u00e4t, das jeden Moment an Bord f\u00fcr Familie und Freunde m\u00fchelos und unvergesslich macht. <\/p>\t\t\t\t\t\t\t\t<\/div>\n\t\t\t\t<\/div>\n\t\t\t\t<\/div>\n\t\t<div class=\"elementor-element elementor-element-1a3a9e6 e-con-full e-flex e-con e-parent\" data-id=\"1a3a9e6\" data-element_type=\"container\" data-e-type=\"container\" data-settings=\"{&quot;background_background&quot;:&quot;gradient&quot;,&quot;jet_parallax_layout_list&quot;:[]}\">\n\t\t<div class=\"elementor-element elementor-element-65d92b4 e-con-full e-flex e-con e-child\" data-id=\"65d92b4\" data-element_type=\"container\" data-e-type=\"container\" data-settings=\"{&quot;jet_parallax_layout_list&quot;:[]}\">\n\t\t\t\t<div class=\"elementor-element elementor-element-0e95f4b elementor-invisible elementor-widget elementor-widget-heading\" data-id=\"0e95f4b\" data-element_type=\"widget\" data-e-type=\"widget\" data-settings=\"{&quot;_animation&quot;:&quot;fadeInUp&quot;,&quot;_animation_delay&quot;:200}\" data-widget_type=\"heading.default\">\n\t\t\t\t<div class=\"elementor-widget-container\">\n\t\t\t\t\t<h2 class=\"elementor-heading-title elementor-size-default\">Intelligente Vielseitigkeit<\/h2>\t\t\t\t<\/div>\n\t\t\t\t<\/div>\n\t\t\t\t<div class=\"elementor-element elementor-element-6218e6e elementor-widget__width-initial elementor-invisible elementor-widget elementor-widget-text-editor\" data-id=\"6218e6e\" data-element_type=\"widget\" data-e-type=\"widget\" data-settings=\"{&quot;_animation&quot;:&quot;fadeInUp&quot;,&quot;_animation_delay&quot;:200}\" data-widget_type=\"text-editor.default\">\n\t\t\t\t<div class=\"elementor-widget-container\">\n\t\t\t\t\t\t\t\t\t<p>Wechseln Sie m\u00fchelos von einer ger\u00e4umigen Party-Plattform f\u00fcr G\u00e4ste zu einem sicheren und komfortablen Cruiser f\u00fcr Familienabenteuer. Sie passt sich Ihren W\u00fcnschen f\u00fcr den Tag an. <\/p>\t\t\t\t\t\t\t\t<\/div>\n\t\t\t\t<\/div>\n\t\t\t\t<\/div>\n\t\t<div class=\"elementor-element elementor-element-fdad210 e-con-full e-flex elementor-invisible e-con e-child\" data-id=\"fdad210\" data-element_type=\"container\" data-e-type=\"container\" data-settings=\"{&quot;background_background&quot;:&quot;classic&quot;,&quot;jet_parallax_layout_list&quot;:[],&quot;animation&quot;:&quot;fadeInRight&quot;,&quot;animation_delay&quot;:200}\">\n\t\t\t\t<\/div>\n\t\t\t\t<\/div>\n\t\t<div class=\"elementor-element elementor-element-6b6473f e-con-full e-flex e-con e-parent\" data-id=\"6b6473f\" data-element_type=\"container\" data-e-type=\"container\" data-settings=\"{&quot;background_background&quot;:&quot;gradient&quot;,&quot;jet_parallax_layout_list&quot;:[]}\">\n\t\t<div class=\"elementor-element elementor-element-f345390 e-con-full e-flex e-con e-child\" data-id=\"f345390\" data-element_type=\"container\" data-e-type=\"container\" data-settings=\"{&quot;jet_parallax_layout_list&quot;:[]}\">\n\t\t\t\t<div class=\"elementor-element elementor-element-66c1a3f elementor-invisible elementor-widget elementor-widget-heading\" data-id=\"66c1a3f\" data-element_type=\"widget\" data-e-type=\"widget\" data-settings=\"{&quot;_animation&quot;:&quot;fadeInUp&quot;,&quot;_animation_delay&quot;:350}\" data-widget_type=\"heading.default\">\n\t\t\t\t<div class=\"elementor-widget-container\">\n\t\t\t\t\t<h2 class=\"elementor-heading-title elementor-size-default\">Allwetter-Cockpit<\/h2>\t\t\t\t<\/div>\n\t\t\t\t<\/div>\n\t\t\t\t<div class=\"elementor-element elementor-element-28bf557 elementor-widget__width-initial elementor-invisible elementor-widget elementor-widget-text-editor\" data-id=\"28bf557\" data-element_type=\"widget\" data-e-type=\"widget\" data-settings=\"{&quot;_animation&quot;:&quot;fadeInUp&quot;,&quot;_animation_delay&quot;:200}\" data-widget_type=\"text-editor.default\">\n\t\t\t\t<div class=\"elementor-widget-container\">\n\t\t\t\t\t\t\t\t\t<p>Das gro\u00dfe, versenkbare Hardtop bietet sofortigen Schutz vor der Mittagssonne oder unerwarteten Schauern. Diese Funktion verl\u00e4ngert Ihre Zeit und Ihren Komfort auf dem Wasser erheblich. <\/p>\t\t\t\t\t\t\t\t<\/div>\n\t\t\t\t<\/div>\n\t\t\t\t<\/div>\n\t\t<div class=\"elementor-element elementor-element-a34737d e-con-full e-flex elementor-invisible e-con e-child\" data-id=\"a34737d\" data-element_type=\"container\" data-e-type=\"container\" data-settings=\"{&quot;background_background&quot;:&quot;classic&quot;,&quot;jet_parallax_layout_list&quot;:[],&quot;animation&quot;:&quot;fadeInLeft&quot;,&quot;animation_delay&quot;:350}\">\n\t\t\t\t<\/div>\n\t\t\t\t<\/div>\n\t\t<div class=\"elementor-element elementor-element-fd39833 e-con-full e-flex e-con e-parent\" data-id=\"fd39833\" data-element_type=\"container\" data-e-type=\"container\" data-settings=\"{&quot;background_background&quot;:&quot;gradient&quot;,&quot;jet_parallax_layout_list&quot;:[]}\">\n\t\t<div class=\"elementor-element elementor-element-9b8a3d9 e-con-full e-flex e-con e-child\" data-id=\"9b8a3d9\" data-element_type=\"container\" data-e-type=\"container\" data-settings=\"{&quot;jet_parallax_layout_list&quot;:[]}\">\n\t\t\t\t<div class=\"elementor-element elementor-element-b62f5ba elementor-invisible elementor-widget elementor-widget-heading\" data-id=\"b62f5ba\" data-element_type=\"widget\" data-e-type=\"widget\" data-settings=\"{&quot;_animation&quot;:&quot;fadeInUp&quot;,&quot;_animation_delay&quot;:350}\" data-widget_type=\"heading.default\">\n\t\t\t\t<div class=\"elementor-widget-container\">\n\t\t\t\t\t<h2 class=\"elementor-heading-title elementor-size-default\">\u00dcberraschende Tender-Garage<\/h2>\t\t\t\t<\/div>\n\t\t\t\t<\/div>\n\t\t\t\t<div class=\"elementor-element elementor-element-6608a09 elementor-widget__width-initial elementor-invisible elementor-widget elementor-widget-text-editor\" data-id=\"6608a09\" data-element_type=\"widget\" data-e-type=\"widget\" data-settings=\"{&quot;_animation&quot;:&quot;fadeInUp&quot;,&quot;_animation_delay&quot;:200}\" data-widget_type=\"text-editor.default\">\n\t\t\t\t<div class=\"elementor-widget-container\">\n\t\t\t\t\t\t\t\t\t<p>Diese clevere L\u00f6sung, die man sonst nur auf wesentlich gr\u00f6\u00dferen Yachten findet, h\u00e4lt den Tender sicher verstaut. Dadurch bleibt die Badeplattform komplett frei f\u00fcr Entspannung, Schwimmen und Spa\u00df.  <\/p>\t\t\t\t\t\t\t\t<\/div>\n\t\t\t\t<\/div>\n\t\t\t\t<\/div>\n\t\t<div class=\"elementor-element elementor-element-d6ce8e0 e-con-full e-flex elementor-invisible e-con e-child\" data-id=\"d6ce8e0\" data-element_type=\"container\" data-e-type=\"container\" data-settings=\"{&quot;background_background&quot;:&quot;classic&quot;,&quot;jet_parallax_layout_list&quot;:[],&quot;animation&quot;:&quot;fadeInRight&quot;,&quot;animation_delay&quot;:350}\">\n\t\t\t\t<\/div>\n\t\t\t\t<\/div>\n\t\t<div class=\"elementor-element elementor-element-04d81bc e-flex e-con-boxed e-con e-parent\" data-id=\"04d81bc\" data-element_type=\"container\" data-e-type=\"container\" id=\"form-contatto\" data-settings=\"{&quot;background_background&quot;:&quot;classic&quot;,&quot;jet_parallax_layout_list&quot;:[]}\">\n\t\t\t\t\t<div class=\"e-con-inner\">\n\t\t\t\t<div class=\"elementor-element elementor-element-be956f1 elementor-hidden-mobile elementor-invisible elementor-widget elementor-widget-image\" data-id=\"be956f1\" data-element_type=\"widget\" data-e-type=\"widget\" data-settings=\"{&quot;_animation&quot;:&quot;fadeInLeft&quot;,&quot;_animation_delay&quot;:350}\" data-widget_type=\"image.default\">\n\t\t\t\t<div class=\"elementor-widget-container\">\n\t\t\t\t\t\t\t\t\t\t\t\t\t\t\t<img fetchpriority=\"high\" decoding=\"async\" width=\"800\" height=\"599\" src=\"https:\/\/frattinyachting.it\/wp-content\/uploads\/2025\/06\/1_M44HT-GrigioCosmo-0474_ygxuz7-1024x767.jpeg\" class=\"attachment-large size-large wp-image-28156\" alt=\"\" srcset=\"https:\/\/frattinyachting.it\/wp-content\/uploads\/2025\/06\/1_M44HT-GrigioCosmo-0474_ygxuz7-1024x767.jpeg 1024w, https:\/\/frattinyachting.it\/wp-content\/uploads\/2025\/06\/1_M44HT-GrigioCosmo-0474_ygxuz7-300x225.jpeg 300w, https:\/\/frattinyachting.it\/wp-content\/uploads\/2025\/06\/1_M44HT-GrigioCosmo-0474_ygxuz7-768x575.jpeg 768w, https:\/\/frattinyachting.it\/wp-content\/uploads\/2025\/06\/1_M44HT-GrigioCosmo-0474_ygxuz7-1536x1151.jpeg 1536w, https:\/\/frattinyachting.it\/wp-content\/uploads\/2025\/06\/1_M44HT-GrigioCosmo-0474_ygxuz7.jpeg 1602w\" sizes=\"(max-width: 800px) 100vw, 800px\" \/>\t\t\t\t\t\t\t\t\t\t\t\t\t\t\t<\/div>\n\t\t\t\t<\/div>\n\t\t<div class=\"elementor-element elementor-element-de2f04d e-con-full e-flex elementor-invisible e-con e-child\" data-id=\"de2f04d\" data-element_type=\"container\" data-e-type=\"container\" data-settings=\"{&quot;jet_parallax_layout_list&quot;:[],&quot;animation&quot;:&quot;fadeInRight&quot;,&quot;animation_delay&quot;:350}\">\n\t\t\t\t<div class=\"elementor-element elementor-element-9f4aa7d elementor-widget elementor-widget-heading\" data-id=\"9f4aa7d\" data-element_type=\"widget\" data-e-type=\"widget\" data-widget_type=\"heading.default\">\n\t\t\t\t<div class=\"elementor-widget-container\">\n\t\t\t\t\t<h4 class=\"elementor-heading-title elementor-size-default\">Fordern Sie Informationen<\/h4>\t\t\t\t<\/div>\n\t\t\t\t<\/div>\n\t\t\t\t<div class=\"elementor-element elementor-element-e2afe74 elementor-button-align-stretch elementor-widget elementor-widget-form\" data-id=\"e2afe74\" data-element_type=\"widget\" data-e-type=\"widget\" data-settings=\"{&quot;step_next_label&quot;:&quot;Weiter&quot;,&quot;step_previous_label&quot;:&quot;Vorherige&quot;,&quot;button_width&quot;:&quot;100&quot;,&quot;step_type&quot;:&quot;number_text&quot;,&quot;step_icon_shape&quot;:&quot;circle&quot;}\" data-widget_type=\"form.default\">\n\t\t\t\t<div class=\"elementor-widget-container\">\n\t\t\t\t\t\t\t<form class=\"elementor-form\" method=\"post\" name=\"Landing page Cranchi M44\" aria-label=\"Landing page Cranchi M44\">\n\t\t\t<input type=\"hidden\" name=\"post_id\" value=\"28190\"\/>\n\t\t\t<input type=\"hidden\" name=\"form_id\" value=\"e2afe74\"\/>\n\t\t\t<input type=\"hidden\" name=\"referer_title\" value=\"Cranchi M44 - Frattin Yachting\" \/>\n\n\t\t\t\t\t\t\t<input type=\"hidden\" name=\"queried_id\" value=\"28190\"\/>\n\t\t\t\n\t\t\t<div class=\"elementor-form-fields-wrapper elementor-labels-\">\n\t\t\t\t\t\t\t\t<div class=\"elementor-field-type-text elementor-field-group elementor-column elementor-field-group-name elementor-col-50 elementor-field-required\">\n\t\t\t\t\t\t\t\t\t\t\t\t<label for=\"form-field-name\" class=\"elementor-field-label elementor-screen-only\">\n\t\t\t\t\t\t\t\tName\t\t\t\t\t\t\t<\/label>\n\t\t\t\t\t\t\t\t\t\t\t\t\t\t<input size=\"1\" type=\"text\" name=\"form_fields[name]\" id=\"form-field-name\" class=\"elementor-field elementor-size-sm  elementor-field-textual\" placeholder=\"Name\" required=\"required\">\n\t\t\t\t\t\t\t\t\t\t\t<\/div>\n\t\t\t\t\t\t\t\t<div class=\"elementor-field-type-text elementor-field-group elementor-column elementor-field-group-cognome elementor-col-50 elementor-field-required\">\n\t\t\t\t\t\t\t\t\t\t\t\t<label for=\"form-field-cognome\" class=\"elementor-field-label elementor-screen-only\">\n\t\t\t\t\t\t\t\tNachname\t\t\t\t\t\t\t<\/label>\n\t\t\t\t\t\t\t\t\t\t\t\t\t\t<input size=\"1\" type=\"text\" name=\"form_fields[cognome]\" id=\"form-field-cognome\" class=\"elementor-field elementor-size-sm  elementor-field-textual\" placeholder=\"Nachname\" required=\"required\">\n\t\t\t\t\t\t\t\t\t\t\t<\/div>\n\t\t\t\t\t\t\t\t<div class=\"elementor-field-type-email elementor-field-group elementor-column elementor-field-group-email elementor-col-50 elementor-field-required\">\n\t\t\t\t\t\t\t\t\t\t\t\t<label for=\"form-field-email\" class=\"elementor-field-label elementor-screen-only\">\n\t\t\t\t\t\t\t\tE-Mail\t\t\t\t\t\t\t<\/label>\n\t\t\t\t\t\t\t\t\t\t\t\t\t\t<input size=\"1\" type=\"email\" name=\"form_fields[email]\" id=\"form-field-email\" class=\"elementor-field elementor-size-sm  elementor-field-textual\" placeholder=\"E-Mail\" required=\"required\">\n\t\t\t\t\t\t\t\t\t\t\t<\/div>\n\t\t\t\t\t\t\t\t<div class=\"elementor-field-type-tel elementor-field-group elementor-column elementor-field-group-telefono elementor-col-50 elementor-field-required\">\n\t\t\t\t\t\t\t\t\t\t\t\t<label for=\"form-field-telefono\" class=\"elementor-field-label elementor-screen-only\">\n\t\t\t\t\t\t\t\tTelefon\t\t\t\t\t\t\t<\/label>\n\t\t\t\t\t\t\t\t<input size=\"1\" type=\"tel\" name=\"form_fields[telefono]\" id=\"form-field-telefono\" class=\"elementor-field elementor-size-sm  elementor-field-textual\" placeholder=\"Telefon\" required=\"required\" pattern=\"[0-9()#&amp;+*-=.]+\" title=\"Nur Nummern oder Telefon-Zeichen (#, -, *, etc) werden akzeptiert.\">\n\n\t\t\t\t\t\t<\/div>\n\t\t\t\t\t\t\t\t<div class=\"elementor-field-type-textarea elementor-field-group elementor-column elementor-field-group-message elementor-col-100\">\n\t\t\t\t\t\t\t\t\t\t\t\t<label for=\"form-field-message\" class=\"elementor-field-label elementor-screen-only\">\n\t\t\t\t\t\t\t\tNachricht\t\t\t\t\t\t\t<\/label>\n\t\t\t\t\t\t<textarea class=\"elementor-field-textual elementor-field  elementor-size-sm\" name=\"form_fields[message]\" id=\"form-field-message\" rows=\"\" placeholder=\"Nachricht\"><\/textarea>\t\t\t\t<\/div>\n\t\t\t\t\t\t\t\t<div class=\"elementor-field-group elementor-column elementor-field-type-submit elementor-col-100 e-form__buttons\">\n\t\t\t\t\t<button class=\"elementor-button elementor-size-sm\" type=\"submit\">\n\t\t\t\t\t\t<span class=\"elementor-button-content-wrapper\">\n\t\t\t\t\t\t\t\t\t\t\t\t\t\t\t\t\t\t\t\t\t\t<span class=\"elementor-button-text\">Senden Sie<\/span>\n\t\t\t\t\t\t\t\t\t\t\t\t\t<\/span>\n\t\t\t\t\t<\/button>\n\t\t\t\t<\/div>\n\t\t\t<\/div>\n\t\t<\/form>\n\t\t\t\t\t\t<\/div>\n\t\t\t\t<\/div>\n\t\t\t\t<\/div>\n\t\t\t\t\t<\/div>\n\t\t\t\t<\/div>\n\t\t\t\t<\/div>\n\t\t","protected":false},"excerpt":{"rendered":"<p>CRANCHI M44 Preis auf Anfrage Die Cranchi M44 HT ist der Inbegriff von intelligentem Design und bietet die perfekte Balance zwischen einem stilvollen Day Cruiser und einer komfortablen Familienyacht. Sie ist ein Meisterwerk der Funktionalit\u00e4t, das jeden Moment an Bord f\u00fcr Familie und Freunde m\u00fchelos und unvergesslich macht. Intelligente Vielseitigkeit Wechseln Sie m\u00fchelos von einer [&hellip;]<\/p>\n","protected":false},"author":1,"featured_media":0,"parent":0,"menu_order":0,"comment_status":"closed","ping_status":"closed","template":"","meta":{"footnotes":""},"class_list":["post-28190","page","type-page","status-publish","hentry"],"yoast_head":"<!-- This site is optimized with the Yoast SEO plugin v27.3 - https:\/\/yoast.com\/product\/yoast-seo-wordpress\/ -->\n<title>Cranchi M44 - Frattin Yachting<\/title>\n<meta name=\"robots\" content=\"index, follow, max-snippet:-1, max-image-preview:large, max-video-preview:-1\" \/>\n<link rel=\"canonical\" href=\"https:\/\/frattinyachting.it\/de\/cranchi-m44\/\" \/>\n<meta property=\"og:locale\" content=\"de_DE\" \/>\n<meta property=\"og:type\" content=\"article\" \/>\n<meta property=\"og:title\" content=\"Cranchi M44 - Frattin Yachting\" \/>\n<meta property=\"og:description\" content=\"CRANCHI M44 Preis auf Anfrage Die Cranchi M44 HT ist der Inbegriff von intelligentem Design und bietet die perfekte Balance zwischen einem stilvollen Day Cruiser und einer komfortablen Familienyacht. Sie ist ein Meisterwerk der Funktionalit\u00e4t, das jeden Moment an Bord f\u00fcr Familie und Freunde m\u00fchelos und unvergesslich macht. Intelligente Vielseitigkeit Wechseln Sie m\u00fchelos von einer [&hellip;]\" \/>\n<meta property=\"og:url\" content=\"https:\/\/frattinyachting.it\/de\/cranchi-m44\/\" \/>\n<meta property=\"og:site_name\" content=\"Frattin Yachting\" \/>\n<meta property=\"article:publisher\" content=\"https:\/\/www.facebook.com\/frattin.yachting\" \/>\n<meta property=\"article:modified_time\" content=\"2025-06-17T08:49:40+00:00\" \/>\n<meta property=\"og:image\" content=\"https:\/\/frattinyachting.it\/wp-content\/uploads\/2025\/06\/1_M44HT-GrigioCosmo-0474_ygxuz7-1024x767.jpeg\" \/>\n<meta name=\"twitter:card\" content=\"summary_large_image\" \/>\n<meta name=\"twitter:label1\" content=\"Gesch\u00e4tzte Lesezeit\" \/>\n\t<meta name=\"twitter:data1\" content=\"1\u00a0Minute\" \/>\n<script type=\"application\/ld+json\" class=\"yoast-schema-graph\">{\"@context\":\"https:\\\/\\\/schema.org\",\"@graph\":[{\"@type\":\"WebPage\",\"@id\":\"https:\\\/\\\/frattinyachting.it\\\/de\\\/cranchi-m44\\\/\",\"url\":\"https:\\\/\\\/frattinyachting.it\\\/de\\\/cranchi-m44\\\/\",\"name\":\"Cranchi M44 - Frattin Yachting\",\"isPartOf\":{\"@id\":\"https:\\\/\\\/frattinyachting.it\\\/de\\\/#website\"},\"primaryImageOfPage\":{\"@id\":\"https:\\\/\\\/frattinyachting.it\\\/de\\\/cranchi-m44\\\/#primaryimage\"},\"image\":{\"@id\":\"https:\\\/\\\/frattinyachting.it\\\/de\\\/cranchi-m44\\\/#primaryimage\"},\"thumbnailUrl\":\"https:\\\/\\\/frattinyachting.it\\\/wp-content\\\/uploads\\\/2025\\\/06\\\/1_M44HT-GrigioCosmo-0474_ygxuz7-1024x767.jpeg\",\"datePublished\":\"2025-06-17T08:41:23+00:00\",\"dateModified\":\"2025-06-17T08:49:40+00:00\",\"breadcrumb\":{\"@id\":\"https:\\\/\\\/frattinyachting.it\\\/de\\\/cranchi-m44\\\/#breadcrumb\"},\"inLanguage\":\"de\",\"potentialAction\":[{\"@type\":\"ReadAction\",\"target\":[\"https:\\\/\\\/frattinyachting.it\\\/de\\\/cranchi-m44\\\/\"]}]},{\"@type\":\"ImageObject\",\"inLanguage\":\"de\",\"@id\":\"https:\\\/\\\/frattinyachting.it\\\/de\\\/cranchi-m44\\\/#primaryimage\",\"url\":\"https:\\\/\\\/frattinyachting.it\\\/wp-content\\\/uploads\\\/2025\\\/06\\\/1_M44HT-GrigioCosmo-0474_ygxuz7-1024x767.jpeg\",\"contentUrl\":\"https:\\\/\\\/frattinyachting.it\\\/wp-content\\\/uploads\\\/2025\\\/06\\\/1_M44HT-GrigioCosmo-0474_ygxuz7-1024x767.jpeg\"},{\"@type\":\"BreadcrumbList\",\"@id\":\"https:\\\/\\\/frattinyachting.it\\\/de\\\/cranchi-m44\\\/#breadcrumb\",\"itemListElement\":[{\"@type\":\"ListItem\",\"position\":1,\"name\":\"Home\",\"item\":\"https:\\\/\\\/frattinyachting.it\\\/de\\\/\"},{\"@type\":\"ListItem\",\"position\":2,\"name\":\"Cranchi M44\"}]},{\"@type\":\"WebSite\",\"@id\":\"https:\\\/\\\/frattinyachting.it\\\/de\\\/#website\",\"url\":\"https:\\\/\\\/frattinyachting.it\\\/de\\\/\",\"name\":\"Frattin Yachting\",\"description\":\"Dove i sogni prendono il largo\",\"potentialAction\":[{\"@type\":\"SearchAction\",\"target\":{\"@type\":\"EntryPoint\",\"urlTemplate\":\"https:\\\/\\\/frattinyachting.it\\\/de\\\/?s={search_term_string}\"},\"query-input\":{\"@type\":\"PropertyValueSpecification\",\"valueRequired\":true,\"valueName\":\"search_term_string\"}}],\"inLanguage\":\"de\"}]}<\/script>\n<!-- \/ Yoast SEO plugin. -->","yoast_head_json":{"title":"Cranchi M44 - Frattin Yachting","robots":{"index":"index","follow":"follow","max-snippet":"max-snippet:-1","max-image-preview":"max-image-preview:large","max-video-preview":"max-video-preview:-1"},"canonical":"https:\/\/frattinyachting.it\/de\/cranchi-m44\/","og_locale":"de_DE","og_type":"article","og_title":"Cranchi M44 - Frattin Yachting","og_description":"CRANCHI M44 Preis auf Anfrage Die Cranchi M44 HT ist der Inbegriff von intelligentem Design und bietet die perfekte Balance zwischen einem stilvollen Day Cruiser und einer komfortablen Familienyacht. Sie ist ein Meisterwerk der Funktionalit\u00e4t, das jeden Moment an Bord f\u00fcr Familie und Freunde m\u00fchelos und unvergesslich macht. Intelligente Vielseitigkeit Wechseln Sie m\u00fchelos von einer [&hellip;]","og_url":"https:\/\/frattinyachting.it\/de\/cranchi-m44\/","og_site_name":"Frattin Yachting","article_publisher":"https:\/\/www.facebook.com\/frattin.yachting","article_modified_time":"2025-06-17T08:49:40+00:00","og_image":[{"url":"https:\/\/frattinyachting.it\/wp-content\/uploads\/2025\/06\/1_M44HT-GrigioCosmo-0474_ygxuz7-1024x767.jpeg","type":"","width":"","height":""}],"twitter_card":"summary_large_image","twitter_misc":{"Gesch\u00e4tzte Lesezeit":"1\u00a0Minute"},"schema":{"@context":"https:\/\/schema.org","@graph":[{"@type":"WebPage","@id":"https:\/\/frattinyachting.it\/de\/cranchi-m44\/","url":"https:\/\/frattinyachting.it\/de\/cranchi-m44\/","name":"Cranchi M44 - Frattin Yachting","isPartOf":{"@id":"https:\/\/frattinyachting.it\/de\/#website"},"primaryImageOfPage":{"@id":"https:\/\/frattinyachting.it\/de\/cranchi-m44\/#primaryimage"},"image":{"@id":"https:\/\/frattinyachting.it\/de\/cranchi-m44\/#primaryimage"},"thumbnailUrl":"https:\/\/frattinyachting.it\/wp-content\/uploads\/2025\/06\/1_M44HT-GrigioCosmo-0474_ygxuz7-1024x767.jpeg","datePublished":"2025-06-17T08:41:23+00:00","dateModified":"2025-06-17T08:49:40+00:00","breadcrumb":{"@id":"https:\/\/frattinyachting.it\/de\/cranchi-m44\/#breadcrumb"},"inLanguage":"de","potentialAction":[{"@type":"ReadAction","target":["https:\/\/frattinyachting.it\/de\/cranchi-m44\/"]}]},{"@type":"ImageObject","inLanguage":"de","@id":"https:\/\/frattinyachting.it\/de\/cranchi-m44\/#primaryimage","url":"https:\/\/frattinyachting.it\/wp-content\/uploads\/2025\/06\/1_M44HT-GrigioCosmo-0474_ygxuz7-1024x767.jpeg","contentUrl":"https:\/\/frattinyachting.it\/wp-content\/uploads\/2025\/06\/1_M44HT-GrigioCosmo-0474_ygxuz7-1024x767.jpeg"},{"@type":"BreadcrumbList","@id":"https:\/\/frattinyachting.it\/de\/cranchi-m44\/#breadcrumb","itemListElement":[{"@type":"ListItem","position":1,"name":"Home","item":"https:\/\/frattinyachting.it\/de\/"},{"@type":"ListItem","position":2,"name":"Cranchi M44"}]},{"@type":"WebSite","@id":"https:\/\/frattinyachting.it\/de\/#website","url":"https:\/\/frattinyachting.it\/de\/","name":"Frattin Yachting","description":"Dove i sogni prendono il largo","potentialAction":[{"@type":"SearchAction","target":{"@type":"EntryPoint","urlTemplate":"https:\/\/frattinyachting.it\/de\/?s={search_term_string}"},"query-input":{"@type":"PropertyValueSpecification","valueRequired":true,"valueName":"search_term_string"}}],"inLanguage":"de"}]}},"_links":{"self":[{"href":"https:\/\/frattinyachting.it\/de\/wp-json\/wp\/v2\/pages\/28190","targetHints":{"allow":["GET"]}}],"collection":[{"href":"https:\/\/frattinyachting.it\/de\/wp-json\/wp\/v2\/pages"}],"about":[{"href":"https:\/\/frattinyachting.it\/de\/wp-json\/wp\/v2\/types\/page"}],"author":[{"embeddable":true,"href":"https:\/\/frattinyachting.it\/de\/wp-json\/wp\/v2\/users\/1"}],"replies":[{"embeddable":true,"href":"https:\/\/frattinyachting.it\/de\/wp-json\/wp\/v2\/comments?post=28190"}],"version-history":[{"count":1,"href":"https:\/\/frattinyachting.it\/de\/wp-json\/wp\/v2\/pages\/28190\/revisions"}],"predecessor-version":[{"id":28191,"href":"https:\/\/frattinyachting.it\/de\/wp-json\/wp\/v2\/pages\/28190\/revisions\/28191"}],"wp:attachment":[{"href":"https:\/\/frattinyachting.it\/de\/wp-json\/wp\/v2\/media?parent=28190"}],"curies":[{"name":"wp","href":"https:\/\/api.w.org\/{rel}","templated":true}]}}