{"id":27078,"date":"2024-09-04T13:49:05","date_gmt":"2024-09-04T13:49:05","guid":{"rendered":"https:\/\/frattinyachting.it\/a-propos-de-nous\/"},"modified":"2024-12-13T15:33:25","modified_gmt":"2024-12-13T15:33:25","slug":"a-propos-de-nous","status":"publish","type":"page","link":"https:\/\/frattinyachting.it\/fr\/a-propos-de-nous\/","title":{"rendered":"A propos de nous"},"content":{"rendered":"\t\t<div data-elementor-type=\"wp-page\" data-elementor-id=\"27078\" class=\"elementor elementor-27078 elementor-23577\" data-elementor-post-type=\"page\">\n\t\t\t\t<div class=\"elementor-element elementor-element-bf48ea2 e-con-full elementor-hidden-mobile e-flex e-con e-parent\" data-id=\"bf48ea2\" data-element_type=\"container\" data-e-type=\"container\" data-settings=\"{&quot;jet_parallax_layout_list&quot;:[],&quot;background_background&quot;:&quot;classic&quot;,&quot;motion_fx_motion_fx_scrolling&quot;:&quot;yes&quot;,&quot;animation&quot;:&quot;none&quot;,&quot;motion_fx_devices&quot;:[&quot;desktop&quot;,&quot;laptop&quot;,&quot;tablet&quot;,&quot;mobile&quot;]}\">\n\t\t\t\t<div class=\"elementor-element elementor-element-23bcb71 elementor-widget elementor-widget-heading\" data-id=\"23bcb71\" data-element_type=\"widget\" data-e-type=\"widget\" data-widget_type=\"heading.default\">\n\t\t\t\t<div class=\"elementor-widget-container\">\n\t\t\t\t\t<h2 class=\"elementor-heading-title elementor-size-default\">qui nous sommes<\/h2>\t\t\t\t<\/div>\n\t\t\t\t<\/div>\n\t\t\t\t<\/div>\n\t\t<div class=\"elementor-element elementor-element-0c63a3b e-con-full elementor-hidden-desktop elementor-hidden-laptop elementor-hidden-tablet e-flex e-con e-parent\" data-id=\"0c63a3b\" data-element_type=\"container\" data-e-type=\"container\" data-settings=\"{&quot;jet_parallax_layout_list&quot;:[],&quot;background_background&quot;:&quot;classic&quot;,&quot;motion_fx_motion_fx_scrolling&quot;:&quot;yes&quot;,&quot;animation&quot;:&quot;none&quot;,&quot;motion_fx_devices&quot;:[&quot;desktop&quot;,&quot;laptop&quot;,&quot;tablet&quot;,&quot;mobile&quot;]}\">\n\t\t\t\t<div class=\"elementor-element elementor-element-133aab0 elementor-widget elementor-widget-heading\" data-id=\"133aab0\" data-element_type=\"widget\" data-e-type=\"widget\" data-widget_type=\"heading.default\">\n\t\t\t\t<div class=\"elementor-widget-container\">\n\t\t\t\t\t<h2 class=\"elementor-heading-title elementor-size-default\">qui nous sommes<\/h2>\t\t\t\t<\/div>\n\t\t\t\t<\/div>\n\t\t\t\t<\/div>\n\t\t<div class=\"elementor-element elementor-element-bdef041 animated-slow e-flex e-con-boxed elementor-invisible e-con e-parent\" data-id=\"bdef041\" data-element_type=\"container\" data-e-type=\"container\" data-settings=\"{&quot;jet_parallax_layout_list&quot;:[],&quot;animation&quot;:&quot;fadeInUp&quot;,&quot;animation_delay&quot;:500}\">\n\t\t\t\t\t<div class=\"e-con-inner\">\n\t\t<div class=\"elementor-element elementor-element-1e8cd9c e-con-full e-flex e-con e-child\" data-id=\"1e8cd9c\" data-element_type=\"container\" data-e-type=\"container\" data-settings=\"{&quot;jet_parallax_layout_list&quot;:[]}\">\n\t\t\t\t<div class=\"elementor-element elementor-element-e616009 elementor-widget elementor-widget-heading\" data-id=\"e616009\" data-element_type=\"widget\" data-e-type=\"widget\" data-widget_type=\"heading.default\">\n\t\t\t\t<div class=\"elementor-widget-container\">\n\t\t\t\t\t<h2 class=\"elementor-heading-title elementor-size-default\">notre philosophie<\/h2>\t\t\t\t<\/div>\n\t\t\t\t<\/div>\n\t\t\t\t<div class=\"elementor-element elementor-element-e61791e elementor-widget elementor-widget-text-editor\" data-id=\"e61791e\" data-element_type=\"widget\" data-e-type=\"widget\" data-widget_type=\"text-editor.default\">\n\t\t\t\t<div class=\"elementor-widget-container\">\n\t\t\t\t\t\t\t\t\t<p>Depuis nos d\u00e9buts, nous avons toujours pens\u00e9 que le secret de la r\u00e9ussite r\u00e9side dans la passion et l&rsquo;enthousiasme que nous mettons dans tout ce que nous faisons. Sachant que votre satisfaction est notre plus belle r\u00e9compense, nous sommes d\u00e9termin\u00e9s \u00e0 vous apporter tout notre soutien pour une exp\u00e9rience de navigation inoubliable.Ce qui nous a guid\u00e9 dans le secteur automobile nous guide d\u00e9sormais dans le monde du bateau.<\/p>\n\t\t\t\t\t\t\t\t<\/div>\n\t\t\t\t<\/div>\n\t\t\t\t<\/div>\n\t\t<div class=\"elementor-element elementor-element-43d95dc e-con-full e-flex e-con e-child\" data-id=\"43d95dc\" data-element_type=\"container\" data-e-type=\"container\" data-settings=\"{&quot;jet_parallax_layout_list&quot;:[]}\">\n\t\t\t\t<div class=\"elementor-element elementor-element-fcdf86f elementor-widget elementor-widget-image\" data-id=\"fcdf86f\" data-element_type=\"widget\" data-e-type=\"widget\" data-widget_type=\"image.default\">\n\t\t\t\t<div class=\"elementor-widget-container\">\n\t\t\t\t\t\t\t\t\t\t\t\t\t\t\t<img fetchpriority=\"high\" decoding=\"async\" width=\"800\" height=\"534\" src=\"https:\/\/frattinyachting.it\/wp-content\/uploads\/2024\/05\/evo-r6-esterni-12-1024x683.png\" class=\"attachment-large size-large wp-image-20349\" alt=\"evo-r6-esterni-12\" srcset=\"https:\/\/frattinyachting.it\/wp-content\/uploads\/2024\/05\/evo-r6-esterni-12-1024x683.png 1024w, https:\/\/frattinyachting.it\/wp-content\/uploads\/2024\/05\/evo-r6-esterni-12-300x200.png 300w, https:\/\/frattinyachting.it\/wp-content\/uploads\/2024\/05\/evo-r6-esterni-12-768x512.png 768w, https:\/\/frattinyachting.it\/wp-content\/uploads\/2024\/05\/evo-r6-esterni-12-1536x1024.png 1536w, https:\/\/frattinyachting.it\/wp-content\/uploads\/2024\/05\/evo-r6-esterni-12.png 1920w\" sizes=\"(max-width: 800px) 100vw, 800px\" \/>\t\t\t\t\t\t\t\t\t\t\t\t\t\t\t<\/div>\n\t\t\t\t<\/div>\n\t\t\t\t<\/div>\n\t\t\t\t\t<\/div>\n\t\t\t\t<\/div>\n\t\t<div class=\"elementor-element elementor-element-ccd4f7a e-con-full e-flex elementor-invisible e-con e-parent\" data-id=\"ccd4f7a\" data-element_type=\"container\" data-e-type=\"container\" data-settings=\"{&quot;background_background&quot;:&quot;video&quot;,&quot;jet_parallax_layout_list&quot;:[],&quot;animation&quot;:&quot;fadeIn&quot;,&quot;background_video_link&quot;:&quot;https:\\\/\\\/youtu.be\\\/SrHQKcbrJkI&quot;,&quot;background_video_start&quot;:17,&quot;background_video_end&quot;:58,&quot;background_play_on_mobile&quot;:&quot;yes&quot;}\">\n\t\t<div class=\"elementor-background-video-container\">\n\t\t\t\t\t\t\t<div class=\"elementor-background-video-embed\" role=\"presentation\"><\/div>\n\t\t\t\t\t\t<\/div><div class=\"elementor-element elementor-element-a091dc5 e-con-full e-flex e-con e-child\" data-id=\"a091dc5\" data-element_type=\"container\" data-e-type=\"container\" data-settings=\"{&quot;jet_parallax_layout_list&quot;:[]}\">\n\t\t\t\t<div class=\"elementor-element elementor-element-22c7089 elementor-widget elementor-widget-spacer\" data-id=\"22c7089\" data-element_type=\"widget\" data-e-type=\"widget\" data-widget_type=\"spacer.default\">\n\t\t\t\t<div class=\"elementor-widget-container\">\n\t\t\t\t\t\t\t<div class=\"elementor-spacer\">\n\t\t\t<div class=\"elementor-spacer-inner\"><\/div>\n\t\t<\/div>\n\t\t\t\t\t\t<\/div>\n\t\t\t\t<\/div>\n\t\t\t\t<div class=\"elementor-element elementor-element-5a2c309 elementor-widget__width-initial animated-slow elementor-invisible elementor-widget elementor-widget-text-editor\" data-id=\"5a2c309\" data-element_type=\"widget\" data-e-type=\"widget\" data-settings=\"{&quot;_animation&quot;:&quot;fadeIn&quot;,&quot;_animation_delay&quot;:1000}\" data-widget_type=\"text-editor.default\">\n\t\t\t\t<div class=\"elementor-widget-container\">\n\t\t\t\t\t\t\t\t\t<p style=\"text-align: center;\">\u00ab Nous avons relev\u00e9 des d\u00e9fis, adopt\u00e9 l&rsquo;innovation et construit des relations solides au fil des ans, et il est maintenant temps d&rsquo;apporter tout cela \u00e0 l&rsquo;industrie maritime. \u00bb<\/p>\n\t\t\t\t\t\t\t\t<\/div>\n\t\t\t\t<\/div>\n\t\t\t\t<div class=\"elementor-element elementor-element-624ee17 elementor-widget elementor-widget-spacer\" data-id=\"624ee17\" data-element_type=\"widget\" data-e-type=\"widget\" data-widget_type=\"spacer.default\">\n\t\t\t\t<div class=\"elementor-widget-container\">\n\t\t\t\t\t\t\t<div class=\"elementor-spacer\">\n\t\t\t<div class=\"elementor-spacer-inner\"><\/div>\n\t\t<\/div>\n\t\t\t\t\t\t<\/div>\n\t\t\t\t<\/div>\n\t\t\t\t<\/div>\n\t\t\t\t<\/div>\n\t\t<div class=\"elementor-element elementor-element-e4dfc5b animated-slow e-flex e-con-boxed elementor-invisible e-con e-parent\" data-id=\"e4dfc5b\" data-element_type=\"container\" data-e-type=\"container\" data-settings=\"{&quot;jet_parallax_layout_list&quot;:[],&quot;animation&quot;:&quot;fadeIn&quot;,&quot;animation_delay&quot;:500}\">\n\t\t\t\t\t<div class=\"e-con-inner\">\n\t\t<div class=\"elementor-element elementor-element-8c6e163 e-con-full e-flex e-con e-child\" data-id=\"8c6e163\" data-element_type=\"container\" data-e-type=\"container\" data-settings=\"{&quot;jet_parallax_layout_list&quot;:[]}\">\n\t\t\t\t<div class=\"elementor-element elementor-element-6770d8e elementor-widget elementor-widget-image\" data-id=\"6770d8e\" data-element_type=\"widget\" data-e-type=\"widget\" data-widget_type=\"image.default\">\n\t\t\t\t<div class=\"elementor-widget-container\">\n\t\t\t\t\t\t\t\t\t\t\t\t\t\t\t<img decoding=\"async\" width=\"800\" height=\"533\" src=\"https:\/\/frattinyachting.it\/wp-content\/uploads\/2024\/02\/GL-48-Coupe-10-1024x682.webp\" class=\"attachment-large size-large wp-image-14340\" alt=\"GL-48-Coupe - 10\" srcset=\"https:\/\/frattinyachting.it\/wp-content\/uploads\/2024\/02\/GL-48-Coupe-10-1024x682.webp 1024w, https:\/\/frattinyachting.it\/wp-content\/uploads\/2024\/02\/GL-48-Coupe-10-300x200.webp 300w, https:\/\/frattinyachting.it\/wp-content\/uploads\/2024\/02\/GL-48-Coupe-10-768x511.webp 768w, https:\/\/frattinyachting.it\/wp-content\/uploads\/2024\/02\/GL-48-Coupe-10-1536x1022.webp 1536w, https:\/\/frattinyachting.it\/wp-content\/uploads\/2024\/02\/GL-48-Coupe-10-2048x1363.webp 2048w\" sizes=\"(max-width: 800px) 100vw, 800px\" \/>\t\t\t\t\t\t\t\t\t\t\t\t\t\t\t<\/div>\n\t\t\t\t<\/div>\n\t\t\t\t<\/div>\n\t\t<div class=\"elementor-element elementor-element-bab7fce e-con-full e-flex e-con e-child\" data-id=\"bab7fce\" data-element_type=\"container\" data-e-type=\"container\" data-settings=\"{&quot;jet_parallax_layout_list&quot;:[]}\">\n\t\t\t\t<div class=\"elementor-element elementor-element-9f4c8a5 elementor-widget elementor-widget-text-editor\" data-id=\"9f4c8a5\" data-element_type=\"widget\" data-e-type=\"widget\" data-widget_type=\"text-editor.default\">\n\t\t\t\t<div class=\"elementor-widget-container\">\n\t\t\t\t\t\t\t\t\t<p>Poich\u00e9 sappiamo che la vostra soddisfazione \u00e8 la nostra pi\u00f9 grande ricompensa, siamo determinati a fornirvi tutto il nostro supporto per un&rsquo;indimenticabile esperienza di navigazione.<\/p>\n<p>Il nostro team di esperti vi guider\u00e0 nella scelta della nostra vasta gamma di servizi, che includono: vendita, charter, assistenza post-vendita e gestione yacht, riuscendo cos\u00ec a soddisfarvi a 360\u00b0 nella vostra esperienza in mare<\/p>\n\t\t\t\t\t\t\t\t<\/div>\n\t\t\t\t<\/div>\n\t\t\t\t<\/div>\n\t\t\t\t\t<\/div>\n\t\t\t\t<\/div>\n\t\t<div class=\"elementor-element elementor-element-ad051e8 e-flex e-con-boxed e-con e-parent\" data-id=\"ad051e8\" data-element_type=\"container\" data-e-type=\"container\" data-settings=\"{&quot;background_background&quot;:&quot;classic&quot;,&quot;jet_parallax_layout_list&quot;:[]}\">\n\t\t\t\t\t<div class=\"e-con-inner\">\n\t\t<div class=\"elementor-element elementor-element-18c0911 e-con-full animated-slow e-flex elementor-invisible e-con e-child\" data-id=\"18c0911\" data-element_type=\"container\" data-e-type=\"container\" data-settings=\"{&quot;jet_parallax_layout_list&quot;:[],&quot;animation&quot;:&quot;fadeIn&quot;,&quot;animation_delay&quot;:500}\">\n\t\t\t\t<div class=\"elementor-element elementor-element-2162ba2 elementor-widget elementor-widget-heading\" data-id=\"2162ba2\" data-element_type=\"widget\" data-e-type=\"widget\" data-widget_type=\"heading.default\">\n\t\t\t\t<div class=\"elementor-widget-container\">\n\t\t\t\t\t<h2 class=\"elementor-heading-title elementor-size-default\">NOS chantiers<\/h2>\t\t\t\t<\/div>\n\t\t\t\t<\/div>\n\t\t\t\t<div class=\"elementor-element elementor-element-d6db010 elementor-widget elementor-widget-text-editor\" data-id=\"d6db010\" data-element_type=\"widget\" data-e-type=\"widget\" data-widget_type=\"text-editor.default\">\n\t\t\t\t<div class=\"elementor-widget-container\">\n\t\t\t\t\t\t\t\t\t<p>Depuis 2023 Frattin Yachting est une r\u00e9f\u00e9rence pour les amoureux de la mer et de la voile.<\/p><p>Notre histoire commence avec le partenariat officiel et exclusif des chantiers Astondoa, Ranieri International et le service de charter pour le chantier Dufour Catamarans.<\/p><p>Nous sommes fiers de proposer une large gamme de bateaux prestigieux, allant des mod\u00e8les faciles \u00e0 man\u0153uvrer aux grands yachts.<\/p>\t\t\t\t\t\t\t\t<\/div>\n\t\t\t\t<\/div>\n\t\t<div class=\"elementor-element elementor-element-ca33212 e-grid e-con-full e-con e-child\" data-id=\"ca33212\" data-element_type=\"container\" data-e-type=\"container\" data-settings=\"{&quot;jet_parallax_layout_list&quot;:[]}\">\n\t\t<div class=\"elementor-element elementor-element-e953bd8 e-con-full e-flex e-con e-child\" data-id=\"e953bd8\" data-element_type=\"container\" data-e-type=\"container\" data-settings=\"{&quot;jet_parallax_layout_list&quot;:[]}\">\n\t\t\t\t<div class=\"elementor-element elementor-element-4a95491 elementor-widget elementor-widget-image\" data-id=\"4a95491\" data-element_type=\"widget\" data-e-type=\"widget\" data-widget_type=\"image.default\">\n\t\t\t\t<div class=\"elementor-widget-container\">\n\t\t\t\t\t\t\t\t\t\t\t\t\t\t\t<img decoding=\"async\" width=\"800\" height=\"298\" src=\"https:\/\/frattinyachting.it\/wp-content\/uploads\/2023\/04\/Astondoa.png\" class=\"attachment-large size-large wp-image-9579\" alt=\"Astondoa\" srcset=\"https:\/\/frattinyachting.it\/wp-content\/uploads\/2023\/04\/Astondoa.png 1024w, https:\/\/frattinyachting.it\/wp-content\/uploads\/2023\/04\/Astondoa-300x112.png 300w, https:\/\/frattinyachting.it\/wp-content\/uploads\/2023\/04\/Astondoa-768x287.png 768w\" sizes=\"(max-width: 800px) 100vw, 800px\" \/>\t\t\t\t\t\t\t\t\t\t\t\t\t\t\t<\/div>\n\t\t\t\t<\/div>\n\t\t\t\t<\/div>\n\t\t<div class=\"elementor-element elementor-element-0fe2661 e-con-full e-flex e-con e-child\" data-id=\"0fe2661\" data-element_type=\"container\" data-e-type=\"container\" data-settings=\"{&quot;jet_parallax_layout_list&quot;:[]}\">\n\t\t\t\t<div class=\"elementor-element elementor-element-e31c745 elementor-widget elementor-widget-image\" data-id=\"e31c745\" data-element_type=\"widget\" data-e-type=\"widget\" data-widget_type=\"image.default\">\n\t\t\t\t<div class=\"elementor-widget-container\">\n\t\t\t\t\t\t\t\t\t\t\t\t\t\t\t<img loading=\"lazy\" decoding=\"async\" width=\"3165\" height=\"1579\" src=\"https:\/\/frattinyachting.it\/wp-content\/uploads\/2023\/11\/Logo-Ranieri-2019-WHT-BoatsInflatableBoats.png\" class=\"attachment-full size-full wp-image-22919\" alt=\"Logo Ranieri 2019 - WHT - Boats&amp;InflatableBoats\" srcset=\"https:\/\/frattinyachting.it\/wp-content\/uploads\/2023\/11\/Logo-Ranieri-2019-WHT-BoatsInflatableBoats.png 3165w, https:\/\/frattinyachting.it\/wp-content\/uploads\/2023\/11\/Logo-Ranieri-2019-WHT-BoatsInflatableBoats-300x150.png 300w, https:\/\/frattinyachting.it\/wp-content\/uploads\/2023\/11\/Logo-Ranieri-2019-WHT-BoatsInflatableBoats-1024x511.png 1024w, https:\/\/frattinyachting.it\/wp-content\/uploads\/2023\/11\/Logo-Ranieri-2019-WHT-BoatsInflatableBoats-768x383.png 768w, https:\/\/frattinyachting.it\/wp-content\/uploads\/2023\/11\/Logo-Ranieri-2019-WHT-BoatsInflatableBoats-1536x766.png 1536w, https:\/\/frattinyachting.it\/wp-content\/uploads\/2023\/11\/Logo-Ranieri-2019-WHT-BoatsInflatableBoats-2048x1022.png 2048w\" sizes=\"(max-width: 3165px) 100vw, 3165px\" \/>\t\t\t\t\t\t\t\t\t\t\t\t\t\t\t<\/div>\n\t\t\t\t<\/div>\n\t\t\t\t<\/div>\n\t\t<div class=\"elementor-element elementor-element-4002e7b e-con-full e-flex e-con e-child\" data-id=\"4002e7b\" data-element_type=\"container\" data-e-type=\"container\" data-settings=\"{&quot;jet_parallax_layout_list&quot;:[]}\">\n\t\t\t\t<div class=\"elementor-element elementor-element-a278aa9 elementor-widget elementor-widget-image\" data-id=\"a278aa9\" data-element_type=\"widget\" data-e-type=\"widget\" data-widget_type=\"image.default\">\n\t\t\t\t<div class=\"elementor-widget-container\">\n\t\t\t\t\t\t\t\t\t\t\t\t\t\t\t<img loading=\"lazy\" decoding=\"async\" width=\"800\" height=\"407\" src=\"https:\/\/frattinyachting.it\/wp-content\/uploads\/2023\/05\/cropped-LOGO-DUFOUR-CATAMARANS-WHITE-1024x521.png\" class=\"attachment-large size-large wp-image-1265\" alt=\"\" srcset=\"https:\/\/frattinyachting.it\/wp-content\/uploads\/2023\/05\/cropped-LOGO-DUFOUR-CATAMARANS-WHITE-1024x521.png 1024w, https:\/\/frattinyachting.it\/wp-content\/uploads\/2023\/05\/cropped-LOGO-DUFOUR-CATAMARANS-WHITE-300x153.png 300w, https:\/\/frattinyachting.it\/wp-content\/uploads\/2023\/05\/cropped-LOGO-DUFOUR-CATAMARANS-WHITE-768x391.png 768w, https:\/\/frattinyachting.it\/wp-content\/uploads\/2023\/05\/cropped-LOGO-DUFOUR-CATAMARANS-WHITE-1536x782.png 1536w, https:\/\/frattinyachting.it\/wp-content\/uploads\/2023\/05\/cropped-LOGO-DUFOUR-CATAMARANS-WHITE-2048x1042.png 2048w\" sizes=\"(max-width: 800px) 100vw, 800px\" \/>\t\t\t\t\t\t\t\t\t\t\t\t\t\t\t<\/div>\n\t\t\t\t<\/div>\n\t\t\t\t<\/div>\n\t\t\t\t<\/div>\n\t\t\t\t<\/div>\n\t\t\t\t\t<\/div>\n\t\t\t\t<\/div>\n\t\t\t\t<\/div>\n\t\t","protected":false},"excerpt":{"rendered":"<p>qui nous sommes qui nous sommes notre philosophie Depuis nos d\u00e9buts, nous avons toujours pens\u00e9 que le secret de la r\u00e9ussite r\u00e9side dans la passion et l&rsquo;enthousiasme que nous mettons dans tout ce que nous faisons. Sachant que votre satisfaction est notre plus belle r\u00e9compense, nous sommes d\u00e9termin\u00e9s \u00e0 vous apporter tout notre soutien pour [&hellip;]<\/p>\n","protected":false},"author":1,"featured_media":0,"parent":0,"menu_order":0,"comment_status":"closed","ping_status":"closed","template":"","meta":{"footnotes":""},"class_list":["post-27078","page","type-page","status-publish","hentry"],"yoast_head":"<!-- This site is optimized with the Yoast SEO plugin v27.3 - https:\/\/yoast.com\/product\/yoast-seo-wordpress\/ -->\n<title>A propos de nous - Frattin Yachting<\/title>\n<meta name=\"robots\" content=\"index, follow, max-snippet:-1, max-image-preview:large, max-video-preview:-1\" \/>\n<link rel=\"canonical\" href=\"https:\/\/frattinyachting.it\/fr\/a-propos-de-nous\/\" \/>\n<meta property=\"og:locale\" content=\"fr_FR\" \/>\n<meta property=\"og:type\" content=\"article\" \/>\n<meta property=\"og:title\" content=\"A propos de nous - Frattin Yachting\" \/>\n<meta property=\"og:description\" content=\"qui nous sommes qui nous sommes notre philosophie Depuis nos d\u00e9buts, nous avons toujours pens\u00e9 que le secret de la r\u00e9ussite r\u00e9side dans la passion et l&rsquo;enthousiasme que nous mettons dans tout ce que nous faisons. Sachant que votre satisfaction est notre plus belle r\u00e9compense, nous sommes d\u00e9termin\u00e9s \u00e0 vous apporter tout notre soutien pour [&hellip;]\" \/>\n<meta property=\"og:url\" content=\"https:\/\/frattinyachting.it\/fr\/a-propos-de-nous\/\" \/>\n<meta property=\"og:site_name\" content=\"Frattin Yachting\" \/>\n<meta property=\"article:publisher\" content=\"https:\/\/www.facebook.com\/frattin.yachting\" \/>\n<meta property=\"article:modified_time\" content=\"2024-12-13T15:33:25+00:00\" \/>\n<meta property=\"og:image\" content=\"https:\/\/frattinyachting.it\/wp-content\/uploads\/2024\/05\/evo-r6-esterni-12-1024x683.png\" \/>\n\t<meta property=\"og:image:width\" content=\"1024\" \/>\n\t<meta property=\"og:image:height\" content=\"683\" \/>\n\t<meta property=\"og:image:type\" content=\"image\/png\" \/>\n<meta name=\"twitter:card\" content=\"summary_large_image\" \/>\n<meta name=\"twitter:label1\" content=\"Dur\u00e9e de lecture estim\u00e9e\" \/>\n\t<meta name=\"twitter:data1\" content=\"3 minutes\" \/>\n<script type=\"application\/ld+json\" class=\"yoast-schema-graph\">{\"@context\":\"https:\\\/\\\/schema.org\",\"@graph\":[{\"@type\":\"WebPage\",\"@id\":\"https:\\\/\\\/frattinyachting.it\\\/fr\\\/a-propos-de-nous\\\/\",\"url\":\"https:\\\/\\\/frattinyachting.it\\\/fr\\\/a-propos-de-nous\\\/\",\"name\":\"A propos de nous - Frattin Yachting\",\"isPartOf\":{\"@id\":\"https:\\\/\\\/frattinyachting.it\\\/fr\\\/#website\"},\"primaryImageOfPage\":{\"@id\":\"https:\\\/\\\/frattinyachting.it\\\/fr\\\/a-propos-de-nous\\\/#primaryimage\"},\"image\":{\"@id\":\"https:\\\/\\\/frattinyachting.it\\\/fr\\\/a-propos-de-nous\\\/#primaryimage\"},\"thumbnailUrl\":\"https:\\\/\\\/frattinyachting.it\\\/wp-content\\\/uploads\\\/2024\\\/05\\\/evo-r6-esterni-12-1024x683.png\",\"datePublished\":\"2024-09-04T13:49:05+00:00\",\"dateModified\":\"2024-12-13T15:33:25+00:00\",\"breadcrumb\":{\"@id\":\"https:\\\/\\\/frattinyachting.it\\\/fr\\\/a-propos-de-nous\\\/#breadcrumb\"},\"inLanguage\":\"fr-FR\",\"potentialAction\":[{\"@type\":\"ReadAction\",\"target\":[\"https:\\\/\\\/frattinyachting.it\\\/fr\\\/a-propos-de-nous\\\/\"]}]},{\"@type\":\"ImageObject\",\"inLanguage\":\"fr-FR\",\"@id\":\"https:\\\/\\\/frattinyachting.it\\\/fr\\\/a-propos-de-nous\\\/#primaryimage\",\"url\":\"https:\\\/\\\/frattinyachting.it\\\/wp-content\\\/uploads\\\/2024\\\/05\\\/evo-r6-esterni-12-1024x683.png\",\"contentUrl\":\"https:\\\/\\\/frattinyachting.it\\\/wp-content\\\/uploads\\\/2024\\\/05\\\/evo-r6-esterni-12-1024x683.png\"},{\"@type\":\"BreadcrumbList\",\"@id\":\"https:\\\/\\\/frattinyachting.it\\\/fr\\\/a-propos-de-nous\\\/#breadcrumb\",\"itemListElement\":[{\"@type\":\"ListItem\",\"position\":1,\"name\":\"Home\",\"item\":\"https:\\\/\\\/frattinyachting.it\\\/fr\\\/\"},{\"@type\":\"ListItem\",\"position\":2,\"name\":\"A propos de nous\"}]},{\"@type\":\"WebSite\",\"@id\":\"https:\\\/\\\/frattinyachting.it\\\/fr\\\/#website\",\"url\":\"https:\\\/\\\/frattinyachting.it\\\/fr\\\/\",\"name\":\"Frattin Yachting\",\"description\":\"Dove i sogni prendono il largo\",\"potentialAction\":[{\"@type\":\"SearchAction\",\"target\":{\"@type\":\"EntryPoint\",\"urlTemplate\":\"https:\\\/\\\/frattinyachting.it\\\/fr\\\/?s={search_term_string}\"},\"query-input\":{\"@type\":\"PropertyValueSpecification\",\"valueRequired\":true,\"valueName\":\"search_term_string\"}}],\"inLanguage\":\"fr-FR\"}]}<\/script>\n<!-- \/ Yoast SEO plugin. -->","yoast_head_json":{"title":"A propos de nous - Frattin Yachting","robots":{"index":"index","follow":"follow","max-snippet":"max-snippet:-1","max-image-preview":"max-image-preview:large","max-video-preview":"max-video-preview:-1"},"canonical":"https:\/\/frattinyachting.it\/fr\/a-propos-de-nous\/","og_locale":"fr_FR","og_type":"article","og_title":"A propos de nous - Frattin Yachting","og_description":"qui nous sommes qui nous sommes notre philosophie Depuis nos d\u00e9buts, nous avons toujours pens\u00e9 que le secret de la r\u00e9ussite r\u00e9side dans la passion et l&rsquo;enthousiasme que nous mettons dans tout ce que nous faisons. Sachant que votre satisfaction est notre plus belle r\u00e9compense, nous sommes d\u00e9termin\u00e9s \u00e0 vous apporter tout notre soutien pour [&hellip;]","og_url":"https:\/\/frattinyachting.it\/fr\/a-propos-de-nous\/","og_site_name":"Frattin Yachting","article_publisher":"https:\/\/www.facebook.com\/frattin.yachting","article_modified_time":"2024-12-13T15:33:25+00:00","og_image":[{"width":1024,"height":683,"url":"https:\/\/frattinyachting.it\/wp-content\/uploads\/2024\/05\/evo-r6-esterni-12-1024x683.png","type":"image\/png"}],"twitter_card":"summary_large_image","twitter_misc":{"Dur\u00e9e de lecture estim\u00e9e":"3 minutes"},"schema":{"@context":"https:\/\/schema.org","@graph":[{"@type":"WebPage","@id":"https:\/\/frattinyachting.it\/fr\/a-propos-de-nous\/","url":"https:\/\/frattinyachting.it\/fr\/a-propos-de-nous\/","name":"A propos de nous - Frattin Yachting","isPartOf":{"@id":"https:\/\/frattinyachting.it\/fr\/#website"},"primaryImageOfPage":{"@id":"https:\/\/frattinyachting.it\/fr\/a-propos-de-nous\/#primaryimage"},"image":{"@id":"https:\/\/frattinyachting.it\/fr\/a-propos-de-nous\/#primaryimage"},"thumbnailUrl":"https:\/\/frattinyachting.it\/wp-content\/uploads\/2024\/05\/evo-r6-esterni-12-1024x683.png","datePublished":"2024-09-04T13:49:05+00:00","dateModified":"2024-12-13T15:33:25+00:00","breadcrumb":{"@id":"https:\/\/frattinyachting.it\/fr\/a-propos-de-nous\/#breadcrumb"},"inLanguage":"fr-FR","potentialAction":[{"@type":"ReadAction","target":["https:\/\/frattinyachting.it\/fr\/a-propos-de-nous\/"]}]},{"@type":"ImageObject","inLanguage":"fr-FR","@id":"https:\/\/frattinyachting.it\/fr\/a-propos-de-nous\/#primaryimage","url":"https:\/\/frattinyachting.it\/wp-content\/uploads\/2024\/05\/evo-r6-esterni-12-1024x683.png","contentUrl":"https:\/\/frattinyachting.it\/wp-content\/uploads\/2024\/05\/evo-r6-esterni-12-1024x683.png"},{"@type":"BreadcrumbList","@id":"https:\/\/frattinyachting.it\/fr\/a-propos-de-nous\/#breadcrumb","itemListElement":[{"@type":"ListItem","position":1,"name":"Home","item":"https:\/\/frattinyachting.it\/fr\/"},{"@type":"ListItem","position":2,"name":"A propos de nous"}]},{"@type":"WebSite","@id":"https:\/\/frattinyachting.it\/fr\/#website","url":"https:\/\/frattinyachting.it\/fr\/","name":"Frattin Yachting","description":"Dove i sogni prendono il largo","potentialAction":[{"@type":"SearchAction","target":{"@type":"EntryPoint","urlTemplate":"https:\/\/frattinyachting.it\/fr\/?s={search_term_string}"},"query-input":{"@type":"PropertyValueSpecification","valueRequired":true,"valueName":"search_term_string"}}],"inLanguage":"fr-FR"}]}},"_links":{"self":[{"href":"https:\/\/frattinyachting.it\/fr\/wp-json\/wp\/v2\/pages\/27078","targetHints":{"allow":["GET"]}}],"collection":[{"href":"https:\/\/frattinyachting.it\/fr\/wp-json\/wp\/v2\/pages"}],"about":[{"href":"https:\/\/frattinyachting.it\/fr\/wp-json\/wp\/v2\/types\/page"}],"author":[{"embeddable":true,"href":"https:\/\/frattinyachting.it\/fr\/wp-json\/wp\/v2\/users\/1"}],"replies":[{"embeddable":true,"href":"https:\/\/frattinyachting.it\/fr\/wp-json\/wp\/v2\/comments?post=27078"}],"version-history":[{"count":4,"href":"https:\/\/frattinyachting.it\/fr\/wp-json\/wp\/v2\/pages\/27078\/revisions"}],"predecessor-version":[{"id":27612,"href":"https:\/\/frattinyachting.it\/fr\/wp-json\/wp\/v2\/pages\/27078\/revisions\/27612"}],"wp:attachment":[{"href":"https:\/\/frattinyachting.it\/fr\/wp-json\/wp\/v2\/media?parent=27078"}],"curies":[{"name":"wp","href":"https:\/\/api.w.org\/{rel}","templated":true}]}}