{"id":27219,"date":"2024-09-26T09:06:55","date_gmt":"2024-09-26T09:06:55","guid":{"rendered":"https:\/\/frattinyachting.it\/evenements-de-frattin-yachting\/salon-nautique-des-pouilles-2024\/"},"modified":"2024-11-07T13:14:33","modified_gmt":"2024-11-07T13:14:33","slug":"salon-nautique-des-pouilles-2024","status":"publish","type":"page","link":"https:\/\/frattinyachting.it\/fr\/evenements-de-frattin-yachting\/salon-nautique-des-pouilles-2024\/","title":{"rendered":"Salon nautique des Pouilles 2024"},"content":{"rendered":"\t\t<div data-elementor-type=\"wp-page\" data-elementor-id=\"27219\" class=\"elementor elementor-27219 elementor-25728\" data-elementor-post-type=\"page\">\n\t\t\t\t<div class=\"elementor-element elementor-element-183f938 e-con-full e-flex e-con e-parent\" data-id=\"183f938\" data-element_type=\"container\" data-e-type=\"container\" data-settings=\"{&quot;jet_parallax_layout_list&quot;:[],&quot;background_background&quot;:&quot;classic&quot;,&quot;motion_fx_motion_fx_scrolling&quot;:&quot;yes&quot;,&quot;animation&quot;:&quot;none&quot;,&quot;motion_fx_devices&quot;:[&quot;desktop&quot;,&quot;laptop&quot;,&quot;tablet&quot;,&quot;mobile&quot;]}\">\n\t\t\t\t<div class=\"elementor-element elementor-element-b4623bf elementor-widget elementor-widget-spacer\" data-id=\"b4623bf\" data-element_type=\"widget\" data-e-type=\"widget\" data-widget_type=\"spacer.default\">\n\t\t\t\t<div class=\"elementor-widget-container\">\n\t\t\t\t\t\t\t<div class=\"elementor-spacer\">\n\t\t\t<div class=\"elementor-spacer-inner\"><\/div>\n\t\t<\/div>\n\t\t\t\t\t\t<\/div>\n\t\t\t\t<\/div>\n\t\t\t\t<\/div>\n\t\t<div class=\"elementor-element elementor-element-77d974a e-flex e-con-boxed e-con e-parent\" data-id=\"77d974a\" data-element_type=\"container\" data-e-type=\"container\" data-settings=\"{&quot;jet_parallax_layout_list&quot;:[]}\">\n\t\t\t\t\t<div class=\"e-con-inner\">\n\t\t\t\t<div class=\"elementor-element elementor-element-af0f0f8 elementor-widget__width-initial elementor-widget elementor-widget-heading\" data-id=\"af0f0f8\" data-element_type=\"widget\" data-e-type=\"widget\" data-widget_type=\"heading.default\">\n\t\t\t\t<div class=\"elementor-widget-container\">\n\t\t\t\t\t<h1 class=\"elementor-heading-title elementor-size-default\">Frattin Yachting pr\u00e9sent au Salon Nautique des Pouilles (SNIM).<\/h1>\t\t\t\t<\/div>\n\t\t\t\t<\/div>\n\t\t\t\t<div class=\"elementor-element elementor-element-5681e3c elementor-widget__width-initial elementor-widget elementor-widget-text-editor\" data-id=\"5681e3c\" data-element_type=\"widget\" data-e-type=\"widget\" data-widget_type=\"text-editor.default\">\n\t\t\t\t<div class=\"elementor-widget-container\">\n\t\t\t\t\t\t\t\t\t<p><strong>Le Snim se tiendra du 10 au 14 octobre au port touristique de Marina di Brindisi <\/strong>et offrira l&rsquo;incroyable opportunit\u00e9 d&rsquo;admirer l&rsquo;innovant <strong>Greenline 48<\/strong>.<\/p>\n<p>Frattin Yachting, concessionnaire officiel des chantiers Astondoa, Evo, Greenline et Ranieri, vous emm\u00e8nera avec lui \u00e0 la d\u00e9couverte de bateaux caract\u00e9ris\u00e9s par une technologie de pointe, des techniques de construction \u00e9volutives et des designs capables de satisfaire tout passionn\u00e9 de voile.<br \/>Propulsion hybride, passerelle de transformateur, lignes et mobilier made in Italy et bien plus encore!<\/p>\n\t\t\t\t\t\t\t\t<\/div>\n\t\t\t\t<\/div>\n\t\t\t\t\t<\/div>\n\t\t\t\t<\/div>\n\t\t<div class=\"elementor-element elementor-element-5cd910a e-con-full e-flex e-con e-parent\" data-id=\"5cd910a\" data-element_type=\"container\" data-e-type=\"container\" data-settings=\"{&quot;jet_parallax_layout_list&quot;:[]}\">\n\t\t\t\t<div class=\"elementor-element elementor-element-227b2bd elementor-widget__width-inherit elementor-widget elementor-widget-heading\" data-id=\"227b2bd\" data-element_type=\"widget\" data-e-type=\"widget\" data-widget_type=\"heading.default\">\n\t\t\t\t<div class=\"elementor-widget-container\">\n\t\t\t\t\t<h2 class=\"elementor-heading-title elementor-size-default\">visitez les mod\u00e8les greenline<\/h2>\t\t\t\t<\/div>\n\t\t\t\t<\/div>\n\t\t<div class=\"elementor-element elementor-element-b6b5c7c e-con-full e-flex e-con e-child\" data-id=\"b6b5c7c\" data-element_type=\"container\" data-e-type=\"container\" data-settings=\"{&quot;jet_parallax_layout_list&quot;:[]}\">\n\t\t\t\t<div class=\"elementor-element elementor-element-3c511bb elementor-widget elementor-widget-heading\" data-id=\"3c511bb\" data-element_type=\"widget\" data-e-type=\"widget\" data-widget_type=\"heading.default\">\n\t\t\t\t<div class=\"elementor-widget-container\">\n\t\t\t\t\t<h2 class=\"elementor-heading-title elementor-size-default\">Greenline 48 fly <\/h2>\t\t\t\t<\/div>\n\t\t\t\t<\/div>\n\t\t\t\t<div class=\"elementor-element elementor-element-c979148 elementor-widget elementor-widget-image\" data-id=\"c979148\" data-element_type=\"widget\" data-e-type=\"widget\" data-widget_type=\"image.default\">\n\t\t\t\t<div class=\"elementor-widget-container\">\n\t\t\t\t\t\t\t\t\t\t\t\t\t\t\t<img fetchpriority=\"high\" decoding=\"async\" width=\"800\" height=\"534\" src=\"https:\/\/frattinyachting.it\/wp-content\/uploads\/2024\/02\/GL48FLY-5-1024x683.webp\" class=\"attachment-large size-large wp-image-14423\" alt=\"GL48FLY - 5\" srcset=\"https:\/\/frattinyachting.it\/wp-content\/uploads\/2024\/02\/GL48FLY-5-1024x683.webp 1024w, https:\/\/frattinyachting.it\/wp-content\/uploads\/2024\/02\/GL48FLY-5-300x200.webp 300w, https:\/\/frattinyachting.it\/wp-content\/uploads\/2024\/02\/GL48FLY-5-768x512.webp 768w, https:\/\/frattinyachting.it\/wp-content\/uploads\/2024\/02\/GL48FLY-5-1536x1025.webp 1536w, https:\/\/frattinyachting.it\/wp-content\/uploads\/2024\/02\/GL48FLY-5-2048x1366.webp 2048w\" sizes=\"(max-width: 800px) 100vw, 800px\" \/>\t\t\t\t\t\t\t\t\t\t\t\t\t\t\t<\/div>\n\t\t\t\t<\/div>\n\t\t\t\t<div class=\"elementor-element elementor-element-2709b5a elementor-widget elementor-widget-button\" data-id=\"2709b5a\" data-element_type=\"widget\" data-e-type=\"widget\" data-widget_type=\"button.default\">\n\t\t\t\t<div class=\"elementor-widget-container\">\n\t\t\t\t\t\t\t\t\t<div class=\"elementor-button-wrapper\">\n\t\t\t\t\t<a class=\"elementor-button elementor-button-link elementor-size-sm elementor-animation-shrink\" href=\"https:\/\/frattinyachting.it\/fr\/contact\/\">\n\t\t\t\t\t\t<span class=\"elementor-button-content-wrapper\">\n\t\t\t\t\t\t<span class=\"elementor-button-icon\">\n\t\t\t\t<svg aria-hidden=\"true\" class=\"e-font-icon-svg e-fas-arrow-right\" viewBox=\"0 0 448 512\" xmlns=\"http:\/\/www.w3.org\/2000\/svg\"><path d=\"M190.5 66.9l22.2-22.2c9.4-9.4 24.6-9.4 33.9 0L441 239c9.4 9.4 9.4 24.6 0 33.9L246.6 467.3c-9.4 9.4-24.6 9.4-33.9 0l-22.2-22.2c-9.5-9.5-9.3-25 .4-34.3L311.4 296H24c-13.3 0-24-10.7-24-24v-32c0-13.3 10.7-24 24-24h287.4L190.9 101.2c-9.8-9.3-10-24.8-.4-34.3z\"><\/path><\/svg>\t\t\t<\/span>\n\t\t\t\t\t\t\t\t\t<span class=\"elementor-button-text\">En savoir plus<\/span>\n\t\t\t\t\t<\/span>\n\t\t\t\t\t<\/a>\n\t\t\t\t<\/div>\n\t\t\t\t\t\t\t\t<\/div>\n\t\t\t\t<\/div>\n\t\t\t\t<\/div>\n\t\t<div class=\"elementor-element elementor-element-c7a0e57 e-con-full e-grid e-con e-child\" data-id=\"c7a0e57\" data-element_type=\"container\" data-e-type=\"container\" data-settings=\"{&quot;jet_parallax_layout_list&quot;:[]}\">\n\t\t\t\t<\/div>\n\t\t\t\t<\/div>\n\t\t<div class=\"elementor-element elementor-element-e5ca544 e-flex e-con-boxed e-con e-parent\" data-id=\"e5ca544\" data-element_type=\"container\" data-e-type=\"container\" data-settings=\"{&quot;background_background&quot;:&quot;classic&quot;,&quot;jet_parallax_layout_list&quot;:[]}\">\n\t\t\t\t\t<div class=\"e-con-inner\">\n\t\t<div class=\"elementor-element elementor-element-c18466e e-con-full e-flex e-con e-child\" data-id=\"c18466e\" data-element_type=\"container\" data-e-type=\"container\" data-settings=\"{&quot;jet_parallax_layout_list&quot;:[]}\">\n\t\t\t\t<div class=\"elementor-element elementor-element-46586cc elementor-widget elementor-widget-spacer\" data-id=\"46586cc\" data-element_type=\"widget\" data-e-type=\"widget\" data-widget_type=\"spacer.default\">\n\t\t\t\t<div class=\"elementor-widget-container\">\n\t\t\t\t\t\t\t<div class=\"elementor-spacer\">\n\t\t\t<div class=\"elementor-spacer-inner\"><\/div>\n\t\t<\/div>\n\t\t\t\t\t\t<\/div>\n\t\t\t\t<\/div>\n\t\t\t\t<div class=\"elementor-element elementor-element-39654f7 elementor-widget__width-inherit elementor-widget elementor-widget-heading\" data-id=\"39654f7\" data-element_type=\"widget\" data-e-type=\"widget\" data-widget_type=\"heading.default\">\n\t\t\t\t<div class=\"elementor-widget-container\">\n\t\t\t\t\t<h3 class=\"elementor-heading-title elementor-size-default\">r\u00e9server une visite<\/h3>\t\t\t\t<\/div>\n\t\t\t\t<\/div>\n\t\t\t\t<div class=\"elementor-element elementor-element-c7e5757 elementor-widget__width-initial elementor-widget elementor-widget-text-editor\" data-id=\"c7e5757\" data-element_type=\"widget\" data-e-type=\"widget\" data-widget_type=\"text-editor.default\">\n\t\t\t\t<div class=\"elementor-widget-container\">\n\t\t\t\t\t\t\t\t\t<p>Vous aimez la mer et la voile?<br \/>Contactez-nous pour vous offrir le bateau de vos r\u00eaves.<\/p>\n\t\t\t\t\t\t\t\t<\/div>\n\t\t\t\t<\/div>\n\t\t\t\t<div class=\"elementor-element elementor-element-4bd5db6 elementor-align-center elementor-widget elementor-widget-button\" data-id=\"4bd5db6\" data-element_type=\"widget\" data-e-type=\"widget\" data-widget_type=\"button.default\">\n\t\t\t\t<div class=\"elementor-widget-container\">\n\t\t\t\t\t\t\t\t\t<div class=\"elementor-button-wrapper\">\n\t\t\t\t\t<a class=\"elementor-button elementor-button-link elementor-size-sm\" href=\"https:\/\/frattinyachting.it\/fr\/contact\/\">\n\t\t\t\t\t\t<span class=\"elementor-button-content-wrapper\">\n\t\t\t\t\t\t\t\t\t<span class=\"elementor-button-text\">R\u00e9servez maintenant<\/span>\n\t\t\t\t\t<\/span>\n\t\t\t\t\t<\/a>\n\t\t\t\t<\/div>\n\t\t\t\t\t\t\t\t<\/div>\n\t\t\t\t<\/div>\n\t\t\t\t<div class=\"elementor-element elementor-element-a6c0a05 elementor-widget elementor-widget-spacer\" data-id=\"a6c0a05\" data-element_type=\"widget\" data-e-type=\"widget\" data-widget_type=\"spacer.default\">\n\t\t\t\t<div class=\"elementor-widget-container\">\n\t\t\t\t\t\t\t<div class=\"elementor-spacer\">\n\t\t\t<div class=\"elementor-spacer-inner\"><\/div>\n\t\t<\/div>\n\t\t\t\t\t\t<\/div>\n\t\t\t\t<\/div>\n\t\t\t\t<\/div>\n\t\t\t\t\t<\/div>\n\t\t\t\t<\/div>\n\t\t\t\t<\/div>\n\t\t","protected":false},"excerpt":{"rendered":"<p>Frattin Yachting pr\u00e9sent au Salon Nautique des Pouilles (SNIM). Le Snim se tiendra du 10 au 14 octobre au port touristique de Marina di Brindisi et offrira l&rsquo;incroyable opportunit\u00e9 d&rsquo;admirer l&rsquo;innovant Greenline 48. Frattin Yachting, concessionnaire officiel des chantiers Astondoa, Evo, Greenline et Ranieri, vous emm\u00e8nera avec lui \u00e0 la d\u00e9couverte de bateaux caract\u00e9ris\u00e9s par [&hellip;]<\/p>\n","protected":false},"author":1,"featured_media":0,"parent":27101,"menu_order":0,"comment_status":"closed","ping_status":"closed","template":"","meta":{"footnotes":""},"class_list":["post-27219","page","type-page","status-publish","hentry"],"yoast_head":"<!-- This site is optimized with the Yoast SEO plugin v27.5 - https:\/\/yoast.com\/product\/yoast-seo-wordpress\/ -->\n<title>Salon nautique des Pouilles 2024 - Frattin Yachting<\/title>\n<meta name=\"robots\" content=\"index, follow, max-snippet:-1, max-image-preview:large, max-video-preview:-1\" \/>\n<link rel=\"canonical\" href=\"https:\/\/frattinyachting.it\/fr\/evenements-de-frattin-yachting\/salon-nautique-des-pouilles-2024\/\" \/>\n<meta property=\"og:locale\" content=\"fr_FR\" \/>\n<meta property=\"og:type\" content=\"article\" \/>\n<meta property=\"og:title\" content=\"Salon nautique des Pouilles 2024 - Frattin Yachting\" \/>\n<meta property=\"og:description\" content=\"Frattin Yachting pr\u00e9sent au Salon Nautique des Pouilles (SNIM). Le Snim se tiendra du 10 au 14 octobre au port touristique de Marina di Brindisi et offrira l&rsquo;incroyable opportunit\u00e9 d&rsquo;admirer l&rsquo;innovant Greenline 48. Frattin Yachting, concessionnaire officiel des chantiers Astondoa, Evo, Greenline et Ranieri, vous emm\u00e8nera avec lui \u00e0 la d\u00e9couverte de bateaux caract\u00e9ris\u00e9s par [&hellip;]\" \/>\n<meta property=\"og:url\" content=\"https:\/\/frattinyachting.it\/fr\/evenements-de-frattin-yachting\/salon-nautique-des-pouilles-2024\/\" \/>\n<meta property=\"og:site_name\" content=\"Frattin Yachting\" \/>\n<meta property=\"article:publisher\" content=\"https:\/\/www.facebook.com\/frattin.yachting\" \/>\n<meta property=\"article:modified_time\" content=\"2024-11-07T13:14:33+00:00\" \/>\n<meta property=\"og:image\" content=\"https:\/\/frattinyachting.it\/wp-content\/uploads\/2024\/02\/GL48FLY-5-1024x683.webp\" \/>\n<meta name=\"twitter:card\" content=\"summary_large_image\" \/>\n<meta name=\"twitter:label1\" content=\"Dur\u00e9e de lecture estim\u00e9e\" \/>\n\t<meta name=\"twitter:data1\" content=\"1 minute\" \/>\n<script type=\"application\/ld+json\" class=\"yoast-schema-graph\">{\"@context\":\"https:\\\/\\\/schema.org\",\"@graph\":[{\"@type\":\"WebPage\",\"@id\":\"https:\\\/\\\/frattinyachting.it\\\/fr\\\/evenements-de-frattin-yachting\\\/salon-nautique-des-pouilles-2024\\\/\",\"url\":\"https:\\\/\\\/frattinyachting.it\\\/fr\\\/evenements-de-frattin-yachting\\\/salon-nautique-des-pouilles-2024\\\/\",\"name\":\"Salon nautique des Pouilles 2024 - Frattin Yachting\",\"isPartOf\":{\"@id\":\"https:\\\/\\\/frattinyachting.it\\\/fr\\\/#website\"},\"primaryImageOfPage\":{\"@id\":\"https:\\\/\\\/frattinyachting.it\\\/fr\\\/evenements-de-frattin-yachting\\\/salon-nautique-des-pouilles-2024\\\/#primaryimage\"},\"image\":{\"@id\":\"https:\\\/\\\/frattinyachting.it\\\/fr\\\/evenements-de-frattin-yachting\\\/salon-nautique-des-pouilles-2024\\\/#primaryimage\"},\"thumbnailUrl\":\"https:\\\/\\\/frattinyachting.it\\\/wp-content\\\/uploads\\\/2024\\\/02\\\/GL48FLY-5-1024x683.webp\",\"datePublished\":\"2024-09-26T09:06:55+00:00\",\"dateModified\":\"2024-11-07T13:14:33+00:00\",\"breadcrumb\":{\"@id\":\"https:\\\/\\\/frattinyachting.it\\\/fr\\\/evenements-de-frattin-yachting\\\/salon-nautique-des-pouilles-2024\\\/#breadcrumb\"},\"inLanguage\":\"fr-FR\",\"potentialAction\":[{\"@type\":\"ReadAction\",\"target\":[\"https:\\\/\\\/frattinyachting.it\\\/fr\\\/evenements-de-frattin-yachting\\\/salon-nautique-des-pouilles-2024\\\/\"]}]},{\"@type\":\"ImageObject\",\"inLanguage\":\"fr-FR\",\"@id\":\"https:\\\/\\\/frattinyachting.it\\\/fr\\\/evenements-de-frattin-yachting\\\/salon-nautique-des-pouilles-2024\\\/#primaryimage\",\"url\":\"https:\\\/\\\/frattinyachting.it\\\/wp-content\\\/uploads\\\/2024\\\/02\\\/GL48FLY-5-1024x683.webp\",\"contentUrl\":\"https:\\\/\\\/frattinyachting.it\\\/wp-content\\\/uploads\\\/2024\\\/02\\\/GL48FLY-5-1024x683.webp\"},{\"@type\":\"BreadcrumbList\",\"@id\":\"https:\\\/\\\/frattinyachting.it\\\/fr\\\/evenements-de-frattin-yachting\\\/salon-nautique-des-pouilles-2024\\\/#breadcrumb\",\"itemListElement\":[{\"@type\":\"ListItem\",\"position\":1,\"name\":\"Home\",\"item\":\"https:\\\/\\\/frattinyachting.it\\\/fr\\\/\"},{\"@type\":\"ListItem\",\"position\":2,\"name\":\"\u00c9v\u00e9nements de Frattin Yachting\",\"item\":\"https:\\\/\\\/frattinyachting.it\\\/fr\\\/eventi-frattin-yachting\\\/\"},{\"@type\":\"ListItem\",\"position\":3,\"name\":\"Salon nautique des Pouilles 2024\"}]},{\"@type\":\"WebSite\",\"@id\":\"https:\\\/\\\/frattinyachting.it\\\/fr\\\/#website\",\"url\":\"https:\\\/\\\/frattinyachting.it\\\/fr\\\/\",\"name\":\"Frattin Yachting\",\"description\":\"Dove i sogni prendono il largo\",\"potentialAction\":[{\"@type\":\"SearchAction\",\"target\":{\"@type\":\"EntryPoint\",\"urlTemplate\":\"https:\\\/\\\/frattinyachting.it\\\/fr\\\/?s={search_term_string}\"},\"query-input\":{\"@type\":\"PropertyValueSpecification\",\"valueRequired\":true,\"valueName\":\"search_term_string\"}}],\"inLanguage\":\"fr-FR\"}]}<\/script>\n<!-- \/ Yoast SEO plugin. -->","yoast_head_json":{"title":"Salon nautique des Pouilles 2024 - Frattin Yachting","robots":{"index":"index","follow":"follow","max-snippet":"max-snippet:-1","max-image-preview":"max-image-preview:large","max-video-preview":"max-video-preview:-1"},"canonical":"https:\/\/frattinyachting.it\/fr\/evenements-de-frattin-yachting\/salon-nautique-des-pouilles-2024\/","og_locale":"fr_FR","og_type":"article","og_title":"Salon nautique des Pouilles 2024 - Frattin Yachting","og_description":"Frattin Yachting pr\u00e9sent au Salon Nautique des Pouilles (SNIM). Le Snim se tiendra du 10 au 14 octobre au port touristique de Marina di Brindisi et offrira l&rsquo;incroyable opportunit\u00e9 d&rsquo;admirer l&rsquo;innovant Greenline 48. Frattin Yachting, concessionnaire officiel des chantiers Astondoa, Evo, Greenline et Ranieri, vous emm\u00e8nera avec lui \u00e0 la d\u00e9couverte de bateaux caract\u00e9ris\u00e9s par [&hellip;]","og_url":"https:\/\/frattinyachting.it\/fr\/evenements-de-frattin-yachting\/salon-nautique-des-pouilles-2024\/","og_site_name":"Frattin Yachting","article_publisher":"https:\/\/www.facebook.com\/frattin.yachting","article_modified_time":"2024-11-07T13:14:33+00:00","og_image":[{"url":"https:\/\/frattinyachting.it\/wp-content\/uploads\/2024\/02\/GL48FLY-5-1024x683.webp","type":"","width":"","height":""}],"twitter_card":"summary_large_image","twitter_misc":{"Dur\u00e9e de lecture estim\u00e9e":"1 minute"},"schema":{"@context":"https:\/\/schema.org","@graph":[{"@type":"WebPage","@id":"https:\/\/frattinyachting.it\/fr\/evenements-de-frattin-yachting\/salon-nautique-des-pouilles-2024\/","url":"https:\/\/frattinyachting.it\/fr\/evenements-de-frattin-yachting\/salon-nautique-des-pouilles-2024\/","name":"Salon nautique des Pouilles 2024 - Frattin Yachting","isPartOf":{"@id":"https:\/\/frattinyachting.it\/fr\/#website"},"primaryImageOfPage":{"@id":"https:\/\/frattinyachting.it\/fr\/evenements-de-frattin-yachting\/salon-nautique-des-pouilles-2024\/#primaryimage"},"image":{"@id":"https:\/\/frattinyachting.it\/fr\/evenements-de-frattin-yachting\/salon-nautique-des-pouilles-2024\/#primaryimage"},"thumbnailUrl":"https:\/\/frattinyachting.it\/wp-content\/uploads\/2024\/02\/GL48FLY-5-1024x683.webp","datePublished":"2024-09-26T09:06:55+00:00","dateModified":"2024-11-07T13:14:33+00:00","breadcrumb":{"@id":"https:\/\/frattinyachting.it\/fr\/evenements-de-frattin-yachting\/salon-nautique-des-pouilles-2024\/#breadcrumb"},"inLanguage":"fr-FR","potentialAction":[{"@type":"ReadAction","target":["https:\/\/frattinyachting.it\/fr\/evenements-de-frattin-yachting\/salon-nautique-des-pouilles-2024\/"]}]},{"@type":"ImageObject","inLanguage":"fr-FR","@id":"https:\/\/frattinyachting.it\/fr\/evenements-de-frattin-yachting\/salon-nautique-des-pouilles-2024\/#primaryimage","url":"https:\/\/frattinyachting.it\/wp-content\/uploads\/2024\/02\/GL48FLY-5-1024x683.webp","contentUrl":"https:\/\/frattinyachting.it\/wp-content\/uploads\/2024\/02\/GL48FLY-5-1024x683.webp"},{"@type":"BreadcrumbList","@id":"https:\/\/frattinyachting.it\/fr\/evenements-de-frattin-yachting\/salon-nautique-des-pouilles-2024\/#breadcrumb","itemListElement":[{"@type":"ListItem","position":1,"name":"Home","item":"https:\/\/frattinyachting.it\/fr\/"},{"@type":"ListItem","position":2,"name":"\u00c9v\u00e9nements de Frattin Yachting","item":"https:\/\/frattinyachting.it\/fr\/eventi-frattin-yachting\/"},{"@type":"ListItem","position":3,"name":"Salon nautique des Pouilles 2024"}]},{"@type":"WebSite","@id":"https:\/\/frattinyachting.it\/fr\/#website","url":"https:\/\/frattinyachting.it\/fr\/","name":"Frattin Yachting","description":"Dove i sogni prendono il largo","potentialAction":[{"@type":"SearchAction","target":{"@type":"EntryPoint","urlTemplate":"https:\/\/frattinyachting.it\/fr\/?s={search_term_string}"},"query-input":{"@type":"PropertyValueSpecification","valueRequired":true,"valueName":"search_term_string"}}],"inLanguage":"fr-FR"}]}},"_links":{"self":[{"href":"https:\/\/frattinyachting.it\/fr\/wp-json\/wp\/v2\/pages\/27219","targetHints":{"allow":["GET"]}}],"collection":[{"href":"https:\/\/frattinyachting.it\/fr\/wp-json\/wp\/v2\/pages"}],"about":[{"href":"https:\/\/frattinyachting.it\/fr\/wp-json\/wp\/v2\/types\/page"}],"author":[{"embeddable":true,"href":"https:\/\/frattinyachting.it\/fr\/wp-json\/wp\/v2\/users\/1"}],"replies":[{"embeddable":true,"href":"https:\/\/frattinyachting.it\/fr\/wp-json\/wp\/v2\/comments?post=27219"}],"version-history":[{"count":1,"href":"https:\/\/frattinyachting.it\/fr\/wp-json\/wp\/v2\/pages\/27219\/revisions"}],"predecessor-version":[{"id":27220,"href":"https:\/\/frattinyachting.it\/fr\/wp-json\/wp\/v2\/pages\/27219\/revisions\/27220"}],"up":[{"embeddable":true,"href":"https:\/\/frattinyachting.it\/fr\/wp-json\/wp\/v2\/pages\/27101"}],"wp:attachment":[{"href":"https:\/\/frattinyachting.it\/fr\/wp-json\/wp\/v2\/media?parent=27219"}],"curies":[{"name":"wp","href":"https:\/\/api.w.org\/{rel}","templated":true}]}}