{"id":27232,"date":"2024-10-01T10:19:04","date_gmt":"2024-10-01T10:19:04","guid":{"rendered":"https:\/\/frattinyachting.it\/cookies-policy\/"},"modified":"2024-11-07T13:15:11","modified_gmt":"2024-11-07T13:15:11","slug":"cookies-policy","status":"publish","type":"page","link":"https:\/\/frattinyachting.it\/fr\/cookies-policy\/","title":{"rendered":"Cookies Policy"},"content":{"rendered":"\t\t<div data-elementor-type=\"wp-page\" data-elementor-id=\"27232\" class=\"elementor elementor-27232 elementor-26023\" data-elementor-post-type=\"page\">\n\t\t\t\t\t\t<section class=\"elementor-section elementor-top-section elementor-element elementor-element-6eef871 elementor-section-height-min-height elementor-section-boxed elementor-section-height-default elementor-section-items-middle\" data-id=\"6eef871\" data-element_type=\"section\" data-e-type=\"section\" data-settings=\"{&quot;background_background&quot;:&quot;classic&quot;,&quot;jet_parallax_layout_list&quot;:[]}\">\n\t\t\t\t\t\t\t<div class=\"elementor-background-overlay\"><\/div>\n\t\t\t\t\t\t\t<div class=\"elementor-container elementor-column-gap-default\">\n\t\t\t\t\t<div class=\"elementor-column elementor-col-100 elementor-top-column elementor-element elementor-element-8f9f62c\" data-id=\"8f9f62c\" data-element_type=\"column\" data-e-type=\"column\">\n\t\t\t<div class=\"elementor-widget-wrap elementor-element-populated\">\n\t\t\t\t\t\t<div class=\"elementor-element elementor-element-311655a elementor-widget elementor-widget-heading\" data-id=\"311655a\" data-element_type=\"widget\" data-e-type=\"widget\" data-widget_type=\"heading.default\">\n\t\t\t\t<div class=\"elementor-widget-container\">\n\t\t\t\t\t<h2 class=\"elementor-heading-title elementor-size-default\">Cookies Policy<\/h2>\t\t\t\t<\/div>\n\t\t\t\t<\/div>\n\t\t\t\t\t<\/div>\n\t\t<\/div>\n\t\t\t\t\t<\/div>\n\t\t<\/section>\n\t\t<div class=\"elementor-element elementor-element-b0dcc0c e-flex e-con-boxed e-con e-parent\" data-id=\"b0dcc0c\" data-element_type=\"container\" data-e-type=\"container\" data-settings=\"{&quot;jet_parallax_layout_list&quot;:[]}\">\n\t\t\t\t\t<div class=\"e-con-inner\">\n\t\t\t\t<div class=\"elementor-element elementor-element-7c35a29 elementor-widget elementor-widget-text-editor\" data-id=\"7c35a29\" data-element_type=\"widget\" data-e-type=\"widget\" data-widget_type=\"text-editor.default\">\n\t\t\t\t<div class=\"elementor-widget-container\">\n\t\t\t\t\t\t\t\t\t<div id=\"content\" class=\"site-content\">\n<div class=\"ast-container\">\n<div id=\"primary\" class=\"content-area primary\"><main id=\"main\" class=\"site-main\"><\/p>\n<article id=\"post-1649\" class=\"post-1649 page type-page status-publish ast-article-single\">\n<div class=\"entry-content clear\">\n<h2 class=\"wp-block-heading\">Mentions l\u00e9gales<\/h2>\n<p>Les textes, informations et autres donn\u00e9es publi\u00e9s sur ce site ainsi que les liens vers d&rsquo;autres sites du web le sont \u00e0 titre informatif uniquement et ne rev\u00eatent aucun caract\u00e8re officiel. Il n&rsquo;assume aucune responsabilit\u00e9 pour toute erreur ou omission de quelque nature que ce soit et pour tout type de dommage direct, indirect ou accidentel r\u00e9sultant de la lecture ou de l&rsquo;utilisation des informations publi\u00e9es, ou de toute forme de contenu pr\u00e9sent sur le site ou de l&rsquo;acc\u00e8s ou de l&rsquo;utilisation de mat\u00e9riel contenu sur d\u2019autres sites. <\/p>\n<\/div>\n<\/article>\n<p><\/main><\/div>\n<\/div>\n<\/div>\n<footer id=\"colophon\" class=\"site-footer\">\n<div class=\"site-below-footer-wrap ast-builder-grid-row-container site-footer-focus-item ast-builder-grid-row-2-lheavy ast-builder-grid-row-tablet-2-equal ast-builder-grid-row-mobile-full ast-footer-row-stack ast-footer-row-tablet-stack ast-footer-row-mobile-stack\" data-section=\"section-below-footer-builder\">\n<div class=\"ast-builder-grid-row-container-inner\">\n<div class=\"ast-builder-footer-grid-columns site-below-footer-inner-wrap ast-builder-grid-row\">\n<div class=\"site-footer-below-section-1 site-footer-section site-footer-section-1\">\n<div class=\"ast-builder-layout-element ast-flex site-footer-focus-item ast-footer-copyright\" data-section=\"section-footer-builder\">\n<div class=\"ast-footer-copyright\"> <\/div>\n<\/div>\n<\/div>\n<\/div>\n<\/div>\n<\/div>\n<\/footer>\n\t\t\t\t\t\t\t\t<\/div>\n\t\t\t\t<\/div>\n\t\t\t\t\t<\/div>\n\t\t\t\t<\/div>\n\t\t\t\t<\/div>\n\t\t","protected":false},"excerpt":{"rendered":"<p>Cookies Policy Mentions l\u00e9gales Les textes, informations et autres donn\u00e9es publi\u00e9s sur ce site ainsi que les liens vers d&rsquo;autres sites du web le sont \u00e0 titre informatif uniquement et ne rev\u00eatent aucun caract\u00e8re officiel. Il n&rsquo;assume aucune responsabilit\u00e9 pour toute erreur ou omission de quelque nature que ce soit et pour tout type de [&hellip;]<\/p>\n","protected":false},"author":1,"featured_media":0,"parent":0,"menu_order":0,"comment_status":"closed","ping_status":"closed","template":"","meta":{"footnotes":""},"class_list":["post-27232","page","type-page","status-publish","hentry"],"yoast_head":"<!-- This site is optimized with the Yoast SEO plugin v27.3 - https:\/\/yoast.com\/product\/yoast-seo-wordpress\/ -->\n<title>Cookies Policy - Frattin Yachting<\/title>\n<meta name=\"robots\" content=\"index, follow, max-snippet:-1, max-image-preview:large, max-video-preview:-1\" \/>\n<link rel=\"canonical\" href=\"https:\/\/frattinyachting.it\/fr\/cookies-policy\/\" \/>\n<meta property=\"og:locale\" content=\"fr_FR\" \/>\n<meta property=\"og:type\" content=\"article\" \/>\n<meta property=\"og:title\" content=\"Cookies Policy - Frattin Yachting\" \/>\n<meta property=\"og:description\" content=\"Cookies Policy Mentions l\u00e9gales Les textes, informations et autres donn\u00e9es publi\u00e9s sur ce site ainsi que les liens vers d&rsquo;autres sites du web le sont \u00e0 titre informatif uniquement et ne rev\u00eatent aucun caract\u00e8re officiel. Il n&rsquo;assume aucune responsabilit\u00e9 pour toute erreur ou omission de quelque nature que ce soit et pour tout type de [&hellip;]\" \/>\n<meta property=\"og:url\" content=\"https:\/\/frattinyachting.it\/fr\/cookies-policy\/\" \/>\n<meta property=\"og:site_name\" content=\"Frattin Yachting\" \/>\n<meta property=\"article:publisher\" content=\"https:\/\/www.facebook.com\/frattin.yachting\" \/>\n<meta property=\"article:modified_time\" content=\"2024-11-07T13:15:11+00:00\" \/>\n<meta name=\"twitter:card\" content=\"summary_large_image\" \/>\n<meta name=\"twitter:label1\" content=\"Dur\u00e9e de lecture estim\u00e9e\" \/>\n\t<meta name=\"twitter:data1\" content=\"1 minute\" \/>\n<script type=\"application\/ld+json\" class=\"yoast-schema-graph\">{\"@context\":\"https:\\\/\\\/schema.org\",\"@graph\":[{\"@type\":\"WebPage\",\"@id\":\"https:\\\/\\\/frattinyachting.it\\\/fr\\\/cookies-policy\\\/\",\"url\":\"https:\\\/\\\/frattinyachting.it\\\/fr\\\/cookies-policy\\\/\",\"name\":\"Cookies Policy - Frattin Yachting\",\"isPartOf\":{\"@id\":\"https:\\\/\\\/frattinyachting.it\\\/fr\\\/#website\"},\"datePublished\":\"2024-10-01T10:19:04+00:00\",\"dateModified\":\"2024-11-07T13:15:11+00:00\",\"breadcrumb\":{\"@id\":\"https:\\\/\\\/frattinyachting.it\\\/fr\\\/cookies-policy\\\/#breadcrumb\"},\"inLanguage\":\"fr-FR\",\"potentialAction\":[{\"@type\":\"ReadAction\",\"target\":[\"https:\\\/\\\/frattinyachting.it\\\/fr\\\/cookies-policy\\\/\"]}]},{\"@type\":\"BreadcrumbList\",\"@id\":\"https:\\\/\\\/frattinyachting.it\\\/fr\\\/cookies-policy\\\/#breadcrumb\",\"itemListElement\":[{\"@type\":\"ListItem\",\"position\":1,\"name\":\"Home\",\"item\":\"https:\\\/\\\/frattinyachting.it\\\/fr\\\/\"},{\"@type\":\"ListItem\",\"position\":2,\"name\":\"Cookies Policy\"}]},{\"@type\":\"WebSite\",\"@id\":\"https:\\\/\\\/frattinyachting.it\\\/fr\\\/#website\",\"url\":\"https:\\\/\\\/frattinyachting.it\\\/fr\\\/\",\"name\":\"Frattin Yachting\",\"description\":\"Dove i sogni prendono il largo\",\"potentialAction\":[{\"@type\":\"SearchAction\",\"target\":{\"@type\":\"EntryPoint\",\"urlTemplate\":\"https:\\\/\\\/frattinyachting.it\\\/fr\\\/?s={search_term_string}\"},\"query-input\":{\"@type\":\"PropertyValueSpecification\",\"valueRequired\":true,\"valueName\":\"search_term_string\"}}],\"inLanguage\":\"fr-FR\"}]}<\/script>\n<!-- \/ Yoast SEO plugin. -->","yoast_head_json":{"title":"Cookies Policy - Frattin Yachting","robots":{"index":"index","follow":"follow","max-snippet":"max-snippet:-1","max-image-preview":"max-image-preview:large","max-video-preview":"max-video-preview:-1"},"canonical":"https:\/\/frattinyachting.it\/fr\/cookies-policy\/","og_locale":"fr_FR","og_type":"article","og_title":"Cookies Policy - Frattin Yachting","og_description":"Cookies Policy Mentions l\u00e9gales Les textes, informations et autres donn\u00e9es publi\u00e9s sur ce site ainsi que les liens vers d&rsquo;autres sites du web le sont \u00e0 titre informatif uniquement et ne rev\u00eatent aucun caract\u00e8re officiel. Il n&rsquo;assume aucune responsabilit\u00e9 pour toute erreur ou omission de quelque nature que ce soit et pour tout type de [&hellip;]","og_url":"https:\/\/frattinyachting.it\/fr\/cookies-policy\/","og_site_name":"Frattin Yachting","article_publisher":"https:\/\/www.facebook.com\/frattin.yachting","article_modified_time":"2024-11-07T13:15:11+00:00","twitter_card":"summary_large_image","twitter_misc":{"Dur\u00e9e de lecture estim\u00e9e":"1 minute"},"schema":{"@context":"https:\/\/schema.org","@graph":[{"@type":"WebPage","@id":"https:\/\/frattinyachting.it\/fr\/cookies-policy\/","url":"https:\/\/frattinyachting.it\/fr\/cookies-policy\/","name":"Cookies Policy - Frattin Yachting","isPartOf":{"@id":"https:\/\/frattinyachting.it\/fr\/#website"},"datePublished":"2024-10-01T10:19:04+00:00","dateModified":"2024-11-07T13:15:11+00:00","breadcrumb":{"@id":"https:\/\/frattinyachting.it\/fr\/cookies-policy\/#breadcrumb"},"inLanguage":"fr-FR","potentialAction":[{"@type":"ReadAction","target":["https:\/\/frattinyachting.it\/fr\/cookies-policy\/"]}]},{"@type":"BreadcrumbList","@id":"https:\/\/frattinyachting.it\/fr\/cookies-policy\/#breadcrumb","itemListElement":[{"@type":"ListItem","position":1,"name":"Home","item":"https:\/\/frattinyachting.it\/fr\/"},{"@type":"ListItem","position":2,"name":"Cookies Policy"}]},{"@type":"WebSite","@id":"https:\/\/frattinyachting.it\/fr\/#website","url":"https:\/\/frattinyachting.it\/fr\/","name":"Frattin Yachting","description":"Dove i sogni prendono il largo","potentialAction":[{"@type":"SearchAction","target":{"@type":"EntryPoint","urlTemplate":"https:\/\/frattinyachting.it\/fr\/?s={search_term_string}"},"query-input":{"@type":"PropertyValueSpecification","valueRequired":true,"valueName":"search_term_string"}}],"inLanguage":"fr-FR"}]}},"_links":{"self":[{"href":"https:\/\/frattinyachting.it\/fr\/wp-json\/wp\/v2\/pages\/27232","targetHints":{"allow":["GET"]}}],"collection":[{"href":"https:\/\/frattinyachting.it\/fr\/wp-json\/wp\/v2\/pages"}],"about":[{"href":"https:\/\/frattinyachting.it\/fr\/wp-json\/wp\/v2\/types\/page"}],"author":[{"embeddable":true,"href":"https:\/\/frattinyachting.it\/fr\/wp-json\/wp\/v2\/users\/1"}],"replies":[{"embeddable":true,"href":"https:\/\/frattinyachting.it\/fr\/wp-json\/wp\/v2\/comments?post=27232"}],"version-history":[{"count":1,"href":"https:\/\/frattinyachting.it\/fr\/wp-json\/wp\/v2\/pages\/27232\/revisions"}],"predecessor-version":[{"id":27234,"href":"https:\/\/frattinyachting.it\/fr\/wp-json\/wp\/v2\/pages\/27232\/revisions\/27234"}],"wp:attachment":[{"href":"https:\/\/frattinyachting.it\/fr\/wp-json\/wp\/v2\/media?parent=27232"}],"curies":[{"name":"wp","href":"https:\/\/api.w.org\/{rel}","templated":true}]}}