{"id":27381,"date":"2024-10-21T14:29:55","date_gmt":"2024-10-21T14:29:55","guid":{"rendered":"https:\/\/frattinyachting.it\/commandant\/"},"modified":"2024-11-07T14:58:47","modified_gmt":"2024-11-07T14:58:47","slug":"commandant","status":"publish","type":"page","link":"https:\/\/frattinyachting.it\/fr\/commandant\/","title":{"rendered":"Commandant"},"content":{"rendered":"\t\t<div data-elementor-type=\"wp-page\" data-elementor-id=\"27381\" class=\"elementor elementor-27381 elementor-26442\" data-elementor-post-type=\"page\">\n\t\t\t\t<div class=\"elementor-element elementor-element-d02e7ba e-con-full e-flex e-con e-parent\" data-id=\"d02e7ba\" data-element_type=\"container\" data-e-type=\"container\" data-settings=\"{&quot;jet_parallax_layout_list&quot;:[],&quot;background_background&quot;:&quot;classic&quot;,&quot;motion_fx_motion_fx_scrolling&quot;:&quot;yes&quot;,&quot;animation&quot;:&quot;none&quot;,&quot;motion_fx_devices&quot;:[&quot;desktop&quot;,&quot;laptop&quot;,&quot;tablet&quot;,&quot;mobile&quot;]}\">\n\t\t\t\t<div class=\"elementor-element elementor-element-8407405 elementor-widget elementor-widget-heading\" data-id=\"8407405\" data-element_type=\"widget\" data-e-type=\"widget\" data-widget_type=\"heading.default\">\n\t\t\t\t<div class=\"elementor-widget-container\">\n\t\t\t\t\t<h2 class=\"elementor-heading-title elementor-size-default\">commandants<\/h2>\t\t\t\t<\/div>\n\t\t\t\t<\/div>\n\t\t\t\t<\/div>\n\t\t<div class=\"elementor-element elementor-element-0b1cfbb e-flex e-con-boxed e-con e-parent\" data-id=\"0b1cfbb\" data-element_type=\"container\" data-e-type=\"container\" data-settings=\"{&quot;background_background&quot;:&quot;classic&quot;,&quot;jet_parallax_layout_list&quot;:[]}\">\n\t\t\t\t\t<div class=\"e-con-inner\">\n\t\t<div class=\"elementor-element elementor-element-153ed05 e-grid e-con-boxed e-con e-child\" data-id=\"153ed05\" data-element_type=\"container\" data-e-type=\"container\" data-settings=\"{&quot;jet_parallax_layout_list&quot;:[]}\">\n\t\t\t\t\t<div class=\"e-con-inner\">\n\t\t<div class=\"elementor-element elementor-element-c4d683b e-flex e-con-boxed e-con e-child\" data-id=\"c4d683b\" data-element_type=\"container\" data-e-type=\"container\" data-settings=\"{&quot;jet_parallax_layout_list&quot;:[]}\">\n\t\t\t\t\t<div class=\"e-con-inner\">\n\t\t\t\t<div class=\"elementor-element elementor-element-c4b6382 elementor-widget-mobile__width-initial elementor-widget elementor-widget-heading\" data-id=\"c4b6382\" data-element_type=\"widget\" data-e-type=\"widget\" data-widget_type=\"heading.default\">\n\t\t\t\t<div class=\"elementor-widget-container\">\n\t\t\t\t\t<h2 class=\"elementor-heading-title elementor-size-default\">\u00cates-vous un commandant ou un skipper exp\u00e9riment\u00e9?\n<\/h2>\t\t\t\t<\/div>\n\t\t\t\t<\/div>\n\t\t\t\t<div class=\"elementor-element elementor-element-ac187f5 elementor-widget elementor-widget-image\" data-id=\"ac187f5\" data-element_type=\"widget\" data-e-type=\"widget\" data-widget_type=\"image.default\">\n\t\t\t\t<div class=\"elementor-widget-container\">\n\t\t\t\t\t\t\t\t\t\t\t\t\t\t\t<img fetchpriority=\"high\" decoding=\"async\" width=\"512\" height=\"512\" src=\"https:\/\/frattinyachting.it\/wp-content\/uploads\/2023\/06\/cropped-Logo-breve-Frattin-Yachting_Tavola-disegno-1.png\" class=\"attachment-full size-full wp-image-2911\" alt=\"\" srcset=\"https:\/\/frattinyachting.it\/wp-content\/uploads\/2023\/06\/cropped-Logo-breve-Frattin-Yachting_Tavola-disegno-1.png 512w, https:\/\/frattinyachting.it\/wp-content\/uploads\/2023\/06\/cropped-Logo-breve-Frattin-Yachting_Tavola-disegno-1-300x300.png 300w, https:\/\/frattinyachting.it\/wp-content\/uploads\/2023\/06\/cropped-Logo-breve-Frattin-Yachting_Tavola-disegno-1-150x150.png 150w, https:\/\/frattinyachting.it\/wp-content\/uploads\/2023\/06\/cropped-Logo-breve-Frattin-Yachting_Tavola-disegno-1-270x270.png 270w, https:\/\/frattinyachting.it\/wp-content\/uploads\/2023\/06\/cropped-Logo-breve-Frattin-Yachting_Tavola-disegno-1-192x192.png 192w, https:\/\/frattinyachting.it\/wp-content\/uploads\/2023\/06\/cropped-Logo-breve-Frattin-Yachting_Tavola-disegno-1-180x180.png 180w, https:\/\/frattinyachting.it\/wp-content\/uploads\/2023\/06\/cropped-Logo-breve-Frattin-Yachting_Tavola-disegno-1-32x32.png 32w\" sizes=\"(max-width: 512px) 100vw, 512px\" \/>\t\t\t\t\t\t\t\t\t\t\t\t\t\t\t<\/div>\n\t\t\t\t<\/div>\n\t\t\t\t\t<\/div>\n\t\t\t\t<\/div>\n\t\t<div class=\"elementor-element elementor-element-363db8b e-flex e-con-boxed e-con e-child\" data-id=\"363db8b\" data-element_type=\"container\" data-e-type=\"container\" data-settings=\"{&quot;jet_parallax_layout_list&quot;:[]}\">\n\t\t\t\t\t<div class=\"e-con-inner\">\n\t\t\t\t<div class=\"elementor-element elementor-element-85f8cc3 elementor-widget elementor-widget-text-editor\" data-id=\"85f8cc3\" data-element_type=\"widget\" data-e-type=\"widget\" data-widget_type=\"text-editor.default\">\n\t\t\t\t<div class=\"elementor-widget-container\">\n\t\t\t\t\t\t\t\t\t<p>Vous \u00eates passionn\u00e9 par la mer et avez de l&rsquo;exp\u00e9rience dans la conduite de yachts ou de bateaux de luxe ? Frattin Yachting est toujours \u00e0 la recherche de professionnels fiables et qualifi\u00e9s pour des collaborations ponctuelles ou continues. <\/p>\n<p>Si vous souhaitez rejoindre notre r\u00e9seau, remplissez le formulaire ci-dessous. Laissez vos coordonn\u00e9es et notre \u00e9quipe vous contactera en cas d&rsquo;opportunit\u00e9s correspondant \u00e0 votre profil. <\/p>\n<p>Nous sommes impatients de conna\u00eetre votre exp\u00e9rience et de travailler ensemble !<\/p>\n\t\t\t\t\t\t\t\t<\/div>\n\t\t\t\t<\/div>\n\t\t<div class=\"elementor-element elementor-element-450ce9e e-flex e-con-boxed e-con e-child\" data-id=\"450ce9e\" data-element_type=\"container\" data-e-type=\"container\" data-settings=\"{&quot;jet_parallax_layout_list&quot;:[]}\">\n\t\t\t\t\t<div class=\"e-con-inner\">\n\t\t\t\t<div class=\"elementor-element elementor-element-9f7534b elementor-align-center elementor-widget elementor-widget-button\" data-id=\"9f7534b\" data-element_type=\"widget\" data-e-type=\"widget\" data-widget_type=\"button.default\">\n\t\t\t\t<div class=\"elementor-widget-container\">\n\t\t\t\t\t\t\t\t\t<div class=\"elementor-button-wrapper\">\n\t\t\t\t\t<a class=\"elementor-button elementor-button-link elementor-size-sm\" href=\"https:\/\/frattinyachting.it\/comandante\/#info\">\n\t\t\t\t\t\t<span class=\"elementor-button-content-wrapper\">\n\t\t\t\t\t\t<span class=\"elementor-button-icon\">\n\t\t\t\t<svg aria-hidden=\"true\" class=\"e-font-icon-svg e-fas-arrow-right\" viewBox=\"0 0 448 512\" xmlns=\"http:\/\/www.w3.org\/2000\/svg\"><path d=\"M190.5 66.9l22.2-22.2c9.4-9.4 24.6-9.4 33.9 0L441 239c9.4 9.4 9.4 24.6 0 33.9L246.6 467.3c-9.4 9.4-24.6 9.4-33.9 0l-22.2-22.2c-9.5-9.5-9.3-25 .4-34.3L311.4 296H24c-13.3 0-24-10.7-24-24v-32c0-13.3 10.7-24 24-24h287.4L190.9 101.2c-9.8-9.3-10-24.8-.4-34.3z\"><\/path><\/svg>\t\t\t<\/span>\n\t\t\t\t\t\t\t\t\t<span class=\"elementor-button-text\">Remplissez le formulaire<\/span>\n\t\t\t\t\t<\/span>\n\t\t\t\t\t<\/a>\n\t\t\t\t<\/div>\n\t\t\t\t\t\t\t\t<\/div>\n\t\t\t\t<\/div>\n\t\t\t\t\t<\/div>\n\t\t\t\t<\/div>\n\t\t\t\t\t<\/div>\n\t\t\t\t<\/div>\n\t\t\t\t\t<\/div>\n\t\t\t\t<\/div>\n\t\t\t\t\t<\/div>\n\t\t\t\t<\/div>\n\t\t<div class=\"elementor-element elementor-element-08f8fb5 e-con-full e-flex e-con e-parent\" data-id=\"08f8fb5\" data-element_type=\"container\" data-e-type=\"container\" id=\"info\" data-settings=\"{&quot;background_background&quot;:&quot;classic&quot;,&quot;jet_parallax_layout_list&quot;:[]}\">\n\t\t<div class=\"elementor-element elementor-element-973ad88 e-flex e-con-boxed e-con e-child\" data-id=\"973ad88\" data-element_type=\"container\" data-e-type=\"container\" data-settings=\"{&quot;jet_parallax_layout_list&quot;:[]}\">\n\t\t\t\t\t<div class=\"e-con-inner\">\n\t\t\t\t<div class=\"elementor-element elementor-element-467c0db elementor-widget elementor-widget-heading\" data-id=\"467c0db\" data-element_type=\"widget\" data-e-type=\"widget\" data-widget_type=\"heading.default\">\n\t\t\t\t<div class=\"elementor-widget-container\">\n\t\t\t\t\t<h2 class=\"elementor-heading-title elementor-size-default\">recevoir des informations<\/h2>\t\t\t\t<\/div>\n\t\t\t\t<\/div>\n\t\t\t\t<div class=\"elementor-element elementor-element-05b499a elementor-widget elementor-widget-text-editor\" data-id=\"05b499a\" data-element_type=\"widget\" data-e-type=\"widget\" data-widget_type=\"text-editor.default\">\n\t\t\t\t<div class=\"elementor-widget-container\">\n\t\t\t\t\t\t\t\t\t<p>Remplissez le formulaire pour \u00eatre contact\u00e9 :<\/p>\n\t\t\t\t\t\t\t\t<\/div>\n\t\t\t\t<\/div>\n\t\t\t\t<div class=\"elementor-element elementor-element-17f55ca elementor-button-align-start elementor-widget elementor-widget-form\" data-id=\"17f55ca\" data-element_type=\"widget\" data-e-type=\"widget\" data-settings=\"{&quot;step_next_label&quot;:&quot;Suivant&quot;,&quot;step_previous_label&quot;:&quot;Pr\\u00e9c\\u00e9dent&quot;,&quot;button_width&quot;:&quot;100&quot;,&quot;step_type&quot;:&quot;number_text&quot;,&quot;step_icon_shape&quot;:&quot;circle&quot;}\" data-widget_type=\"form.default\">\n\t\t\t\t<div class=\"elementor-widget-container\">\n\t\t\t\t\t\t\t<form class=\"elementor-form\" method=\"post\" name=\"Page de contact de demande g\u00e9n\u00e9rale\" aria-label=\"Page de contact de demande g\u00e9n\u00e9rale\">\n\t\t\t<input type=\"hidden\" name=\"post_id\" value=\"27381\"\/>\n\t\t\t<input type=\"hidden\" name=\"form_id\" value=\"17f55ca\"\/>\n\t\t\t<input type=\"hidden\" name=\"referer_title\" value=\"Commandant - Frattin Yachting\" \/>\n\n\t\t\t\t\t\t\t<input type=\"hidden\" name=\"queried_id\" value=\"27381\"\/>\n\t\t\t\n\t\t\t<div class=\"elementor-form-fields-wrapper elementor-labels-\">\n\t\t\t\t\t\t\t\t<div class=\"elementor-field-type-text elementor-field-group elementor-column elementor-field-group-name elementor-col-50 elementor-field-required\">\n\t\t\t\t\t\t\t\t\t\t\t\t<label for=\"form-field-name\" class=\"elementor-field-label elementor-screen-only\">\n\t\t\t\t\t\t\t\tNom\t\t\t\t\t\t\t<\/label>\n\t\t\t\t\t\t\t\t\t\t\t\t\t\t<input size=\"1\" type=\"text\" name=\"form_fields[name]\" id=\"form-field-name\" class=\"elementor-field elementor-size-sm  elementor-field-textual\" placeholder=\"Nom\" required=\"required\">\n\t\t\t\t\t\t\t\t\t\t\t<\/div>\n\t\t\t\t\t\t\t\t<div class=\"elementor-field-type-text elementor-field-group elementor-column elementor-field-group-field_6957c13 elementor-col-50 elementor-field-required\">\n\t\t\t\t\t\t\t\t\t\t\t\t<label for=\"form-field-field_6957c13\" class=\"elementor-field-label elementor-screen-only\">\n\t\t\t\t\t\t\t\tNom\t\t\t\t\t\t\t<\/label>\n\t\t\t\t\t\t\t\t\t\t\t\t\t\t<input size=\"1\" type=\"text\" name=\"form_fields[field_6957c13]\" id=\"form-field-field_6957c13\" class=\"elementor-field elementor-size-sm  elementor-field-textual\" placeholder=\"Nom\" required=\"required\">\n\t\t\t\t\t\t\t\t\t\t\t<\/div>\n\t\t\t\t\t\t\t\t<div class=\"elementor-field-type-tel elementor-field-group elementor-column elementor-field-group-field_f9249ca elementor-col-50 elementor-field-required\">\n\t\t\t\t\t\t\t\t\t\t\t\t<label for=\"form-field-field_f9249ca\" class=\"elementor-field-label elementor-screen-only\">\n\t\t\t\t\t\t\t\tT\u00e9l\u00e9phone\t\t\t\t\t\t\t<\/label>\n\t\t\t\t\t\t\t\t<input size=\"1\" type=\"tel\" name=\"form_fields[field_f9249ca]\" id=\"form-field-field_f9249ca\" class=\"elementor-field elementor-size-sm  elementor-field-textual\" placeholder=\"T\u00e9l\u00e9phone\" required=\"required\" pattern=\"[0-9()#&amp;+*-=.]+\" title=\"Seuls les caract\u00e8res de num\u00e9ros de t\u00e9l\u00e9phone (#, -, *, etc.) sont accept\u00e9s.\">\n\n\t\t\t\t\t\t<\/div>\n\t\t\t\t\t\t\t\t<div class=\"elementor-field-type-email elementor-field-group elementor-column elementor-field-group-email elementor-col-50 elementor-field-required\">\n\t\t\t\t\t\t\t\t\t\t\t\t<label for=\"form-field-email\" class=\"elementor-field-label elementor-screen-only\">\n\t\t\t\t\t\t\t\tCourriel\t\t\t\t\t\t\t<\/label>\n\t\t\t\t\t\t\t\t\t\t\t\t\t\t<input size=\"1\" type=\"email\" name=\"form_fields[email]\" id=\"form-field-email\" class=\"elementor-field elementor-size-sm  elementor-field-textual\" placeholder=\"Courriel\" required=\"required\">\n\t\t\t\t\t\t\t\t\t\t\t<\/div>\n\t\t\t\t\t\t\t\t<div class=\"elementor-field-type-radio elementor-field-group elementor-column elementor-field-group-field_09f9f49 elementor-col-100 elementor-field-required\">\n\t\t\t\t\t\t\t\t\t\t\t\t<label for=\"form-field-field_09f9f49\" class=\"elementor-field-label elementor-screen-only\">\n\t\t\t\t\t\t\t\tPermis nautique\t\t\t\t\t\t\t<\/label>\n\t\t\t\t\t\t<div class=\"elementor-field-subgroup  \"><span class=\"elementor-field-option\"><input type=\"radio\" value=\"J&#039;ai un permis bateau\" id=\"form-field-field_09f9f49-0\" name=\"form_fields[field_09f9f49]\" required=\"required\"> <label for=\"form-field-field_09f9f49-0\">J'ai un permis bateau<\/label><\/span><span class=\"elementor-field-option\"><input type=\"radio\" value=\"je n&#039;ai pas de permis bateau\" id=\"form-field-field_09f9f49-1\" name=\"form_fields[field_09f9f49]\" required=\"required\"> <label for=\"form-field-field_09f9f49-1\">je n'ai pas de permis bateau<\/label><\/span><\/div>\t\t\t\t<\/div>\n\t\t\t\t\t\t\t\t<div class=\"elementor-field-type-textarea elementor-field-group elementor-column elementor-field-group-field_d05547e elementor-col-100\">\n\t\t\t\t\t\t\t\t\t\t\t\t<label for=\"form-field-field_d05547e\" class=\"elementor-field-label elementor-screen-only\">\n\t\t\t\t\t\t\t\tMessage\t\t\t\t\t\t\t<\/label>\n\t\t\t\t\t\t<textarea class=\"elementor-field-textual elementor-field  elementor-size-sm\" name=\"form_fields[field_d05547e]\" id=\"form-field-field_d05547e\" rows=\"\" placeholder=\"Exp\u00e9rience (br\u00e8ve description)\"><\/textarea>\t\t\t\t<\/div>\n\t\t\t\t\t\t\t\t<div class=\"elementor-field-type-acceptance elementor-field-group elementor-column elementor-field-group-Accettazione elementor-col-100 elementor-field-required\">\n\t\t\t\t\t\t\t<div class=\"elementor-field-subgroup\">\n\t\t\t<span class=\"elementor-field-option\">\n\t\t\t\t<input type=\"checkbox\" name=\"form_fields[Accettazione]\" id=\"form-field-Accettazione\" class=\"elementor-field elementor-size-sm  elementor-acceptance-field\" required=\"required\">\n\t\t\t\t<label for=\"form-field-Accettazione\">Je d\u00e9clare avoir lu les informations art.13 RGPD pour le traitement des donn\u00e9es personnelles <\/label>\t\t\t<\/span>\n\t\t<\/div>\n\t\t\t\t\t\t<\/div>\n\t\t\t\t\t\t\t\t<div class=\"elementor-field-type-recaptcha_v3 elementor-field-group elementor-column elementor-field-group-field_81fea60 elementor-col-100 recaptcha_v3-bottomright\">\n\t\t\t\t\t<div class=\"elementor-field\" id=\"form-field-field_81fea60\"><div class=\"elementor-g-recaptcha\" data-sitekey=\"6LezfcopAAAAAL519M6XLryp8IWi5NvxB7AMKGC0\" data-type=\"v3\" data-action=\"Form\" data-badge=\"bottomright\" data-size=\"invisible\"><\/div><\/div>\t\t\t\t<\/div>\n\t\t\t\t\t\t\t\t<div class=\"elementor-field-group elementor-column elementor-field-type-submit elementor-col-100 e-form__buttons\">\n\t\t\t\t\t<button class=\"elementor-button elementor-size-sm elementor-animation-grow\" type=\"submit\">\n\t\t\t\t\t\t<span class=\"elementor-button-content-wrapper\">\n\t\t\t\t\t\t\t\t\t\t\t\t\t\t\t<span class=\"elementor-button-icon\">\n\t\t\t\t\t\t\t\t\t<svg aria-hidden=\"true\" class=\"e-font-icon-svg e-fas-arrow-right\" viewBox=\"0 0 448 512\" xmlns=\"http:\/\/www.w3.org\/2000\/svg\"><path d=\"M190.5 66.9l22.2-22.2c9.4-9.4 24.6-9.4 33.9 0L441 239c9.4 9.4 9.4 24.6 0 33.9L246.6 467.3c-9.4 9.4-24.6 9.4-33.9 0l-22.2-22.2c-9.5-9.5-9.3-25 .4-34.3L311.4 296H24c-13.3 0-24-10.7-24-24v-32c0-13.3 10.7-24 24-24h287.4L190.9 101.2c-9.8-9.3-10-24.8-.4-34.3z\"><\/path><\/svg>\t\t\t\t\t\t\t\t\t\t\t\t\t\t\t\t\t<\/span>\n\t\t\t\t\t\t\t\t\t\t\t\t\t\t\t\t\t\t\t\t\t\t<span class=\"elementor-button-text\">SOUMETTRE<\/span>\n\t\t\t\t\t\t\t\t\t\t\t\t\t<\/span>\n\t\t\t\t\t<\/button>\n\t\t\t\t<\/div>\n\t\t\t<\/div>\n\t\t<\/form>\n\t\t\t\t\t\t<\/div>\n\t\t\t\t<\/div>\n\t\t\t\t\t<\/div>\n\t\t\t\t<\/div>\n\t\t\t\t<\/div>\n\t\t\t\t<\/div>\n\t\t","protected":false},"excerpt":{"rendered":"<p>commandants \u00cates-vous un commandant ou un skipper exp\u00e9riment\u00e9? Vous \u00eates passionn\u00e9 par la mer et avez de l&rsquo;exp\u00e9rience dans la conduite de yachts ou de bateaux de luxe ? Frattin Yachting est toujours \u00e0 la recherche de professionnels fiables et qualifi\u00e9s pour des collaborations ponctuelles ou continues. Si vous souhaitez rejoindre notre r\u00e9seau, remplissez le [&hellip;]<\/p>\n","protected":false},"author":1,"featured_media":0,"parent":0,"menu_order":0,"comment_status":"closed","ping_status":"closed","template":"","meta":{"footnotes":""},"class_list":["post-27381","page","type-page","status-publish","hentry"],"yoast_head":"<!-- This site is optimized with the Yoast SEO plugin v27.3 - https:\/\/yoast.com\/product\/yoast-seo-wordpress\/ -->\n<title>Commandant - Frattin Yachting<\/title>\n<meta name=\"description\" content=\"Rejoignez-nous dans des \u00e9v\u00e9nements passionnants, o\u00f9 nous explorerons ensemble les derni\u00e8res nouveaut\u00e9s, les destinations enchanteresses et les passions qui nous lient au monde nautique.\" \/>\n<meta name=\"robots\" content=\"index, follow, max-snippet:-1, max-image-preview:large, max-video-preview:-1\" \/>\n<link rel=\"canonical\" href=\"https:\/\/frattinyachting.it\/fr\/commandant\/\" \/>\n<meta property=\"og:locale\" content=\"fr_FR\" \/>\n<meta property=\"og:type\" content=\"article\" \/>\n<meta property=\"og:title\" content=\"Commandant - Frattin Yachting\" \/>\n<meta property=\"og:description\" content=\"Rejoignez-nous dans des \u00e9v\u00e9nements passionnants, o\u00f9 nous explorerons ensemble les derni\u00e8res nouveaut\u00e9s, les destinations enchanteresses et les passions qui nous lient au monde nautique.\" \/>\n<meta property=\"og:url\" content=\"https:\/\/frattinyachting.it\/fr\/commandant\/\" \/>\n<meta property=\"og:site_name\" content=\"Frattin Yachting\" \/>\n<meta property=\"article:publisher\" content=\"https:\/\/www.facebook.com\/frattin.yachting\" \/>\n<meta property=\"article:modified_time\" content=\"2024-11-07T14:58:47+00:00\" \/>\n<meta property=\"og:image\" content=\"https:\/\/frattinyachting.it\/wp-content\/uploads\/2023\/06\/cropped-Logo-breve-Frattin-Yachting_Tavola-disegno-1.png\" \/>\n<meta name=\"twitter:card\" content=\"summary_large_image\" \/>\n<meta name=\"twitter:label1\" content=\"Dur\u00e9e de lecture estim\u00e9e\" \/>\n\t<meta name=\"twitter:data1\" content=\"1 minute\" \/>\n<script type=\"application\/ld+json\" class=\"yoast-schema-graph\">{\"@context\":\"https:\\\/\\\/schema.org\",\"@graph\":[{\"@type\":\"WebPage\",\"@id\":\"https:\\\/\\\/frattinyachting.it\\\/fr\\\/commandant\\\/\",\"url\":\"https:\\\/\\\/frattinyachting.it\\\/fr\\\/commandant\\\/\",\"name\":\"Commandant - Frattin Yachting\",\"isPartOf\":{\"@id\":\"https:\\\/\\\/frattinyachting.it\\\/fr\\\/#website\"},\"primaryImageOfPage\":{\"@id\":\"https:\\\/\\\/frattinyachting.it\\\/fr\\\/commandant\\\/#primaryimage\"},\"image\":{\"@id\":\"https:\\\/\\\/frattinyachting.it\\\/fr\\\/commandant\\\/#primaryimage\"},\"thumbnailUrl\":\"https:\\\/\\\/frattinyachting.it\\\/wp-content\\\/uploads\\\/2023\\\/06\\\/cropped-Logo-breve-Frattin-Yachting_Tavola-disegno-1.png\",\"datePublished\":\"2024-10-21T14:29:55+00:00\",\"dateModified\":\"2024-11-07T14:58:47+00:00\",\"description\":\"Rejoignez-nous dans des \u00e9v\u00e9nements passionnants, o\u00f9 nous explorerons ensemble les derni\u00e8res nouveaut\u00e9s, les destinations enchanteresses et les passions qui nous lient au monde nautique.\",\"breadcrumb\":{\"@id\":\"https:\\\/\\\/frattinyachting.it\\\/fr\\\/commandant\\\/#breadcrumb\"},\"inLanguage\":\"fr-FR\",\"potentialAction\":[{\"@type\":\"ReadAction\",\"target\":[\"https:\\\/\\\/frattinyachting.it\\\/fr\\\/commandant\\\/\"]}]},{\"@type\":\"ImageObject\",\"inLanguage\":\"fr-FR\",\"@id\":\"https:\\\/\\\/frattinyachting.it\\\/fr\\\/commandant\\\/#primaryimage\",\"url\":\"https:\\\/\\\/frattinyachting.it\\\/wp-content\\\/uploads\\\/2023\\\/06\\\/cropped-Logo-breve-Frattin-Yachting_Tavola-disegno-1.png\",\"contentUrl\":\"https:\\\/\\\/frattinyachting.it\\\/wp-content\\\/uploads\\\/2023\\\/06\\\/cropped-Logo-breve-Frattin-Yachting_Tavola-disegno-1.png\"},{\"@type\":\"BreadcrumbList\",\"@id\":\"https:\\\/\\\/frattinyachting.it\\\/fr\\\/commandant\\\/#breadcrumb\",\"itemListElement\":[{\"@type\":\"ListItem\",\"position\":1,\"name\":\"Home\",\"item\":\"https:\\\/\\\/frattinyachting.it\\\/fr\\\/\"},{\"@type\":\"ListItem\",\"position\":2,\"name\":\"Commandant\"}]},{\"@type\":\"WebSite\",\"@id\":\"https:\\\/\\\/frattinyachting.it\\\/fr\\\/#website\",\"url\":\"https:\\\/\\\/frattinyachting.it\\\/fr\\\/\",\"name\":\"Frattin Yachting\",\"description\":\"Dove i sogni prendono il largo\",\"potentialAction\":[{\"@type\":\"SearchAction\",\"target\":{\"@type\":\"EntryPoint\",\"urlTemplate\":\"https:\\\/\\\/frattinyachting.it\\\/fr\\\/?s={search_term_string}\"},\"query-input\":{\"@type\":\"PropertyValueSpecification\",\"valueRequired\":true,\"valueName\":\"search_term_string\"}}],\"inLanguage\":\"fr-FR\"}]}<\/script>\n<!-- \/ Yoast SEO plugin. -->","yoast_head_json":{"title":"Commandant - Frattin Yachting","description":"Rejoignez-nous dans des \u00e9v\u00e9nements passionnants, o\u00f9 nous explorerons ensemble les derni\u00e8res nouveaut\u00e9s, les destinations enchanteresses et les passions qui nous lient au monde nautique.","robots":{"index":"index","follow":"follow","max-snippet":"max-snippet:-1","max-image-preview":"max-image-preview:large","max-video-preview":"max-video-preview:-1"},"canonical":"https:\/\/frattinyachting.it\/fr\/commandant\/","og_locale":"fr_FR","og_type":"article","og_title":"Commandant - Frattin Yachting","og_description":"Rejoignez-nous dans des \u00e9v\u00e9nements passionnants, o\u00f9 nous explorerons ensemble les derni\u00e8res nouveaut\u00e9s, les destinations enchanteresses et les passions qui nous lient au monde nautique.","og_url":"https:\/\/frattinyachting.it\/fr\/commandant\/","og_site_name":"Frattin Yachting","article_publisher":"https:\/\/www.facebook.com\/frattin.yachting","article_modified_time":"2024-11-07T14:58:47+00:00","og_image":[{"url":"https:\/\/frattinyachting.it\/wp-content\/uploads\/2023\/06\/cropped-Logo-breve-Frattin-Yachting_Tavola-disegno-1.png","type":"","width":"","height":""}],"twitter_card":"summary_large_image","twitter_misc":{"Dur\u00e9e de lecture estim\u00e9e":"1 minute"},"schema":{"@context":"https:\/\/schema.org","@graph":[{"@type":"WebPage","@id":"https:\/\/frattinyachting.it\/fr\/commandant\/","url":"https:\/\/frattinyachting.it\/fr\/commandant\/","name":"Commandant - Frattin Yachting","isPartOf":{"@id":"https:\/\/frattinyachting.it\/fr\/#website"},"primaryImageOfPage":{"@id":"https:\/\/frattinyachting.it\/fr\/commandant\/#primaryimage"},"image":{"@id":"https:\/\/frattinyachting.it\/fr\/commandant\/#primaryimage"},"thumbnailUrl":"https:\/\/frattinyachting.it\/wp-content\/uploads\/2023\/06\/cropped-Logo-breve-Frattin-Yachting_Tavola-disegno-1.png","datePublished":"2024-10-21T14:29:55+00:00","dateModified":"2024-11-07T14:58:47+00:00","description":"Rejoignez-nous dans des \u00e9v\u00e9nements passionnants, o\u00f9 nous explorerons ensemble les derni\u00e8res nouveaut\u00e9s, les destinations enchanteresses et les passions qui nous lient au monde nautique.","breadcrumb":{"@id":"https:\/\/frattinyachting.it\/fr\/commandant\/#breadcrumb"},"inLanguage":"fr-FR","potentialAction":[{"@type":"ReadAction","target":["https:\/\/frattinyachting.it\/fr\/commandant\/"]}]},{"@type":"ImageObject","inLanguage":"fr-FR","@id":"https:\/\/frattinyachting.it\/fr\/commandant\/#primaryimage","url":"https:\/\/frattinyachting.it\/wp-content\/uploads\/2023\/06\/cropped-Logo-breve-Frattin-Yachting_Tavola-disegno-1.png","contentUrl":"https:\/\/frattinyachting.it\/wp-content\/uploads\/2023\/06\/cropped-Logo-breve-Frattin-Yachting_Tavola-disegno-1.png"},{"@type":"BreadcrumbList","@id":"https:\/\/frattinyachting.it\/fr\/commandant\/#breadcrumb","itemListElement":[{"@type":"ListItem","position":1,"name":"Home","item":"https:\/\/frattinyachting.it\/fr\/"},{"@type":"ListItem","position":2,"name":"Commandant"}]},{"@type":"WebSite","@id":"https:\/\/frattinyachting.it\/fr\/#website","url":"https:\/\/frattinyachting.it\/fr\/","name":"Frattin Yachting","description":"Dove i sogni prendono il largo","potentialAction":[{"@type":"SearchAction","target":{"@type":"EntryPoint","urlTemplate":"https:\/\/frattinyachting.it\/fr\/?s={search_term_string}"},"query-input":{"@type":"PropertyValueSpecification","valueRequired":true,"valueName":"search_term_string"}}],"inLanguage":"fr-FR"}]}},"_links":{"self":[{"href":"https:\/\/frattinyachting.it\/fr\/wp-json\/wp\/v2\/pages\/27381","targetHints":{"allow":["GET"]}}],"collection":[{"href":"https:\/\/frattinyachting.it\/fr\/wp-json\/wp\/v2\/pages"}],"about":[{"href":"https:\/\/frattinyachting.it\/fr\/wp-json\/wp\/v2\/types\/page"}],"author":[{"embeddable":true,"href":"https:\/\/frattinyachting.it\/fr\/wp-json\/wp\/v2\/users\/1"}],"replies":[{"embeddable":true,"href":"https:\/\/frattinyachting.it\/fr\/wp-json\/wp\/v2\/comments?post=27381"}],"version-history":[{"count":1,"href":"https:\/\/frattinyachting.it\/fr\/wp-json\/wp\/v2\/pages\/27381\/revisions"}],"predecessor-version":[{"id":27382,"href":"https:\/\/frattinyachting.it\/fr\/wp-json\/wp\/v2\/pages\/27381\/revisions\/27382"}],"wp:attachment":[{"href":"https:\/\/frattinyachting.it\/fr\/wp-json\/wp\/v2\/media?parent=27381"}],"curies":[{"name":"wp","href":"https:\/\/api.w.org\/{rel}","templated":true}]}}