{"id":27429,"date":"2024-04-22T15:53:08","date_gmt":"2024-04-22T15:53:08","guid":{"rendered":"https:\/\/frattinyachting.it\/mappa-subagenti-vendite\/"},"modified":"2024-04-22T15:53:08","modified_gmt":"2024-04-22T15:53:08","slug":"mappa-subagenti-vendite","status":"publish","type":"page","link":"https:\/\/frattinyachting.it\/fr\/mappa-subagenti-vendite\/","title":{"rendered":"Mappa Subagenti vendite"},"content":{"rendered":"\t\t<div data-elementor-type=\"wp-page\" data-elementor-id=\"27429\" class=\"elementor elementor-27429 elementor-19015\" data-elementor-post-type=\"page\">\n\t\t\t\t<div class=\"elementor-element elementor-element-7bf9c71 e-flex e-con-boxed e-con e-parent\" data-id=\"7bf9c71\" data-element_type=\"container\" data-e-type=\"container\" data-settings=\"{&quot;jet_parallax_layout_list&quot;:[]}\">\n\t\t\t\t\t<div class=\"e-con-inner\">\n\t\t\t\t<div class=\"elementor-element elementor-element-433d72d elementor-widget elementor-widget-image\" data-id=\"433d72d\" data-element_type=\"widget\" data-e-type=\"widget\" data-widget_type=\"image.default\">\n\t\t\t\t<div class=\"elementor-widget-container\">\n\t\t\t\t\t\t\t\t\t\t\t\t\t\t\t<img fetchpriority=\"high\" decoding=\"async\" width=\"1642\" height=\"580\" src=\"https:\/\/frattinyachting.it\/wp-content\/uploads\/2023\/04\/FrattinYachting_Icona_Bianca-01-e1685376123147.png\" class=\"attachment-full size-full wp-image-1491\" alt=\"\" srcset=\"https:\/\/frattinyachting.it\/wp-content\/uploads\/2023\/04\/FrattinYachting_Icona_Bianca-01-e1685376123147.png 1642w, https:\/\/frattinyachting.it\/wp-content\/uploads\/2023\/04\/FrattinYachting_Icona_Bianca-01-e1685376123147-300x106.png 300w, https:\/\/frattinyachting.it\/wp-content\/uploads\/2023\/04\/FrattinYachting_Icona_Bianca-01-e1685376123147-1024x362.png 1024w, https:\/\/frattinyachting.it\/wp-content\/uploads\/2023\/04\/FrattinYachting_Icona_Bianca-01-e1685376123147-768x271.png 768w, https:\/\/frattinyachting.it\/wp-content\/uploads\/2023\/04\/FrattinYachting_Icona_Bianca-01-e1685376123147-1536x543.png 1536w\" sizes=\"(max-width: 1642px) 100vw, 1642px\" \/>\t\t\t\t\t\t\t\t\t\t\t\t\t\t\t<\/div>\n\t\t\t\t<\/div>\n\t\t\t\t<div class=\"elementor-element elementor-element-5e4a4e5 elementor-widget elementor-widget-heading\" data-id=\"5e4a4e5\" data-element_type=\"widget\" data-e-type=\"widget\" data-widget_type=\"heading.default\">\n\t\t\t\t<div class=\"elementor-widget-container\">\n\t\t\t\t\t<h2 class=\"elementor-heading-title elementor-size-default\">SUBAGENTI VENDITE E ASSISTENZA<\/h2>\t\t\t\t<\/div>\n\t\t\t\t<\/div>\n\t\t\t\t\t<\/div>\n\t\t\t\t<\/div>\n\t\t<div class=\"elementor-element elementor-element-b236051 e-con-full elementor-hidden-mobile e-flex e-con e-parent\" data-id=\"b236051\" data-element_type=\"container\" data-e-type=\"container\" data-settings=\"{&quot;jet_parallax_layout_list&quot;:[]}\">\n\t\t\t\t<div class=\"elementor-element elementor-element-b025448 elementor-widget elementor-widget-html\" data-id=\"b025448\" data-element_type=\"widget\" data-e-type=\"widget\" data-widget_type=\"html.default\">\n\t\t\t\t<div class=\"elementor-widget-container\">\n\t\t\t\t\t<iframe src=\"https:\/\/www.google.com\/maps\/d\/u\/3\/embed?mid=1F_OjIoQGDr1_QGXO8VO_LvqAFR0J8Po&ehbc=2E312F\" width=\"640\" height=\"1000\"><\/iframe>\t\t\t\t<\/div>\n\t\t\t\t<\/div>\n\t\t\t\t<\/div>\n\t\t<div class=\"elementor-element elementor-element-5e5d47b e-con-full elementor-hidden-desktop elementor-hidden-laptop elementor-hidden-tablet e-flex e-con e-parent\" data-id=\"5e5d47b\" data-element_type=\"container\" data-e-type=\"container\" data-settings=\"{&quot;jet_parallax_layout_list&quot;:[]}\">\n\t\t\t\t<div class=\"elementor-element elementor-element-b175862 elementor-widget elementor-widget-html\" data-id=\"b175862\" data-element_type=\"widget\" data-e-type=\"widget\" data-widget_type=\"html.default\">\n\t\t\t\t<div class=\"elementor-widget-container\">\n\t\t\t\t\t<iframe src=\"https:\/\/www.google.com\/maps\/d\/u\/3\/embed?mid=1F_OjIoQGDr1_QGXO8VO_LvqAFR0J8Po&ehbc=2E312F\" width=\"640\" height=\"730\"><\/iframe>\t\t\t\t<\/div>\n\t\t\t\t<\/div>\n\t\t\t\t<\/div>\n\t\t<div class=\"elementor-element elementor-element-684efdc e-flex e-con-boxed e-con e-parent\" data-id=\"684efdc\" data-element_type=\"container\" data-e-type=\"container\" data-settings=\"{&quot;jet_parallax_layout_list&quot;:[]}\">\n\t\t\t\t\t<div class=\"e-con-inner\">\n\t\t\t\t<div class=\"elementor-element elementor-element-2536808 elementor-widget elementor-widget-heading\" data-id=\"2536808\" data-element_type=\"widget\" data-e-type=\"widget\" data-widget_type=\"heading.default\">\n\t\t\t\t<div class=\"elementor-widget-container\">\n\t\t\t\t\t<h2 class=\"elementor-heading-title elementor-size-default\">Maggiori informazioni<\/h2>\t\t\t\t<\/div>\n\t\t\t\t<\/div>\n\t\t\t\t<div class=\"elementor-element elementor-element-fbba9f6 elementor-widget elementor-widget-text-editor\" data-id=\"fbba9f6\" data-element_type=\"widget\" data-e-type=\"widget\" data-widget_type=\"text-editor.default\">\n\t\t\t\t<div class=\"elementor-widget-container\">\n\t\t\t\t\t\t\t\t\t<p>Richiedi, senza impegno, tutto ci\u00f2 di cui hai bisogno.<\/p>\t\t\t\t\t\t\t\t<\/div>\n\t\t\t\t<\/div>\n\t\t\t\t<div class=\"elementor-element elementor-element-9654189 elementor-button-align-center elementor-widget elementor-widget-form\" data-id=\"9654189\" data-element_type=\"widget\" data-e-type=\"widget\" data-settings=\"{&quot;step_next_label&quot;:&quot;Successivo&quot;,&quot;step_previous_label&quot;:&quot;Precedente&quot;,&quot;button_width&quot;:&quot;100&quot;,&quot;step_type&quot;:&quot;number_text&quot;,&quot;step_icon_shape&quot;:&quot;circle&quot;}\" data-widget_type=\"form.default\">\n\t\t\t\t<div class=\"elementor-widget-container\">\n\t\t\t\t\t\t\t<form class=\"elementor-form\" method=\"post\" name=\"Richiesta generica Home\" aria-label=\"Richiesta generica Home\">\n\t\t\t<input type=\"hidden\" name=\"post_id\" value=\"27429\"\/>\n\t\t\t<input type=\"hidden\" name=\"form_id\" value=\"9654189\"\/>\n\t\t\t<input type=\"hidden\" name=\"referer_title\" value=\"Mappa Subagenti vendite - Frattin Yachting\" \/>\n\n\t\t\t\t\t\t\t<input type=\"hidden\" name=\"queried_id\" value=\"27429\"\/>\n\t\t\t\n\t\t\t<div class=\"elementor-form-fields-wrapper elementor-labels-\">\n\t\t\t\t\t\t\t\t<div class=\"elementor-field-type-text elementor-field-group elementor-column elementor-field-group-name elementor-col-50 elementor-field-required\">\n\t\t\t\t\t\t\t\t\t\t\t\t<label for=\"form-field-name\" class=\"elementor-field-label elementor-screen-only\">\n\t\t\t\t\t\t\t\tNome\t\t\t\t\t\t\t<\/label>\n\t\t\t\t\t\t\t\t\t\t\t\t\t\t<input size=\"1\" type=\"text\" name=\"form_fields[name]\" id=\"form-field-name\" class=\"elementor-field elementor-size-sm  elementor-field-textual\" placeholder=\"Nome\" required=\"required\">\n\t\t\t\t\t\t\t\t\t\t\t<\/div>\n\t\t\t\t\t\t\t\t<div class=\"elementor-field-type-text elementor-field-group elementor-column elementor-field-group-field_6957c13 elementor-col-50 elementor-field-required\">\n\t\t\t\t\t\t\t\t\t\t\t\t<label for=\"form-field-field_6957c13\" class=\"elementor-field-label elementor-screen-only\">\n\t\t\t\t\t\t\t\tCognome\t\t\t\t\t\t\t<\/label>\n\t\t\t\t\t\t\t\t\t\t\t\t\t\t<input size=\"1\" type=\"text\" name=\"form_fields[field_6957c13]\" id=\"form-field-field_6957c13\" class=\"elementor-field elementor-size-sm  elementor-field-textual\" placeholder=\"Cognome\" required=\"required\">\n\t\t\t\t\t\t\t\t\t\t\t<\/div>\n\t\t\t\t\t\t\t\t<div class=\"elementor-field-type-email elementor-field-group elementor-column elementor-field-group-email elementor-col-50 elementor-field-required\">\n\t\t\t\t\t\t\t\t\t\t\t\t<label for=\"form-field-email\" class=\"elementor-field-label elementor-screen-only\">\n\t\t\t\t\t\t\t\tEmail\t\t\t\t\t\t\t<\/label>\n\t\t\t\t\t\t\t\t\t\t\t\t\t\t<input size=\"1\" type=\"email\" name=\"form_fields[email]\" id=\"form-field-email\" class=\"elementor-field elementor-size-sm  elementor-field-textual\" placeholder=\"Email\" required=\"required\">\n\t\t\t\t\t\t\t\t\t\t\t<\/div>\n\t\t\t\t\t\t\t\t<div class=\"elementor-field-type-tel elementor-field-group elementor-column elementor-field-group-field_f9249ca elementor-col-50 elementor-field-required\">\n\t\t\t\t\t\t\t\t\t\t\t\t<label for=\"form-field-field_f9249ca\" class=\"elementor-field-label elementor-screen-only\">\n\t\t\t\t\t\t\t\tTelefono\t\t\t\t\t\t\t<\/label>\n\t\t\t\t\t\t\t\t<input size=\"1\" type=\"tel\" name=\"form_fields[field_f9249ca]\" id=\"form-field-field_f9249ca\" class=\"elementor-field elementor-size-sm  elementor-field-textual\" placeholder=\"Telefono\" required=\"required\" pattern=\"[0-9()#&amp;+*-=.]+\" title=\"Seuls les caract\u00e8res de num\u00e9ros de t\u00e9l\u00e9phone (#, -, *, etc.) sont accept\u00e9s.\">\n\n\t\t\t\t\t\t<\/div>\n\t\t\t\t\t\t\t\t<div class=\"elementor-field-type-textarea elementor-field-group elementor-column elementor-field-group-message elementor-col-100\">\n\t\t\t\t\t\t\t\t\t\t\t\t<label for=\"form-field-message\" class=\"elementor-field-label elementor-screen-only\">\n\t\t\t\t\t\t\t\tMessaggio\t\t\t\t\t\t\t<\/label>\n\t\t\t\t\t\t<textarea class=\"elementor-field-textual elementor-field  elementor-size-sm\" name=\"form_fields[message]\" id=\"form-field-message\" rows=\"\" placeholder=\"Messaggio\"><\/textarea>\t\t\t\t<\/div>\n\t\t\t\t\t\t\t\t<div class=\"elementor-field-group elementor-column elementor-field-type-submit elementor-col-100 e-form__buttons\">\n\t\t\t\t\t<button class=\"elementor-button elementor-size-sm\" type=\"submit\">\n\t\t\t\t\t\t<span class=\"elementor-button-content-wrapper\">\n\t\t\t\t\t\t\t\t\t\t\t\t\t\t\t<span class=\"elementor-button-icon\">\n\t\t\t\t\t\t\t\t\t<svg aria-hidden=\"true\" class=\"e-font-icon-svg e-fas-arrow-up\" viewBox=\"0 0 448 512\" xmlns=\"http:\/\/www.w3.org\/2000\/svg\"><path d=\"M34.9 289.5l-22.2-22.2c-9.4-9.4-9.4-24.6 0-33.9L207 39c9.4-9.4 24.6-9.4 33.9 0l194.3 194.3c9.4 9.4 9.4 24.6 0 33.9L413 289.4c-9.5 9.5-25 9.3-34.3-.4L264 168.6V456c0 13.3-10.7 24-24 24h-32c-13.3 0-24-10.7-24-24V168.6L69.2 289.1c-9.3 9.8-24.8 10-34.3.4z\"><\/path><\/svg>\t\t\t\t\t\t\t\t\t\t\t\t\t\t\t\t\t<\/span>\n\t\t\t\t\t\t\t\t\t\t\t\t\t\t\t\t\t\t\t\t\t\t<span class=\"elementor-button-text\">INVIA<\/span>\n\t\t\t\t\t\t\t\t\t\t\t\t\t<\/span>\n\t\t\t\t\t<\/button>\n\t\t\t\t<\/div>\n\t\t\t<\/div>\n\t\t<\/form>\n\t\t\t\t\t\t<\/div>\n\t\t\t\t<\/div>\n\t\t\t\t\t<\/div>\n\t\t\t\t<\/div>\n\t\t\t\t<\/div>\n\t\t","protected":false},"excerpt":{"rendered":"<p>SUBAGENTI VENDITE E ASSISTENZA Maggiori informazioni Richiedi, senza impegno, tutto ci\u00f2 di cui hai bisogno.<\/p>\n","protected":false},"author":1,"featured_media":0,"parent":0,"menu_order":0,"comment_status":"closed","ping_status":"closed","template":"","meta":{"footnotes":""},"class_list":["post-27429","page","type-page","status-publish","hentry"],"yoast_head":"<!-- This site is optimized with the Yoast SEO plugin v27.4 - https:\/\/yoast.com\/product\/yoast-seo-wordpress\/ -->\n<title>Mappa Subagenti vendite - Frattin Yachting<\/title>\n<meta name=\"robots\" content=\"index, follow, max-snippet:-1, max-image-preview:large, max-video-preview:-1\" \/>\n<link rel=\"canonical\" href=\"https:\/\/frattinyachting.it\/fr\/mappa-subagenti-vendite\/\" \/>\n<meta property=\"og:locale\" content=\"fr_FR\" \/>\n<meta property=\"og:type\" content=\"article\" \/>\n<meta property=\"og:title\" content=\"Mappa Subagenti vendite - Frattin Yachting\" \/>\n<meta property=\"og:description\" content=\"SUBAGENTI VENDITE E ASSISTENZA Maggiori informazioni Richiedi, senza impegno, tutto ci\u00f2 di cui hai bisogno.\" \/>\n<meta property=\"og:url\" content=\"https:\/\/frattinyachting.it\/fr\/mappa-subagenti-vendite\/\" \/>\n<meta property=\"og:site_name\" content=\"Frattin Yachting\" \/>\n<meta property=\"article:publisher\" content=\"https:\/\/www.facebook.com\/frattin.yachting\" \/>\n<meta property=\"og:image\" content=\"https:\/\/frattinyachting.it\/wp-content\/uploads\/2023\/04\/FrattinYachting_Icona_Bianca-01-e1685376123147.png\" \/>\n<meta name=\"twitter:card\" content=\"summary_large_image\" \/>\n<script type=\"application\/ld+json\" class=\"yoast-schema-graph\">{\"@context\":\"https:\\\/\\\/schema.org\",\"@graph\":[{\"@type\":\"WebPage\",\"@id\":\"https:\\\/\\\/frattinyachting.it\\\/fr\\\/mappa-subagenti-vendite\\\/\",\"url\":\"https:\\\/\\\/frattinyachting.it\\\/fr\\\/mappa-subagenti-vendite\\\/\",\"name\":\"Mappa Subagenti vendite - Frattin Yachting\",\"isPartOf\":{\"@id\":\"https:\\\/\\\/frattinyachting.it\\\/fr\\\/#website\"},\"primaryImageOfPage\":{\"@id\":\"https:\\\/\\\/frattinyachting.it\\\/fr\\\/mappa-subagenti-vendite\\\/#primaryimage\"},\"image\":{\"@id\":\"https:\\\/\\\/frattinyachting.it\\\/fr\\\/mappa-subagenti-vendite\\\/#primaryimage\"},\"thumbnailUrl\":\"https:\\\/\\\/frattinyachting.it\\\/wp-content\\\/uploads\\\/2023\\\/04\\\/FrattinYachting_Icona_Bianca-01-e1685376123147.png\",\"datePublished\":\"2024-04-22T15:53:08+00:00\",\"breadcrumb\":{\"@id\":\"https:\\\/\\\/frattinyachting.it\\\/fr\\\/mappa-subagenti-vendite\\\/#breadcrumb\"},\"inLanguage\":\"fr-FR\",\"potentialAction\":[{\"@type\":\"ReadAction\",\"target\":[\"https:\\\/\\\/frattinyachting.it\\\/fr\\\/mappa-subagenti-vendite\\\/\"]}]},{\"@type\":\"ImageObject\",\"inLanguage\":\"fr-FR\",\"@id\":\"https:\\\/\\\/frattinyachting.it\\\/fr\\\/mappa-subagenti-vendite\\\/#primaryimage\",\"url\":\"https:\\\/\\\/frattinyachting.it\\\/wp-content\\\/uploads\\\/2023\\\/04\\\/FrattinYachting_Icona_Bianca-01-e1685376123147.png\",\"contentUrl\":\"https:\\\/\\\/frattinyachting.it\\\/wp-content\\\/uploads\\\/2023\\\/04\\\/FrattinYachting_Icona_Bianca-01-e1685376123147.png\"},{\"@type\":\"BreadcrumbList\",\"@id\":\"https:\\\/\\\/frattinyachting.it\\\/fr\\\/mappa-subagenti-vendite\\\/#breadcrumb\",\"itemListElement\":[{\"@type\":\"ListItem\",\"position\":1,\"name\":\"Home\",\"item\":\"https:\\\/\\\/frattinyachting.it\\\/fr\\\/\"},{\"@type\":\"ListItem\",\"position\":2,\"name\":\"Mappa Subagenti vendite\"}]},{\"@type\":\"WebSite\",\"@id\":\"https:\\\/\\\/frattinyachting.it\\\/fr\\\/#website\",\"url\":\"https:\\\/\\\/frattinyachting.it\\\/fr\\\/\",\"name\":\"Frattin Yachting\",\"description\":\"Dove i sogni prendono il largo\",\"potentialAction\":[{\"@type\":\"SearchAction\",\"target\":{\"@type\":\"EntryPoint\",\"urlTemplate\":\"https:\\\/\\\/frattinyachting.it\\\/fr\\\/?s={search_term_string}\"},\"query-input\":{\"@type\":\"PropertyValueSpecification\",\"valueRequired\":true,\"valueName\":\"search_term_string\"}}],\"inLanguage\":\"fr-FR\"}]}<\/script>\n<!-- \/ Yoast SEO plugin. -->","yoast_head_json":{"title":"Mappa Subagenti vendite - Frattin Yachting","robots":{"index":"index","follow":"follow","max-snippet":"max-snippet:-1","max-image-preview":"max-image-preview:large","max-video-preview":"max-video-preview:-1"},"canonical":"https:\/\/frattinyachting.it\/fr\/mappa-subagenti-vendite\/","og_locale":"fr_FR","og_type":"article","og_title":"Mappa Subagenti vendite - Frattin Yachting","og_description":"SUBAGENTI VENDITE E ASSISTENZA Maggiori informazioni Richiedi, senza impegno, tutto ci\u00f2 di cui hai bisogno.","og_url":"https:\/\/frattinyachting.it\/fr\/mappa-subagenti-vendite\/","og_site_name":"Frattin Yachting","article_publisher":"https:\/\/www.facebook.com\/frattin.yachting","og_image":[{"url":"https:\/\/frattinyachting.it\/wp-content\/uploads\/2023\/04\/FrattinYachting_Icona_Bianca-01-e1685376123147.png","type":"","width":"","height":""}],"twitter_card":"summary_large_image","schema":{"@context":"https:\/\/schema.org","@graph":[{"@type":"WebPage","@id":"https:\/\/frattinyachting.it\/fr\/mappa-subagenti-vendite\/","url":"https:\/\/frattinyachting.it\/fr\/mappa-subagenti-vendite\/","name":"Mappa Subagenti vendite - Frattin Yachting","isPartOf":{"@id":"https:\/\/frattinyachting.it\/fr\/#website"},"primaryImageOfPage":{"@id":"https:\/\/frattinyachting.it\/fr\/mappa-subagenti-vendite\/#primaryimage"},"image":{"@id":"https:\/\/frattinyachting.it\/fr\/mappa-subagenti-vendite\/#primaryimage"},"thumbnailUrl":"https:\/\/frattinyachting.it\/wp-content\/uploads\/2023\/04\/FrattinYachting_Icona_Bianca-01-e1685376123147.png","datePublished":"2024-04-22T15:53:08+00:00","breadcrumb":{"@id":"https:\/\/frattinyachting.it\/fr\/mappa-subagenti-vendite\/#breadcrumb"},"inLanguage":"fr-FR","potentialAction":[{"@type":"ReadAction","target":["https:\/\/frattinyachting.it\/fr\/mappa-subagenti-vendite\/"]}]},{"@type":"ImageObject","inLanguage":"fr-FR","@id":"https:\/\/frattinyachting.it\/fr\/mappa-subagenti-vendite\/#primaryimage","url":"https:\/\/frattinyachting.it\/wp-content\/uploads\/2023\/04\/FrattinYachting_Icona_Bianca-01-e1685376123147.png","contentUrl":"https:\/\/frattinyachting.it\/wp-content\/uploads\/2023\/04\/FrattinYachting_Icona_Bianca-01-e1685376123147.png"},{"@type":"BreadcrumbList","@id":"https:\/\/frattinyachting.it\/fr\/mappa-subagenti-vendite\/#breadcrumb","itemListElement":[{"@type":"ListItem","position":1,"name":"Home","item":"https:\/\/frattinyachting.it\/fr\/"},{"@type":"ListItem","position":2,"name":"Mappa Subagenti vendite"}]},{"@type":"WebSite","@id":"https:\/\/frattinyachting.it\/fr\/#website","url":"https:\/\/frattinyachting.it\/fr\/","name":"Frattin Yachting","description":"Dove i sogni prendono il largo","potentialAction":[{"@type":"SearchAction","target":{"@type":"EntryPoint","urlTemplate":"https:\/\/frattinyachting.it\/fr\/?s={search_term_string}"},"query-input":{"@type":"PropertyValueSpecification","valueRequired":true,"valueName":"search_term_string"}}],"inLanguage":"fr-FR"}]}},"_links":{"self":[{"href":"https:\/\/frattinyachting.it\/fr\/wp-json\/wp\/v2\/pages\/27429","targetHints":{"allow":["GET"]}}],"collection":[{"href":"https:\/\/frattinyachting.it\/fr\/wp-json\/wp\/v2\/pages"}],"about":[{"href":"https:\/\/frattinyachting.it\/fr\/wp-json\/wp\/v2\/types\/page"}],"author":[{"embeddable":true,"href":"https:\/\/frattinyachting.it\/fr\/wp-json\/wp\/v2\/users\/1"}],"replies":[{"embeddable":true,"href":"https:\/\/frattinyachting.it\/fr\/wp-json\/wp\/v2\/comments?post=27429"}],"version-history":[{"count":0,"href":"https:\/\/frattinyachting.it\/fr\/wp-json\/wp\/v2\/pages\/27429\/revisions"}],"wp:attachment":[{"href":"https:\/\/frattinyachting.it\/fr\/wp-json\/wp\/v2\/media?parent=27429"}],"curies":[{"name":"wp","href":"https:\/\/api.w.org\/{rel}","templated":true}]}}