{"id":28579,"date":"2025-06-16T15:45:30","date_gmt":"2025-06-16T15:45:30","guid":{"rendered":"https:\/\/frattinyachting.it\/riva-90-argo\/"},"modified":"2025-12-22T09:36:46","modified_gmt":"2025-12-22T09:36:46","slug":"riva-90-argo","status":"publish","type":"page","link":"https:\/\/frattinyachting.it\/tr\/riva-90-argo\/","title":{"rendered":"Riva 90&#8242; Argo"},"content":{"rendered":"\t\t<div data-elementor-type=\"wp-page\" data-elementor-id=\"28579\" class=\"elementor elementor-28579 elementor-28051\" data-elementor-post-type=\"page\">\n\t\t\t\t<div class=\"elementor-element elementor-element-a0a9020 e-con-full e-flex e-con e-parent\" data-id=\"a0a9020\" data-element_type=\"container\" data-e-type=\"container\" data-settings=\"{&quot;jet_parallax_layout_list&quot;:[],&quot;background_background&quot;:&quot;classic&quot;}\">\n\t\t\t\t<div class=\"elementor-element elementor-element-e7e2794 elementor-invisible elementor-widget elementor-widget-heading\" data-id=\"e7e2794\" data-element_type=\"widget\" data-e-type=\"widget\" id=\"yachting-name\" data-settings=\"{&quot;_animation&quot;:&quot;fadeInUp&quot;}\" data-widget_type=\"heading.default\">\n\t\t\t\t<div class=\"elementor-widget-container\">\n\t\t\t\t\t<h1 class=\"elementor-heading-title elementor-size-default\">RIVA 90' ARGO<\/h1>\t\t\t\t<\/div>\n\t\t\t\t<\/div>\n\t\t\t\t<div class=\"elementor-element elementor-element-1c01d59 animated-slow elementor-invisible elementor-widget elementor-widget-button\" data-id=\"1c01d59\" data-element_type=\"widget\" data-e-type=\"widget\" data-settings=\"{&quot;_animation&quot;:&quot;fadeInUp&quot;,&quot;_animation_delay&quot;:100}\" data-widget_type=\"button.default\">\n\t\t\t\t<div class=\"elementor-widget-container\">\n\t\t\t\t\t\t\t\t\t<div class=\"elementor-button-wrapper\">\n\t\t\t\t\t<a class=\"elementor-button elementor-button-link elementor-size-sm\" href=\"#form-contatto\">\n\t\t\t\t\t\t<span class=\"elementor-button-content-wrapper\">\n\t\t\t\t\t\t\t\t\t<span class=\"elementor-button-text\">Talep \u00fczerine fiyat<\/span>\n\t\t\t\t\t<\/span>\n\t\t\t\t\t<\/a>\n\t\t\t\t<\/div>\n\t\t\t\t\t\t\t\t<\/div>\n\t\t\t\t<\/div>\n\t\t\t\t<div class=\"elementor-element elementor-element-8f0aa0e elementor-widget__width-initial elementor-invisible elementor-widget elementor-widget-text-editor\" data-id=\"8f0aa0e\" data-element_type=\"widget\" data-e-type=\"widget\" data-settings=\"{&quot;_animation&quot;:&quot;fadeInUp&quot;,&quot;_animation_delay&quot;:200}\" data-widget_type=\"text-editor.default\">\n\t\t\t\t<div class=\"elementor-widget-container\">\n\t\t\t\t\t\t\t\t\t<p>\u0130talyan zarafeti ve performans\u0131n\u0131n simgesi olan Riva 90&#8242; Argo, nefes kesen g\u00fczelli\u011fi heyecan verici g\u00fc\u00e7le birle\u015ftiriyor. Bir spor yat\u0131n\u0131n cesur ruhunu bir s\u00fcper yat\u0131n ihti\u015fam\u0131yla ustaca harmanlayarak e\u015fsiz bir deneyim sunuyor. Her \u00e7izgisi denize h\u00fckmetmek i\u00e7in tasarlanm\u0131\u015fken, her i\u00e7 mekan saf zevk i\u00e7in tasarland\u0131. Bu yat sadece sahip olmak i\u00e7in de\u011fil, ya\u015famak i\u00e7in.   <\/p>\t\t\t\t\t\t\t\t<\/div>\n\t\t\t\t<\/div>\n\t\t\t\t<\/div>\n\t\t<div class=\"elementor-element elementor-element-1a3a9e6 e-con-full e-flex e-con e-parent\" data-id=\"1a3a9e6\" data-element_type=\"container\" data-e-type=\"container\" data-settings=\"{&quot;background_background&quot;:&quot;gradient&quot;,&quot;jet_parallax_layout_list&quot;:[]}\">\n\t\t<div class=\"elementor-element elementor-element-65d92b4 e-con-full e-flex e-con e-child\" data-id=\"65d92b4\" data-element_type=\"container\" data-e-type=\"container\" data-settings=\"{&quot;jet_parallax_layout_list&quot;:[]}\">\n\t\t\t\t<div class=\"elementor-element elementor-element-0e95f4b elementor-invisible elementor-widget elementor-widget-heading\" data-id=\"0e95f4b\" data-element_type=\"widget\" data-e-type=\"widget\" data-settings=\"{&quot;_animation&quot;:&quot;fadeInUp&quot;,&quot;_animation_delay&quot;:200}\" data-widget_type=\"heading.default\">\n\t\t\t\t<div class=\"elementor-widget-container\">\n\t\t\t\t\t<h2 class=\"elementor-heading-title elementor-size-default\">\u0130KON\u0130K TASARIM<\/h2>\t\t\t\t<\/div>\n\t\t\t\t<\/div>\n\t\t\t\t<div class=\"elementor-element elementor-element-6218e6e elementor-widget__width-initial elementor-invisible elementor-widget elementor-widget-text-editor\" data-id=\"6218e6e\" data-element_type=\"widget\" data-e-type=\"widget\" data-settings=\"{&quot;_animation&quot;:&quot;fadeInUp&quot;,&quot;_animation_delay&quot;:200}\" data-widget_type=\"text-editor.default\">\n\t\t\t\t<div class=\"elementor-widget-container\">\n\t\t\t\t\t\t\t\t\t<p>\u015e\u0131k, aerodinamik hatlar\u0131 ve g\u00f6rkemli cam kullan\u0131m\u0131yla, d\u00fcnyan\u0131n herhangi bir liman\u0131nda an\u0131nda tan\u0131nabilen, stilin bir ba\u015fyap\u0131t\u0131. Denizcilik d\u00fcnyas\u0131nda g\u00fczelli\u011fin ve prestijin m\u00fckemmel bir \u00f6rne\u011fi. <\/p>\t\t\t\t\t\t\t\t<\/div>\n\t\t\t\t<\/div>\n\t\t\t\t<\/div>\n\t\t<div class=\"elementor-element elementor-element-fdad210 e-con-full e-flex elementor-invisible e-con e-child\" data-id=\"fdad210\" data-element_type=\"container\" data-e-type=\"container\" data-settings=\"{&quot;background_background&quot;:&quot;classic&quot;,&quot;jet_parallax_layout_list&quot;:[],&quot;animation&quot;:&quot;fadeInRight&quot;,&quot;animation_delay&quot;:200}\">\n\t\t\t\t<\/div>\n\t\t\t\t<\/div>\n\t\t<div class=\"elementor-element elementor-element-6b6473f e-con-full e-flex e-con e-parent\" data-id=\"6b6473f\" data-element_type=\"container\" data-e-type=\"container\" data-settings=\"{&quot;background_background&quot;:&quot;gradient&quot;,&quot;jet_parallax_layout_list&quot;:[]}\">\n\t\t<div class=\"elementor-element elementor-element-f345390 e-con-full e-flex e-con e-child\" data-id=\"f345390\" data-element_type=\"container\" data-e-type=\"container\" data-settings=\"{&quot;jet_parallax_layout_list&quot;:[]}\">\n\t\t\t\t<div class=\"elementor-element elementor-element-66c1a3f elementor-invisible elementor-widget elementor-widget-heading\" data-id=\"66c1a3f\" data-element_type=\"widget\" data-e-type=\"widget\" data-settings=\"{&quot;_animation&quot;:&quot;fadeInUp&quot;,&quot;_animation_delay&quot;:350}\" data-widget_type=\"heading.default\">\n\t\t\t\t<div class=\"elementor-widget-container\">\n\t\t\t\t\t<h2 class=\"elementor-heading-title elementor-size-default\">SINIRSIZ PERFORMANS<\/h2>\t\t\t\t<\/div>\n\t\t\t\t<\/div>\n\t\t\t\t<div class=\"elementor-element elementor-element-28bf557 elementor-widget__width-initial elementor-invisible elementor-widget elementor-widget-text-editor\" data-id=\"28bf557\" data-element_type=\"widget\" data-e-type=\"widget\" data-settings=\"{&quot;_animation&quot;:&quot;fadeInUp&quot;,&quot;_animation_delay&quot;:200}\" data-widget_type=\"text-editor.default\">\n\t\t\t\t<div class=\"elementor-widget-container\">\n\t\t\t\t\t\t\t\t\t<p>Ger\u00e7ek heyecanlar sunmak \u00fczere tasarlanan bu tekne, nefes kesen bir h\u0131z ve \u015fa\u015f\u0131rt\u0131c\u0131 bir \u00e7eviklik garanti ediyor. Geli\u015fmi\u015f denge sistemleri, hem demirdeyken hem de y\u00fcksek h\u0131zda seyir s\u0131ras\u0131nda mutlak konfor sa\u011fl\u0131yor. <\/p>\t\t\t\t\t\t\t\t<\/div>\n\t\t\t\t<\/div>\n\t\t\t\t<\/div>\n\t\t<div class=\"elementor-element elementor-element-a34737d e-con-full e-flex elementor-invisible e-con e-child\" data-id=\"a34737d\" data-element_type=\"container\" data-e-type=\"container\" data-settings=\"{&quot;background_background&quot;:&quot;classic&quot;,&quot;jet_parallax_layout_list&quot;:[],&quot;animation&quot;:&quot;fadeInLeft&quot;,&quot;animation_delay&quot;:350}\">\n\t\t\t\t<\/div>\n\t\t\t\t<\/div>\n\t\t<div class=\"elementor-element elementor-element-fd39833 e-con-full e-flex e-con e-parent\" data-id=\"fd39833\" data-element_type=\"container\" data-e-type=\"container\" data-settings=\"{&quot;background_background&quot;:&quot;gradient&quot;,&quot;jet_parallax_layout_list&quot;:[]}\">\n\t\t<div class=\"elementor-element elementor-element-9b8a3d9 e-con-full e-flex e-con e-child\" data-id=\"9b8a3d9\" data-element_type=\"container\" data-e-type=\"container\" data-settings=\"{&quot;jet_parallax_layout_list&quot;:[]}\">\n\t\t\t\t<div class=\"elementor-element elementor-element-b62f5ba elementor-invisible elementor-widget elementor-widget-heading\" data-id=\"b62f5ba\" data-element_type=\"widget\" data-e-type=\"widget\" data-settings=\"{&quot;_animation&quot;:&quot;fadeInUp&quot;,&quot;_animation_delay&quot;:350}\" data-widget_type=\"heading.default\">\n\t\t\t\t<div class=\"elementor-widget-container\">\n\t\t\t\t\t<h2 class=\"elementor-heading-title elementor-size-default\">EFSANEY\u0130 YA\u015eA<\/h2>\t\t\t\t<\/div>\n\t\t\t\t<\/div>\n\t\t\t\t<div class=\"elementor-element elementor-element-6608a09 elementor-widget__width-initial elementor-invisible elementor-widget elementor-widget-text-editor\" data-id=\"6608a09\" data-element_type=\"widget\" data-e-type=\"widget\" data-settings=\"{&quot;_animation&quot;:&quot;fadeInUp&quot;,&quot;_animation_delay&quot;:200}\" data-widget_type=\"text-editor.default\">\n\t\t\t\t<div class=\"elementor-widget-container\">\n\t\t\t\t\t\t\t\t\t<p>Bir Riva sahibi olmak, <em>Dolce Vita<\/em> efsanesini ve zamans\u0131z cazibesini miras almak demektir. Tutku, stil ve deniz sevgisiyle tan\u0131mlanan se\u00e7kin bir d\u00fcnyaya a\u00e7\u0131lan kap\u0131d\u0131r. <\/p>\t\t\t\t\t\t\t\t<\/div>\n\t\t\t\t<\/div>\n\t\t\t\t<\/div>\n\t\t<div class=\"elementor-element elementor-element-d6ce8e0 e-con-full e-flex elementor-invisible e-con e-child\" data-id=\"d6ce8e0\" data-element_type=\"container\" data-e-type=\"container\" data-settings=\"{&quot;background_background&quot;:&quot;classic&quot;,&quot;jet_parallax_layout_list&quot;:[],&quot;animation&quot;:&quot;fadeInRight&quot;,&quot;animation_delay&quot;:350}\">\n\t\t\t\t<\/div>\n\t\t\t\t<\/div>\n\t\t<div class=\"elementor-element elementor-element-04d81bc e-flex e-con-boxed e-con e-parent\" data-id=\"04d81bc\" data-element_type=\"container\" data-e-type=\"container\" id=\"form-contatto\" data-settings=\"{&quot;background_background&quot;:&quot;classic&quot;,&quot;jet_parallax_layout_list&quot;:[]}\">\n\t\t\t\t\t<div class=\"e-con-inner\">\n\t\t\t\t<div class=\"elementor-element elementor-element-be956f1 elementor-hidden-mobile elementor-invisible elementor-widget elementor-widget-image\" data-id=\"be956f1\" data-element_type=\"widget\" data-e-type=\"widget\" data-settings=\"{&quot;_animation&quot;:&quot;fadeInLeft&quot;,&quot;_animation_delay&quot;:350}\" data-widget_type=\"image.default\">\n\t\t\t\t<div class=\"elementor-widget-container\">\n\t\t\t\t\t\t\t\t\t\t\t\t\t\t\t<img fetchpriority=\"high\" decoding=\"async\" width=\"800\" height=\"450\" src=\"https:\/\/frattinyachting.it\/wp-content\/uploads\/2025\/06\/53796-1024x576.jpg\" class=\"attachment-large size-large wp-image-28070\" alt=\"\" srcset=\"https:\/\/frattinyachting.it\/wp-content\/uploads\/2025\/06\/53796-1024x576.jpg 1024w, https:\/\/frattinyachting.it\/wp-content\/uploads\/2025\/06\/53796-300x169.jpg 300w, https:\/\/frattinyachting.it\/wp-content\/uploads\/2025\/06\/53796-768x432.jpg 768w, https:\/\/frattinyachting.it\/wp-content\/uploads\/2025\/06\/53796-1536x864.jpg 1536w, https:\/\/frattinyachting.it\/wp-content\/uploads\/2025\/06\/53796.jpg 2048w\" sizes=\"(max-width: 800px) 100vw, 800px\" \/>\t\t\t\t\t\t\t\t\t\t\t\t\t\t\t<\/div>\n\t\t\t\t<\/div>\n\t\t<div class=\"elementor-element elementor-element-de2f04d e-con-full e-flex elementor-invisible e-con e-child\" data-id=\"de2f04d\" data-element_type=\"container\" data-e-type=\"container\" data-settings=\"{&quot;jet_parallax_layout_list&quot;:[],&quot;animation&quot;:&quot;fadeInRight&quot;,&quot;animation_delay&quot;:350}\">\n\t\t\t\t<div class=\"elementor-element elementor-element-9f4aa7d elementor-widget elementor-widget-heading\" data-id=\"9f4aa7d\" data-element_type=\"widget\" data-e-type=\"widget\" data-widget_type=\"heading.default\">\n\t\t\t\t<div class=\"elementor-widget-container\">\n\t\t\t\t\t<h4 class=\"elementor-heading-title elementor-size-default\">B\u0130LG\u0130 TALEP ET<\/h4>\t\t\t\t<\/div>\n\t\t\t\t<\/div>\n\t\t\t\t<div class=\"elementor-element elementor-element-e2afe74 elementor-button-align-stretch elementor-widget elementor-widget-form\" data-id=\"e2afe74\" data-element_type=\"widget\" data-e-type=\"widget\" data-settings=\"{&quot;step_next_label&quot;:&quot;Sonraki&quot;,&quot;step_previous_label&quot;:&quot;\\u00d6ncesi&quot;,&quot;button_width&quot;:&quot;100&quot;,&quot;step_type&quot;:&quot;number_text&quot;,&quot;step_icon_shape&quot;:&quot;circle&quot;}\" data-widget_type=\"form.default\">\n\t\t\t\t<div class=\"elementor-widget-container\">\n\t\t\t\t\t\t\t<form class=\"elementor-form\" method=\"post\" id=\"form_richiesta_yachting\" name=\"Landing page Riva 90 Argo\" aria-label=\"Landing page Riva 90 Argo\">\n\t\t\t<input type=\"hidden\" name=\"post_id\" value=\"28579\"\/>\n\t\t\t<input type=\"hidden\" name=\"form_id\" value=\"e2afe74\"\/>\n\t\t\t<input type=\"hidden\" name=\"referer_title\" value=\"Frattin Yachting\" \/>\n\n\t\t\t\n\t\t\t<div class=\"elementor-form-fields-wrapper elementor-labels-\">\n\t\t\t\t\t\t\t\t<div class=\"elementor-field-type-text elementor-field-group elementor-column elementor-field-group-nome elementor-col-50 elementor-field-required\">\n\t\t\t\t\t\t\t\t\t\t\t\t<label for=\"form-field-nome\" class=\"elementor-field-label elementor-screen-only\">\n\t\t\t\t\t\t\t\t\u0130sim\t\t\t\t\t\t\t<\/label>\n\t\t\t\t\t\t\t\t\t\t\t\t\t\t<input size=\"1\" type=\"text\" name=\"form_fields[nome]\" id=\"form-field-nome\" class=\"elementor-field elementor-size-sm  elementor-field-textual\" placeholder=\"\u0130sim\" required=\"required\">\n\t\t\t\t\t\t\t\t\t\t\t<\/div>\n\t\t\t\t\t\t\t\t<div class=\"elementor-field-type-text elementor-field-group elementor-column elementor-field-group-cognome elementor-col-50 elementor-field-required\">\n\t\t\t\t\t\t\t\t\t\t\t\t<label for=\"form-field-cognome\" class=\"elementor-field-label elementor-screen-only\">\n\t\t\t\t\t\t\t\tSoyad\u0131\t\t\t\t\t\t\t<\/label>\n\t\t\t\t\t\t\t\t\t\t\t\t\t\t<input size=\"1\" type=\"text\" name=\"form_fields[cognome]\" id=\"form-field-cognome\" class=\"elementor-field elementor-size-sm  elementor-field-textual\" placeholder=\"Soyad\u0131\" required=\"required\">\n\t\t\t\t\t\t\t\t\t\t\t<\/div>\n\t\t\t\t\t\t\t\t<div class=\"elementor-field-type-email elementor-field-group elementor-column elementor-field-group-email elementor-col-50 elementor-field-required\">\n\t\t\t\t\t\t\t\t\t\t\t\t<label for=\"form-field-email\" class=\"elementor-field-label elementor-screen-only\">\n\t\t\t\t\t\t\t\tE-posta\t\t\t\t\t\t\t<\/label>\n\t\t\t\t\t\t\t\t\t\t\t\t\t\t<input size=\"1\" type=\"email\" name=\"form_fields[email]\" id=\"form-field-email\" class=\"elementor-field elementor-size-sm  elementor-field-textual\" placeholder=\"E-posta\" required=\"required\">\n\t\t\t\t\t\t\t\t\t\t\t<\/div>\n\t\t\t\t\t\t\t\t<div class=\"elementor-field-type-tel elementor-field-group elementor-column elementor-field-group-telefono elementor-col-50 elementor-field-required\">\n\t\t\t\t\t\t\t\t\t\t\t\t<label for=\"form-field-telefono\" class=\"elementor-field-label elementor-screen-only\">\n\t\t\t\t\t\t\t\tTelefon\t\t\t\t\t\t\t<\/label>\n\t\t\t\t\t\t\t\t<input size=\"1\" type=\"tel\" name=\"form_fields[telefono]\" id=\"form-field-telefono\" class=\"elementor-field elementor-size-sm  elementor-field-textual\" placeholder=\"Telefon\" required=\"required\" pattern=\"[0-9()#&amp;+*-=.]+\" title=\"Only numbers and phone characters (#, -, *, etc) are accepted.\">\n\n\t\t\t\t\t\t<\/div>\n\t\t\t\t\t\t\t\t<div class=\"elementor-field-type-textarea elementor-field-group elementor-column elementor-field-group-message elementor-col-100\">\n\t\t\t\t\t\t\t\t\t\t\t\t<label for=\"form-field-message\" class=\"elementor-field-label elementor-screen-only\">\n\t\t\t\t\t\t\t\tMesaj\t\t\t\t\t\t\t<\/label>\n\t\t\t\t\t\t<textarea class=\"elementor-field-textual elementor-field  elementor-size-sm\" name=\"form_fields[message]\" id=\"form-field-message\" rows=\"\" placeholder=\"Mesaj\"><\/textarea>\t\t\t\t<\/div>\n\t\t\t\t\t\t\t\t<div class=\"elementor-field-type-hidden elementor-field-group elementor-column elementor-field-group-utm elementor-col-100\">\n\t\t\t\t\t\t\t\t\t\t\t\t\t<input size=\"1\" type=\"hidden\" name=\"form_fields[utm]\" id=\"form-field-utm\" class=\"elementor-field elementor-size-sm  elementor-field-textual\" value=\"Riva 90\">\n\t\t\t\t\t\t\t\t\t\t\t<\/div>\n\t\t\t\t\t\t\t\t<div class=\"elementor-field-group elementor-column elementor-field-type-submit elementor-col-100 e-form__buttons\">\n\t\t\t\t\t<button class=\"elementor-button elementor-size-sm\" type=\"submit\">\n\t\t\t\t\t\t<span class=\"elementor-button-content-wrapper\">\n\t\t\t\t\t\t\t\t\t\t\t\t\t\t\t\t\t\t\t\t\t\t<span class=\"elementor-button-text\">G\u00f6ndermek<\/span>\n\t\t\t\t\t\t\t\t\t\t\t\t\t<\/span>\n\t\t\t\t\t<\/button>\n\t\t\t\t<\/div>\n\t\t\t<\/div>\n\t\t<\/form>\n\t\t\t\t\t\t<\/div>\n\t\t\t\t<\/div>\n\t\t\t\t<\/div>\n\t\t\t\t\t<\/div>\n\t\t\t\t<\/div>\n\t\t\t\t<\/div>\n\t\t","protected":false},"excerpt":{"rendered":"<p>RIVA 90&#8242; ARGO Talep \u00fczerine fiyat \u0130talyan zarafeti ve performans\u0131n\u0131n simgesi olan Riva 90&#8242; Argo, nefes kesen g\u00fczelli\u011fi heyecan verici g\u00fc\u00e7le birle\u015ftiriyor. Bir spor yat\u0131n\u0131n cesur ruhunu bir s\u00fcper yat\u0131n ihti\u015fam\u0131yla ustaca harmanlayarak e\u015fsiz bir deneyim sunuyor. Her \u00e7izgisi denize h\u00fckmetmek i\u00e7in tasarlanm\u0131\u015fken, her i\u00e7 mekan saf zevk i\u00e7in tasarland\u0131. Bu yat sadece sahip olmak [&hellip;]<\/p>\n","protected":false},"author":1,"featured_media":0,"parent":0,"menu_order":0,"comment_status":"closed","ping_status":"closed","template":"","meta":{"footnotes":""},"class_list":["post-28579","page","type-page","status-publish","hentry"],"yoast_head":"<!-- This site is optimized with the Yoast SEO plugin v27.3 - https:\/\/yoast.com\/product\/yoast-seo-wordpress\/ -->\n<title>Riva 90&#039; Argo - Frattin Yachting<\/title>\n<meta name=\"robots\" content=\"index, follow, max-snippet:-1, max-image-preview:large, max-video-preview:-1\" \/>\n<link rel=\"canonical\" href=\"https:\/\/frattinyachting.it\/tr\/riva-90-argo\/\" \/>\n<meta property=\"og:locale\" content=\"tr_TR\" \/>\n<meta property=\"og:type\" content=\"article\" \/>\n<meta property=\"og:title\" content=\"Riva 90&#039; Argo - Frattin Yachting\" \/>\n<meta property=\"og:description\" content=\"RIVA 90&#8242; ARGO Talep \u00fczerine fiyat \u0130talyan zarafeti ve performans\u0131n\u0131n simgesi olan Riva 90&#8242; Argo, nefes kesen g\u00fczelli\u011fi heyecan verici g\u00fc\u00e7le birle\u015ftiriyor. Bir spor yat\u0131n\u0131n cesur ruhunu bir s\u00fcper yat\u0131n ihti\u015fam\u0131yla ustaca harmanlayarak e\u015fsiz bir deneyim sunuyor. Her \u00e7izgisi denize h\u00fckmetmek i\u00e7in tasarlanm\u0131\u015fken, her i\u00e7 mekan saf zevk i\u00e7in tasarland\u0131. Bu yat sadece sahip olmak [&hellip;]\" \/>\n<meta property=\"og:url\" content=\"https:\/\/frattinyachting.it\/tr\/riva-90-argo\/\" \/>\n<meta property=\"og:site_name\" content=\"Frattin Yachting\" \/>\n<meta property=\"article:publisher\" content=\"https:\/\/www.facebook.com\/frattin.yachting\" \/>\n<meta property=\"article:modified_time\" content=\"2025-12-22T09:36:46+00:00\" \/>\n<meta property=\"og:image\" content=\"https:\/\/frattinyachting.it\/wp-content\/uploads\/2025\/06\/53796-1024x576.jpg\" \/>\n<meta name=\"twitter:card\" content=\"summary_large_image\" \/>\n<meta name=\"twitter:label1\" content=\"Tahmini okuma s\u00fcresi\" \/>\n\t<meta name=\"twitter:data1\" content=\"1 dakika\" \/>\n<script type=\"application\/ld+json\" class=\"yoast-schema-graph\">{\"@context\":\"https:\\\/\\\/schema.org\",\"@graph\":[{\"@type\":\"WebPage\",\"@id\":\"https:\\\/\\\/frattinyachting.it\\\/tr\\\/riva-90-argo\\\/\",\"url\":\"https:\\\/\\\/frattinyachting.it\\\/tr\\\/riva-90-argo\\\/\",\"name\":\"Riva 90' Argo - Frattin Yachting\",\"isPartOf\":{\"@id\":\"https:\\\/\\\/frattinyachting.it\\\/tr\\\/#website\"},\"primaryImageOfPage\":{\"@id\":\"https:\\\/\\\/frattinyachting.it\\\/tr\\\/riva-90-argo\\\/#primaryimage\"},\"image\":{\"@id\":\"https:\\\/\\\/frattinyachting.it\\\/tr\\\/riva-90-argo\\\/#primaryimage\"},\"thumbnailUrl\":\"https:\\\/\\\/frattinyachting.it\\\/wp-content\\\/uploads\\\/2025\\\/06\\\/53796-1024x576.jpg\",\"datePublished\":\"2025-06-16T15:45:30+00:00\",\"dateModified\":\"2025-12-22T09:36:46+00:00\",\"breadcrumb\":{\"@id\":\"https:\\\/\\\/frattinyachting.it\\\/tr\\\/riva-90-argo\\\/#breadcrumb\"},\"inLanguage\":\"tr\",\"potentialAction\":[{\"@type\":\"ReadAction\",\"target\":[\"https:\\\/\\\/frattinyachting.it\\\/tr\\\/riva-90-argo\\\/\"]}]},{\"@type\":\"ImageObject\",\"inLanguage\":\"tr\",\"@id\":\"https:\\\/\\\/frattinyachting.it\\\/tr\\\/riva-90-argo\\\/#primaryimage\",\"url\":\"https:\\\/\\\/frattinyachting.it\\\/wp-content\\\/uploads\\\/2025\\\/06\\\/53796-1024x576.jpg\",\"contentUrl\":\"https:\\\/\\\/frattinyachting.it\\\/wp-content\\\/uploads\\\/2025\\\/06\\\/53796-1024x576.jpg\"},{\"@type\":\"BreadcrumbList\",\"@id\":\"https:\\\/\\\/frattinyachting.it\\\/tr\\\/riva-90-argo\\\/#breadcrumb\",\"itemListElement\":[{\"@type\":\"ListItem\",\"position\":1,\"name\":\"Home\",\"item\":\"https:\\\/\\\/frattinyachting.it\\\/tr\\\/\"},{\"@type\":\"ListItem\",\"position\":2,\"name\":\"Riva 90&#8242; Argo\"}]},{\"@type\":\"WebSite\",\"@id\":\"https:\\\/\\\/frattinyachting.it\\\/tr\\\/#website\",\"url\":\"https:\\\/\\\/frattinyachting.it\\\/tr\\\/\",\"name\":\"Frattin Yachting\",\"description\":\"Dove i sogni prendono il largo\",\"potentialAction\":[{\"@type\":\"SearchAction\",\"target\":{\"@type\":\"EntryPoint\",\"urlTemplate\":\"https:\\\/\\\/frattinyachting.it\\\/tr\\\/?s={search_term_string}\"},\"query-input\":{\"@type\":\"PropertyValueSpecification\",\"valueRequired\":true,\"valueName\":\"search_term_string\"}}],\"inLanguage\":\"tr\"}]}<\/script>\n<!-- \/ Yoast SEO plugin. -->","yoast_head_json":{"title":"Riva 90' Argo - Frattin Yachting","robots":{"index":"index","follow":"follow","max-snippet":"max-snippet:-1","max-image-preview":"max-image-preview:large","max-video-preview":"max-video-preview:-1"},"canonical":"https:\/\/frattinyachting.it\/tr\/riva-90-argo\/","og_locale":"tr_TR","og_type":"article","og_title":"Riva 90' Argo - Frattin Yachting","og_description":"RIVA 90&#8242; ARGO Talep \u00fczerine fiyat \u0130talyan zarafeti ve performans\u0131n\u0131n simgesi olan Riva 90&#8242; Argo, nefes kesen g\u00fczelli\u011fi heyecan verici g\u00fc\u00e7le birle\u015ftiriyor. Bir spor yat\u0131n\u0131n cesur ruhunu bir s\u00fcper yat\u0131n ihti\u015fam\u0131yla ustaca harmanlayarak e\u015fsiz bir deneyim sunuyor. Her \u00e7izgisi denize h\u00fckmetmek i\u00e7in tasarlanm\u0131\u015fken, her i\u00e7 mekan saf zevk i\u00e7in tasarland\u0131. Bu yat sadece sahip olmak [&hellip;]","og_url":"https:\/\/frattinyachting.it\/tr\/riva-90-argo\/","og_site_name":"Frattin Yachting","article_publisher":"https:\/\/www.facebook.com\/frattin.yachting","article_modified_time":"2025-12-22T09:36:46+00:00","og_image":[{"url":"https:\/\/frattinyachting.it\/wp-content\/uploads\/2025\/06\/53796-1024x576.jpg","type":"","width":"","height":""}],"twitter_card":"summary_large_image","twitter_misc":{"Tahmini okuma s\u00fcresi":"1 dakika"},"schema":{"@context":"https:\/\/schema.org","@graph":[{"@type":"WebPage","@id":"https:\/\/frattinyachting.it\/tr\/riva-90-argo\/","url":"https:\/\/frattinyachting.it\/tr\/riva-90-argo\/","name":"Riva 90' Argo - Frattin Yachting","isPartOf":{"@id":"https:\/\/frattinyachting.it\/tr\/#website"},"primaryImageOfPage":{"@id":"https:\/\/frattinyachting.it\/tr\/riva-90-argo\/#primaryimage"},"image":{"@id":"https:\/\/frattinyachting.it\/tr\/riva-90-argo\/#primaryimage"},"thumbnailUrl":"https:\/\/frattinyachting.it\/wp-content\/uploads\/2025\/06\/53796-1024x576.jpg","datePublished":"2025-06-16T15:45:30+00:00","dateModified":"2025-12-22T09:36:46+00:00","breadcrumb":{"@id":"https:\/\/frattinyachting.it\/tr\/riva-90-argo\/#breadcrumb"},"inLanguage":"tr","potentialAction":[{"@type":"ReadAction","target":["https:\/\/frattinyachting.it\/tr\/riva-90-argo\/"]}]},{"@type":"ImageObject","inLanguage":"tr","@id":"https:\/\/frattinyachting.it\/tr\/riva-90-argo\/#primaryimage","url":"https:\/\/frattinyachting.it\/wp-content\/uploads\/2025\/06\/53796-1024x576.jpg","contentUrl":"https:\/\/frattinyachting.it\/wp-content\/uploads\/2025\/06\/53796-1024x576.jpg"},{"@type":"BreadcrumbList","@id":"https:\/\/frattinyachting.it\/tr\/riva-90-argo\/#breadcrumb","itemListElement":[{"@type":"ListItem","position":1,"name":"Home","item":"https:\/\/frattinyachting.it\/tr\/"},{"@type":"ListItem","position":2,"name":"Riva 90&#8242; Argo"}]},{"@type":"WebSite","@id":"https:\/\/frattinyachting.it\/tr\/#website","url":"https:\/\/frattinyachting.it\/tr\/","name":"Frattin Yachting","description":"Dove i sogni prendono il largo","potentialAction":[{"@type":"SearchAction","target":{"@type":"EntryPoint","urlTemplate":"https:\/\/frattinyachting.it\/tr\/?s={search_term_string}"},"query-input":{"@type":"PropertyValueSpecification","valueRequired":true,"valueName":"search_term_string"}}],"inLanguage":"tr"}]}},"_links":{"self":[{"href":"https:\/\/frattinyachting.it\/tr\/wp-json\/wp\/v2\/pages\/28579","targetHints":{"allow":["GET"]}}],"collection":[{"href":"https:\/\/frattinyachting.it\/tr\/wp-json\/wp\/v2\/pages"}],"about":[{"href":"https:\/\/frattinyachting.it\/tr\/wp-json\/wp\/v2\/types\/page"}],"author":[{"embeddable":true,"href":"https:\/\/frattinyachting.it\/tr\/wp-json\/wp\/v2\/users\/1"}],"replies":[{"embeddable":true,"href":"https:\/\/frattinyachting.it\/tr\/wp-json\/wp\/v2\/comments?post=28579"}],"version-history":[{"count":1,"href":"https:\/\/frattinyachting.it\/tr\/wp-json\/wp\/v2\/pages\/28579\/revisions"}],"predecessor-version":[{"id":28580,"href":"https:\/\/frattinyachting.it\/tr\/wp-json\/wp\/v2\/pages\/28579\/revisions\/28580"}],"wp:attachment":[{"href":"https:\/\/frattinyachting.it\/tr\/wp-json\/wp\/v2\/media?parent=28579"}],"curies":[{"name":"wp","href":"https:\/\/api.w.org\/{rel}","templated":true}]}}